{"id":2504,"date":"2024-01-15T16:49:35","date_gmt":"2024-01-15T08:49:35","guid":{"rendered":"https:\/\/skbty.com\/?post_type=product&#038;p=2504"},"modified":"2024-06-19T17:32:24","modified_gmt":"2024-06-19T09:32:24","slug":"maquina-de-depilacao-a-laser-2-em-1-810nm","status":"publish","type":"product","link":"https:\/\/skbty.com\/pt\/product\/maquina-de-depilacao-a-laser-2-em-1-810nm\/","title":{"rendered":"M\u00e1quina de depila\u00e7\u00e3o a laser 2 em 1 810nm"},"content":{"rendered":"<div class=\"J_module\">\n<div class=\"icbu-pc-images magic-1\">\n<div class=\"flex-layout-v\">\n<div class=\"flex-layout-h magic-1\">\n<div>\n<h3>O que \u00e9 o <strong>M\u00e1quina de depila\u00e7\u00e3o a laser de 810 nm?<\/strong><\/h3>\n<p><strong>M\u00e1quina de remo\u00e7\u00e3o de pelos a laser de 810 nm<\/strong>\u00a0oferecem solu\u00e7\u00f5es avan\u00e7adas para remo\u00e7\u00e3o eficaz de pelos e rejuvenescimento da pele. Usando a teoria da fotopir\u00f3lise seletiva, essa tecnologia garante tratamentos seguros e eficientes, visando os fol\u00edculos capilares sem danificar a epiderme.<\/p>\n<table style=\"border-collapse: collapse; width: 100%;\">\n<tbody>\n<tr>\n<td style=\"width: 50%;\"><img loading=\"lazy\" decoding=\"async\" class=\"magic-3 aligncenter\" title=\"M\u00e1quina de depila\u00e7\u00e3o a laser de diodo de 810 nm\" src=\"https:\/\/sc04.alicdn.com\/kf\/H84af7914dc6f400c9e31c9f9e3cfdfbeX\/247315878\/H84af7914dc6f400c9e31c9f9e3cfdfbeX.png\" alt=\"M\u00e1quina de depila\u00e7\u00e3o a laser de diodo de 810 nm\" width=\"376\" height=\"539\" data-src=\"\/\/sc04.alicdn.com\/kf\/H84af7914dc6f400c9e31c9f9e3cfdfbeX\/247315878\/H84af7914dc6f400c9e31c9f9e3cfdfbeX.png\" \/><\/td>\n<td style=\"width: 50%;\"><img loading=\"lazy\" decoding=\"async\" class=\"magic-25 aligncenter\" title=\"M\u00e1quina de depila\u00e7\u00e3o a laser de diodo de 810 nm\" src=\"https:\/\/sc04.alicdn.com\/kf\/H0ea90e565ae14079866dc13b59005e1bX\/247315878\/H0ea90e565ae14079866dc13b59005e1bX.png\" alt=\"M\u00e1quina de depila\u00e7\u00e3o a laser de diodo de 810 nm\" width=\"355\" height=\"544\" data-src=\"\/\/sc04.alicdn.com\/kf\/H0ea90e565ae14079866dc13b59005e1bX\/247315878\/H0ea90e565ae14079866dc13b59005e1bX.png\" \/><\/td>\n<\/tr>\n<\/tbody>\n<\/table>\n<h3>Especifica\u00e7\u00f5es<\/h3>\n<h4>M\u00e1quina de remo\u00e7\u00e3o de pelos a laser de 810 nm<\/h4>\n<ul>\n<li><strong>Pot\u00eancia de entrada<\/strong>: 600 W ~ 1000 W<\/li>\n<li><strong>Pot\u00eancia de sa\u00edda<\/strong>: 600 W ~ 1200 W<\/li>\n<li><strong>Freq\u00fc\u00eancia<\/strong>: 1-10Hz<\/li>\n<li><strong>Sistema de refrigera\u00e7\u00e3o<\/strong>: Refrigerado a ar + refrigerado a \u00e1gua + semicondutor<\/li>\n<li><strong>\u00c1rea de cobertura<\/strong>: 12*25mm<\/li>\n<li><strong>Largura de pulso<\/strong>: 30-400 ms<\/li>\n<li><strong>Densidade de energia<\/strong>: 10~180J\/cm\u00b2<\/li>\n<li><strong>Peso total<\/strong>: 60KG<\/li>\n<li><strong>Tamanho da embalagem<\/strong>: 60 cm<em>60cm<\/em>130 cm<\/li>\n<\/ul>\n<h4>Laser<\/h4>\n<ul>\n<li><strong>Pot\u00eancia de entrada<\/strong>: 450 W~<\/li>\n<li><strong>Pot\u00eancia de sa\u00edda<\/strong>: 450 W~<\/li>\n<li><strong>Freq\u00fc\u00eancia<\/strong>: 1-10Hz<\/li>\n<li><strong>Sistema de refrigera\u00e7\u00e3o<\/strong>: Refrigerado a ar + refrigerado a \u00e1gua + semicondutor<\/li>\n<li><strong>\u00c1rea de cobertura<\/strong>: 1~10mm<\/li>\n<li><strong>Densidade de energia<\/strong>: 1~10J\/cm\u00b2<\/li>\n<\/ul>\n<table style=\"border-collapse: collapse; width: 100%;\">\n<tbody>\n<tr>\n<td style=\"width: 50%;\"><img loading=\"lazy\" decoding=\"async\" class=\"magic-27 aligncenter\" title=\"M\u00e1quina de depila\u00e7\u00e3o a laser de diodo de 810 nm\" src=\"https:\/\/sc04.alicdn.com\/kf\/Ha1a6b3debfda4f288a1f2d7eadff1a6fk\/247315878\/Ha1a6b3debfda4f288a1f2d7eadff1a6fk.png\" alt=\"M\u00e1quina de depila\u00e7\u00e3o a laser de diodo de 810 nm\" width=\"443\" height=\"305\" data-src=\"\/\/sc04.alicdn.com\/kf\/Ha1a6b3debfda4f288a1f2d7eadff1a6fk\/247315878\/Ha1a6b3debfda4f288a1f2d7eadff1a6fk.png\" \/><\/td>\n<td style=\"width: 50%;\"><img loading=\"lazy\" decoding=\"async\" class=\"magic-29 aligncenter\" title=\"M\u00e1quina de depila\u00e7\u00e3o a laser de diodo de 810 nm\" src=\"https:\/\/sc04.alicdn.com\/kf\/H781ed3836a98417eab2d78d647d2edaaf\/247315878\/H781ed3836a98417eab2d78d647d2edaaf.png\" alt=\"M\u00e1quina de depila\u00e7\u00e3o a laser de diodo de 810 nm\" width=\"495\" height=\"303\" data-src=\"\/\/sc04.alicdn.com\/kf\/H781ed3836a98417eab2d78d647d2edaaf\/247315878\/H781ed3836a98417eab2d78d647d2edaaf.png\" \/><\/td>\n<\/tr>\n<\/tbody>\n<\/table>\n<h3><img loading=\"lazy\" decoding=\"async\" class=\"magic-18 aligncenter\" title=\"M\u00e1quina de depila\u00e7\u00e3o a laser de diodo de 810 nm\" src=\"https:\/\/sc04.alicdn.com\/kf\/H67108350b9924046a5b06043f9fc9d32b\/247315878\/H67108350b9924046a5b06043f9fc9d32b.png\" alt=\"M\u00e1quina de depila\u00e7\u00e3o a laser de diodo de 810 nm\" width=\"438\" height=\"342\" data-src=\"\/\/sc04.alicdn.com\/kf\/H67108350b9924046a5b06043f9fc9d32b\/247315878\/H67108350b9924046a5b06043f9fc9d32b.png\" \/><\/h3>\n<h3>Princ\u00edpio de funcionamento<\/h3>\n<p>O princ\u00edpio b\u00e1sico de <strong>Depila\u00e7\u00e3o a laser semicondutor<\/strong> \u00e9 baseado na teoria da fotopir\u00f3lise seletiva. Utilizando comprimentos de onda multibanda de 810 nm a 1064 nm, este m\u00e9todo oferece ampla cobertura e \u00e9 facilmente absorvido pelos fol\u00edculos capilares sem danificar a epiderme. A energia luminosa emitida \u00e9 absorvida pela pigmenta\u00e7\u00e3o do fol\u00edculo capilar e convertida em calor, aumentando a temperatura dos fol\u00edculos capilares. Uma vez que a temperatura atinge um certo n\u00edvel, ela causa danos irrevers\u00edveis aos fol\u00edculos. Com o tempo, os fol\u00edculos capilares danificados s\u00e3o excretados pelo metabolismo corporal, alcan\u00e7ando a remo\u00e7\u00e3o permanente dos pelos ap\u00f3s 4-5 tratamentos, ao mesmo tempo em que rejuvenesce a pele.<\/p>\n<p>O princ\u00edpio de funcionamento do <strong>Al\u00e7a Laser<\/strong> envolve concentrar e focar a energia do laser. Cada fonte de luz laser fornece um efeito de onda de choque eficiente 10% no tecido da pele, esmagando os melan\u00f3citos na camada da epiderme e conduzindo a onda de choque para a camada profunda da derme. Este processo inicia o reparo dos fatores de crescimento, promove a renova\u00e7\u00e3o e prolifera\u00e7\u00e3o das fibras de col\u00e1geno e elastina, acelera o metabolismo da pele e aumenta a excre\u00e7\u00e3o de melanina, abordando efetivamente os problemas de pigmenta\u00e7\u00e3o profunda.<\/p>\n<table style=\"border-collapse: collapse; width: 100%;\">\n<tbody>\n<tr>\n<td style=\"width: 50%;\"><img loading=\"lazy\" decoding=\"async\" class=\"magic-21 aligncenter\" title=\"M\u00e1quina de depila\u00e7\u00e3o a laser de diodo de 810 nm\" src=\"https:\/\/sc04.alicdn.com\/kf\/Hb309ed3e12d2411db542f5dbabc16363n\/247315878\/Hb309ed3e12d2411db542f5dbabc16363n.png\" alt=\"M\u00e1quina de depila\u00e7\u00e3o a laser de diodo de 810 nm\" width=\"535\" height=\"364\" data-src=\"\/\/sc04.alicdn.com\/kf\/Hb309ed3e12d2411db542f5dbabc16363n\/247315878\/Hb309ed3e12d2411db542f5dbabc16363n.png\" \/><\/td>\n<td style=\"width: 50%;\"><img loading=\"lazy\" decoding=\"async\" class=\"magic-23 aligncenter\" title=\"M\u00e1quina de depila\u00e7\u00e3o a laser de diodo de 810 nm\" src=\"https:\/\/sc04.alicdn.com\/kf\/H9f6c9cae2fca4e69999ae872c8ce7d29e\/247315878\/H9f6c9cae2fca4e69999ae872c8ce7d29e.png\" alt=\"M\u00e1quina de depila\u00e7\u00e3o a laser de diodo de 810 nm\" width=\"463\" height=\"435\" data-src=\"\/\/sc04.alicdn.com\/kf\/H9f6c9cae2fca4e69999ae872c8ce7d29e\/247315878\/H9f6c9cae2fca4e69999ae872c8ce7d29e.png\" \/><\/td>\n<\/tr>\n<\/tbody>\n<\/table>\n<h3>Vantagens<\/h3>\n<ol>\n<li><strong>Fotopir\u00f3lise seletiva<\/strong>: Atua nos fol\u00edculos capilares sem danificar a epiderme.<\/li>\n<li><strong>Ampla cobertura de comprimento de onda<\/strong>: 810 nm a 1064 nm multibanda para tratamentos eficazes.<\/li>\n<li><strong>Remo\u00e7\u00e3o de pelos eficiente<\/strong>: Alcan\u00e7a a remo\u00e7\u00e3o permanente dos pelos com 4-5 tratamentos.<\/li>\n<li><strong>Rejuvenescimento da pele<\/strong>: Rejuvenesce a pele simultaneamente durante a depila\u00e7\u00e3o.<\/li>\n<li><strong>Sistema de resfriamento avan\u00e7ado<\/strong>: Combina resfriamento por ar, \u00e1gua e semicondutor para desempenho ideal.<\/li>\n<li><strong>Alta densidade energ\u00e9tica<\/strong>: Oferece tratamentos poderosos e eficazes.<\/li>\n<\/ol>\n<h3>Benef\u00edcios<\/h3>\n<ul>\n<li><strong>Depila\u00e7\u00e3o Permanente<\/strong>: Remove eficazmente os pelos e previne o seu crescimento.<\/li>\n<li><strong>Rejuvenescimento da pele<\/strong>: Melhora a textura e a apar\u00eancia da pele.<\/li>\n<li><strong>Seguro e n\u00e3o invasivo<\/strong>: Minimiza os danos \u00e0 pele ao redor.<\/li>\n<li><strong>Tratamentos r\u00e1pidos<\/strong>: Cobre com efici\u00eancia grandes \u00e1reas de tratamento.<\/li>\n<li><strong>Conforto aprimorado<\/strong>: Sistema de resfriamento avan\u00e7ado garante uma experi\u00eancia confort\u00e1vel.<\/li>\n<\/ul>\n<h3><strong>Personalizar O Logotipo<\/strong><\/h3>\n<p>Quer fazer sua marca se destacam? N\u00f3s oferecemos o logotipo personalizado servi\u00e7os para ajudar voc\u00ea a criar uma \u00fanica e personalizada logo que reflete a identidade de sua marca. Nossa equipe de especialistas ir\u00e1 trabalhar em estreita colabora\u00e7\u00e3o com voc\u00ea para criar um logotipo que est\u00e1 em conson\u00e2ncia com os valores da sua marca e de mensagens. Se voc\u00ea estiver olhando para renovar o seu logotipo existente ou criar um novo a partir do zero, n\u00f3s temos que cobertas. <a href=\"\/pt\/contato\/\">Contacte-nos<\/a> hoje para saber mais sobre o nosso logotipo personalizado servi\u00e7os!<\/p>\n<\/div>\n<div><\/div>\n<\/div>\n<\/div>\n<\/div>\n<\/div>","protected":false},"excerpt":{"rendered":"<div class=\"J_module\">\n<div class=\"detail-decorate-json-renderer-container\">\n<div class=\"magic-4\">\n<div class=\"magic-6\">\n<div class=\"magic-7\">\n<div class=\"magic-8\"><span class=\"magic-12\" style=\"font-family: Arial;\"><b>O princ\u00edpio b\u00e1sico da depila\u00e7\u00e3o a laser semicondutor<\/b> \u00e9 a teoria da fotopir\u00f3lise seletiva, 810 nm ~ 1064 nm multibanda, ampla cobertura, f\u00e1cil de absorver sem danificar os fol\u00edculos capilares da cor epid\u00e9rmica.<br \/>\n<\/span><\/div>\n<\/div>\n<\/div>\n<\/div>\n<\/div>\n<\/div>\n<div class=\"J_module\">\n<div class=\"detail-decorate-json-renderer-container\">\n<div class=\"magic-4\">\n<div class=\"magic-6\">\n<div class=\"magic-7\">\n<div class=\"magic-8\"><span class=\"magic-12\" style=\"font-family: Arial;\"><b>O princ\u00edpio de funcionamento do cabo laser<\/b> \u00e9 concentrar e focar a energia do laser, cada fonte de luz laser fornece 10% do efeito de onda de choque eficiente do tecido da pele, esmaga os melan\u00f3citos da camada da epiderme e conduz a onda de choque para a camada profunda da derme.<\/span><\/div>\n<\/div>\n<\/div>\n<\/div>\n<\/div>\n<\/div>","protected":false},"featured_media":2505,"comment_status":"open","ping_status":"closed","template":"","meta":{"_kad_post_transparent":"default","_kad_post_title":"","_kad_post_layout":"default","_kad_post_sidebar_id":"","_kad_post_content_style":"default","_kad_post_vertical_padding":"default","_kad_post_feature":"","_kad_post_feature_position":"","_kad_post_header":false,"_kad_post_footer":false,"_kad_post_classname":"","rank_math_title":"","rank_math_description":"","rank_math_focus_keyword":""},"product_brand":[],"product_cat":[66],"product_tag":[],"class_list":{"0":"post-2504","1":"product","2":"type-product","3":"status-publish","4":"has-post-thumbnail","6":"product_cat-2-in-1-808nmpico","8":"first","9":"instock","10":"shipping-taxable","11":"product-type-simple","12":"entry","13":"content-bg","14":"loop-entry"},"_links":{"self":[{"href":"https:\/\/skbty.com\/pt\/wp-json\/wp\/v2\/product\/2504","targetHints":{"allow":["GET"]}}],"collection":[{"href":"https:\/\/skbty.com\/pt\/wp-json\/wp\/v2\/product"}],"about":[{"href":"https:\/\/skbty.com\/pt\/wp-json\/wp\/v2\/types\/product"}],"replies":[{"embeddable":true,"href":"https:\/\/skbty.com\/pt\/wp-json\/wp\/v2\/comments?post=2504"}],"wp:featuredmedia":[{"embeddable":true,"href":"https:\/\/skbty.com\/pt\/wp-json\/wp\/v2\/media\/2505"}],"wp:attachment":[{"href":"https:\/\/skbty.com\/pt\/wp-json\/wp\/v2\/media?parent=2504"}],"wp:term":[{"taxonomy":"product_brand","embeddable":true,"href":"https:\/\/skbty.com\/pt\/wp-json\/wp\/v2\/product_brand?post=2504"},{"taxonomy":"product_cat","embeddable":true,"href":"https:\/\/skbty.com\/pt\/wp-json\/wp\/v2\/product_cat?post=2504"},{"taxonomy":"product_tag","embeddable":true,"href":"https:\/\/skbty.com\/pt\/wp-json\/wp\/v2\/product_tag?post=2504"}],"curies":[{"name":"Wp","href":"https:\/\/api.w.org\/{rel}","templated":true}]}}