{"id":2512,"date":"2024-01-15T17:03:37","date_gmt":"2024-01-15T09:03:37","guid":{"rendered":"https:\/\/skbty.com\/?post_type=product&#038;p=2512"},"modified":"2024-06-19T16:51:17","modified_gmt":"2024-06-19T08:51:17","slug":"maquina-facial-de-oxigenio-3-em-1","status":"publish","type":"product","link":"https:\/\/skbty.com\/pt\/product\/maquina-facial-de-oxigenio-3-em-1\/","title":{"rendered":"M\u00e1quina facial de oxig\u00eanio 3 em 1"},"content":{"rendered":"<div class=\"J_module\">\n<div class=\"icbu-pc-images magic-1\">\n<div class=\"flex-layout-v\">\n<h3>O que \u00e9 o <strong>M\u00e1quina facial de oxig\u00eanio 3 em 1?<\/strong><\/h3>\n<p><strong>M\u00e1quina facial de oxig\u00eanio 3 em 1<\/strong> \u00e9 um dispositivo de cuidados com a pele de ponta que usa uma combina\u00e7\u00e3o de rejuvenescimento din\u00e2mico de oxig\u00eanio e tecnologia de radiofrequ\u00eancia de terceira gera\u00e7\u00e3o. Ao ativar o mecanismo de estado natural do corpo \u2014 efeito Bohr \u2014 esta m\u00e1quina aumenta os n\u00edveis de oxig\u00eanio da pele, estimula o metabolismo celular e acelera o reparo da pele. Melhora a textura da pele de dentro para fora.<\/p>\n<table style=\"border-collapse: collapse; width: 100%;\">\n<tbody>\n<tr>\n<td style=\"width: 50%;\">\n<h3><img loading=\"lazy\" decoding=\"async\" class=\"magic-3 aligncenter\" title=\"M\u00e1quina facial de oxig\u00eanio\" src=\"https:\/\/sc04.alicdn.com\/kf\/H07f61b0e8b1b43b18f07aa52599b8d0aT\/247315878\/H07f61b0e8b1b43b18f07aa52599b8d0aT.png\" alt=\"M\u00e1quina facial de oxig\u00eanio\" width=\"414\" height=\"527\" data-src=\"\/\/sc04.alicdn.com\/kf\/H07f61b0e8b1b43b18f07aa52599b8d0aT\/247315878\/H07f61b0e8b1b43b18f07aa52599b8d0aT.png\" data-spm-anchor-id=\"a2700.details.0.i84.1e6f381adjBWnJ\" \/><\/h3>\n<\/td>\n<td style=\"width: 50%;\"><img loading=\"lazy\" decoding=\"async\" class=\"magic-15 aligncenter\" title=\"M\u00e1quina facial de oxig\u00eanio\" src=\"https:\/\/sc04.alicdn.com\/kf\/H728631b144eb4dc2b48d0cb81db0e65dK\/247315878\/H728631b144eb4dc2b48d0cb81db0e65dK.png\" alt=\"M\u00e1quina facial de oxig\u00eanio\" width=\"564\" height=\"418\" data-src=\"\/\/sc04.alicdn.com\/kf\/H728631b144eb4dc2b48d0cb81db0e65dK\/247315878\/H728631b144eb4dc2b48d0cb81db0e65dK.png\" \/><\/td>\n<\/tr>\n<\/tbody>\n<\/table>\n<h3>Especifica\u00e7\u00f5es<\/h3>\n<ul>\n<li><strong>Nome<\/strong>: M\u00e1quina facial de oxig\u00eanio 3 em 1<\/li>\n<li><strong>Tecnologia<\/strong>: Rejuvenescimento din\u00e2mico de oxig\u00eanio e radiofrequ\u00eancia de terceira gera\u00e7\u00e3o<\/li>\n<li><strong>Poder<\/strong>: 5-30 Hz<\/li>\n<li><strong>Tens\u00e3o<\/strong>: 110 V a 220 V, 50 a 60 HZ<\/li>\n<li><strong>Peso bruto<\/strong>: 7 kg<\/li>\n<li><strong>Tamanho da embalagem<\/strong>: 45 * 40 * 32 cm<\/li>\n<\/ul>\n<h3>O que \u00e9 uma m\u00e1quina de cuidados faciais?<\/h3>\n<p>Uma m\u00e1quina de cuidados faciais \u00e9 projetada para melhorar a sa\u00fade e a apar\u00eancia da sua pele. Este dispositivo de beleza tr\u00eas em um usa di\u00f3xido de carbono para ativar o mecanismo natural do efeito Bohr do corpo, que libera oxig\u00eanio em um ambiente com alto teor de di\u00f3xido de carbono. Este processo melhora o conte\u00fado de oxig\u00eanio da pele, estimula o metabolismo celular e acelera o reparo da pele, levando \u00e0 melhora da textura da pele.<\/p>\n<h3>Teoria (Tecnologia de Dispositivos de Beleza)<\/h3>\n<p>O <strong>M\u00e1quina facial de oxig\u00eanio 3 em 1<\/strong> a pe\u00e7a de m\u00e3o \u00e9 feita de bicarbonato de s\u00f3dio e \u00e1cido c\u00edtrico. Quando a cabe\u00e7a de tratamento entra em contato com um gel composto de ingredientes ativos naturais, ela produz uma grande quantidade de CO2 na pele. Isso estimula a circula\u00e7\u00e3o sangu\u00ednea subcut\u00e2nea, aumentando a taxa de fluxo sangu\u00edneo e o n\u00famero de c\u00e9lulas de oxig\u00eanio e hemoglobina no sangue. Consequentemente, aumenta o conte\u00fado de oxig\u00eanio subcut\u00e2neo, aumentando a absor\u00e7\u00e3o de nutrientes da pele, resultando em efeitos de clareamento e antienvelhecimento.<\/p>\n<table style=\"border-collapse: collapse; width: 100%;\">\n<tbody>\n<tr>\n<td style=\"width: 50%;\"><img loading=\"lazy\" decoding=\"async\" class=\"magic-17 aligncenter\" title=\"M\u00e1quina facial de oxig\u00eanio\" src=\"https:\/\/sc04.alicdn.com\/kf\/H4bc80867beee4103819a1ccb2ff1b95ar\/247315878\/H4bc80867beee4103819a1ccb2ff1b95ar.png\" alt=\"M\u00e1quina facial de oxig\u00eanio\" width=\"750\" height=\"425\" data-src=\"\/\/sc04.alicdn.com\/kf\/H4bc80867beee4103819a1ccb2ff1b95ar\/247315878\/H4bc80867beee4103819a1ccb2ff1b95ar.png\" \/><\/td>\n<td style=\"width: 50%;\"><img loading=\"lazy\" decoding=\"async\" class=\"magic-22 aligncenter\" title=\"M\u00e1quina facial de oxig\u00eanio\" src=\"https:\/\/sc04.alicdn.com\/kf\/H54615480b6884a729d1a473a31fbed8dW\/247315878\/H54615480b6884a729d1a473a31fbed8dW.png\" alt=\"M\u00e1quina facial de oxig\u00eanio\" width=\"790\" height=\"496\" data-src=\"\/\/sc04.alicdn.com\/kf\/H54615480b6884a729d1a473a31fbed8dW\/247315878\/H54615480b6884a729d1a473a31fbed8dW.png\" \/><\/td>\n<\/tr>\n<\/tbody>\n<\/table>\n<h3>Vantagens<\/h3>\n<ol>\n<li><strong>Frequ\u00eancia de a\u00e7\u00e3o de 1 MHz<\/strong>: Proporciona remodela\u00e7\u00e3o segura e eficaz da pele.<\/li>\n<li><strong>Alta densidade energ\u00e9tica<\/strong>: Proporciona efeitos percept\u00edveis desde o primeiro uso.<\/li>\n<li><strong>Efic\u00e1cia a longo prazo<\/strong>: Clinicamente comprovado que proporciona resultados ideais a longo prazo.<\/li>\n<li><strong>Corrente Focada<\/strong>: Concentrado entre os eletrodos, eliminando a necessidade de resfriamento epid\u00e9rmico.<\/li>\n<li><strong>Baixo consumo de energia<\/strong>: Utiliza 600 mA, garantindo alto conforto e bom feedback do cliente.<\/li>\n<li><strong>Aplica\u00e7\u00e3o universal<\/strong>: Adequado para todos os tipos e tons de pele.<\/li>\n<li><strong>Caracter\u00edsticas de seguran\u00e7a<\/strong>: A ferramenta manual \u00e9 equipada com um term\u00f4metro sens\u00edvel para maior seguran\u00e7a.<\/li>\n<\/ol>\n<h3><img loading=\"lazy\" decoding=\"async\" class=\"magic-20 aligncenter\" title=\"M\u00e1quina facial de oxig\u00eanio\" src=\"https:\/\/sc04.alicdn.com\/kf\/H3dbafb62d646410d85454a892e02bad64\/247315878\/H3dbafb62d646410d85454a892e02bad64.png\" alt=\"M\u00e1quina facial de oxig\u00eanio\" width=\"507\" height=\"512\" data-src=\"\/\/sc04.alicdn.com\/kf\/H3dbafb62d646410d85454a892e02bad64\/247315878\/H3dbafb62d646410d85454a892e02bad64.png\" \/><\/h3>\n<h3>Benef\u00edcios<\/h3>\n<ul>\n<li><strong>Branqueamento<\/strong>: Melhora o tom e a luminosidade da pele.<\/li>\n<li><strong>Antienvelhecimento<\/strong>: Reduz os sinais de envelhecimento e melhora a elasticidade da pele.<\/li>\n<li><strong>Melhoria da textura da pele<\/strong>: Melhora a textura geral e a suavidade da pele.<\/li>\n<li><strong>Absor\u00e7\u00e3o de Nutrientes<\/strong>: Aumenta a capacidade da pele de absorver nutrientes, melhorando a sa\u00fade geral da pele.<\/li>\n<li><strong>Oxigena\u00e7\u00e3o<\/strong>: Aumenta o teor de oxig\u00eanio na pele para uma apar\u00eancia mais saud\u00e1vel e radiante.<\/li>\n<\/ul>\n<\/div>\n<\/div>\n<\/div>\n<div class=\"J_module\">\n<div class=\"icbu-pc-images magic-1\">\n<div class=\"flex-layout-v\"><\/div>\n<\/div>\n<\/div>\n<div class=\"J_module\">\n<div class=\"icbu-pc-detailManyImage magic-18\">\n<div class=\"magic-21\"><\/div>\n<div class=\"magic-23\"><img loading=\"lazy\" decoding=\"async\" class=\"magic-24 aligncenter\" title=\"M\u00e1quina facial de oxig\u00eanio\" src=\"https:\/\/sc04.alicdn.com\/kf\/H060666d0090d4ad4acce81eed7095edbp\/247315878\/H060666d0090d4ad4acce81eed7095edbp.png\" alt=\"M\u00e1quina facial de oxig\u00eanio\" width=\"626\" height=\"379\" data-src=\"\/\/sc04.alicdn.com\/kf\/H060666d0090d4ad4acce81eed7095edbp\/247315878\/H060666d0090d4ad4acce81eed7095edbp.png\" \/><\/div>\n<div class=\"magic-29\">\n<h3><strong>Personalizar O Logotipo<\/strong><\/h3>\n<p>Quer fazer sua marca se destacam? N\u00f3s oferecemos o logotipo personalizado servi\u00e7os para ajudar voc\u00ea a criar uma \u00fanica e personalizada logo que reflete a identidade de sua marca. Nossa equipe de especialistas ir\u00e1 trabalhar em estreita colabora\u00e7\u00e3o com voc\u00ea para criar um logotipo que est\u00e1 em conson\u00e2ncia com os valores da sua marca e de mensagens. Se voc\u00ea estiver olhando para renovar o seu logotipo existente ou criar um novo a partir do zero, n\u00f3s temos que cobertas. <a href=\"\/pt\/contato\/\">Contacte-nos<\/a> hoje para saber mais sobre o nosso logotipo personalizado servi\u00e7os!<\/p>\n<\/div>\n<\/div>\n<\/div>","protected":false},"excerpt":{"rendered":"<div class=\"magic-9\"><span class=\"magic-10\" style=\"font-family: Arial;\">Este \u00e9 um dispositivo de beleza para a pele tr\u00eas em um, que usa di\u00f3xido de carbono para ativar o mecanismo de estado natural do corpo - efeito Bohr, para que a pele libere oxig\u00eanio em alto di\u00f3xido de carbono. Melhora o conte\u00fado de oxig\u00eanio da pele, estimula o metabolismo celular e acelera a fun\u00e7\u00e3o de reparo da pele. Melhora a textura da pele de dentro para fora.<\/span><\/div>\n<div><\/div>","protected":false},"featured_media":2513,"comment_status":"open","ping_status":"closed","template":"","meta":{"_kad_post_transparent":"default","_kad_post_title":"","_kad_post_layout":"default","_kad_post_sidebar_id":"","_kad_post_content_style":"default","_kad_post_vertical_padding":"default","_kad_post_feature":"","_kad_post_feature_position":"","_kad_post_header":false,"_kad_post_footer":false,"_kad_post_classname":"","rank_math_title":"","rank_math_description":"","rank_math_focus_keyword":""},"product_brand":[],"product_cat":[33],"product_tag":[],"class_list":{"0":"post-2512","1":"product","2":"type-product","3":"status-publish","4":"has-post-thumbnail","6":"product_cat-face-care","8":"first","9":"instock","10":"shipping-taxable","11":"product-type-simple","12":"entry","13":"content-bg","14":"loop-entry"},"_links":{"self":[{"href":"https:\/\/skbty.com\/pt\/wp-json\/wp\/v2\/product\/2512","targetHints":{"allow":["GET"]}}],"collection":[{"href":"https:\/\/skbty.com\/pt\/wp-json\/wp\/v2\/product"}],"about":[{"href":"https:\/\/skbty.com\/pt\/wp-json\/wp\/v2\/types\/product"}],"replies":[{"embeddable":true,"href":"https:\/\/skbty.com\/pt\/wp-json\/wp\/v2\/comments?post=2512"}],"wp:featuredmedia":[{"embeddable":true,"href":"https:\/\/skbty.com\/pt\/wp-json\/wp\/v2\/media\/2513"}],"wp:attachment":[{"href":"https:\/\/skbty.com\/pt\/wp-json\/wp\/v2\/media?parent=2512"}],"wp:term":[{"taxonomy":"product_brand","embeddable":true,"href":"https:\/\/skbty.com\/pt\/wp-json\/wp\/v2\/product_brand?post=2512"},{"taxonomy":"product_cat","embeddable":true,"href":"https:\/\/skbty.com\/pt\/wp-json\/wp\/v2\/product_cat?post=2512"},{"taxonomy":"product_tag","embeddable":true,"href":"https:\/\/skbty.com\/pt\/wp-json\/wp\/v2\/product_tag?post=2512"}],"curies":[{"name":"Wp","href":"https:\/\/api.w.org\/{rel}","templated":true}]}}