{"id":2527,"date":"2024-01-15T17:45:46","date_gmt":"2024-01-15T09:45:46","guid":{"rendered":"https:\/\/skbty.com\/?post_type=product&#038;p=2527"},"modified":"2024-06-19T15:59:38","modified_gmt":"2024-06-19T07:59:38","slug":"2-4-alcas-ems-maquina-de-emagrecimento-corporal","status":"publish","type":"product","link":"https:\/\/skbty.com\/pt\/product\/2-4-alcas-ems-maquina-de-emagrecimento-corporal\/","title":{"rendered":"2\/4 Al\u00e7as EMS M\u00e1quina de emagrecimento corporal"},"content":{"rendered":"<div class=\"J_module\"><span style=\"font-family: 'Playfair Display', serif; font-size: 24px; font-weight: bold; text-transform: capitalize;\">O que \u00e9 o <\/span><strong style=\"font-family: 'Playfair Display', serif; font-size: 24px; text-transform: capitalize;\">M\u00e1quina de emagrecimento corporal EMS com 2\/4 al\u00e7as?<\/strong><\/div>\n<div class=\"J_module\">\n<div class=\"icbu-pc-images magic-6\">\n<div class=\"flex-layout-v\">\n<div class=\"flex-layout-h magic-6\">\n<p><strong>2\/4 Al\u00e7as EMS M\u00e1quina de emagrecimento corporal<\/strong> \u00e9 um dispositivo avan\u00e7ado projetado para aumentar a densidade e o volume muscular, ao mesmo tempo em que reduz a gordura. Utilizando a tecnologia n\u00e3o invasiva HI FEM (High-Intensity Focused Electromagnetic Field) e a tecnologia de radiofrequ\u00eancia de polo \u00fanico focada, esta m\u00e1quina fornece contorno corporal abrangente e benef\u00edcios de constru\u00e7\u00e3o muscular.<\/p>\n<h3><img loading=\"lazy\" decoding=\"async\" class=\"magic-8 aligncenter\" title=\"M\u00e1quina de emagrecimento corporal EMS\" src=\"https:\/\/sc04.alicdn.com\/kf\/H83c6263350dd45f294b5d8744e5f1157I\/247315878\/H83c6263350dd45f294b5d8744e5f1157I.jpg\" alt=\"M\u00e1quina de emagrecimento corporal EMS\" width=\"415\" height=\"607\" data-src=\"\/\/sc04.alicdn.com\/kf\/H83c6263350dd45f294b5d8744e5f1157I\/247315878\/H83c6263350dd45f294b5d8744e5f1157I.jpg\" \/><\/h3>\n<h3>Especifica\u00e7\u00f5es<\/h3>\n<ul>\n<li><strong>Nome<\/strong>: : M\u00e1quina de emagrecimento corporal EMS de 2\/4 al\u00e7as<\/li>\n<li><strong>Energia das ondas eletromagn\u00e9ticas<\/strong>: 0-5T<\/li>\n<li><strong>Frequ\u00eancia RF<\/strong>: 3,5 milh\u00f5es<\/li>\n<li><strong>Tamanho da tela<\/strong>: 12 polegadas<\/li>\n<li><strong>Servi\u00e7o OEM<\/strong>: OEM\/ODM\/Servi\u00e7o on-line 24 horas<\/li>\n<li><strong>Pulso<\/strong>: 300us (microssegundos)<\/li>\n<li><strong>Poder<\/strong>: 100-240 V 50\/60 Hz<\/li>\n<li><strong>Tamanho<\/strong>: 74<em>61<\/em>45(cm)<\/li>\n<li><strong>Peso<\/strong>: 35-45 KG<\/li>\n<\/ul>\n<h3>Princ\u00edpio de funcionamento<\/h3>\n<ol>\n<li><strong>Tecnologia HI FEM e RF<\/strong>: A m\u00e1quina usa HI FEM n\u00e3o invasivo e tecnologia de radiofrequ\u00eancia de polo \u00fanico focada para liberar energia de vibra\u00e7\u00e3o magn\u00e9tica de alta frequ\u00eancia atrav\u00e9s das al\u00e7as. Isso penetra nos m\u00fasculos a uma profundidade de 8 cm, induzindo expans\u00e3o e contra\u00e7\u00e3o cont\u00ednuas, simulando treinamento extremo de alta frequ\u00eancia. Este processo aprofunda o crescimento de miofibrilas (aumento muscular), produzindo novas cadeias de col\u00e1geno e fibras musculares (hiperplasia muscular), aumentando assim a densidade e o volume muscular.<\/li>\n<li><strong>Aquecimento por radiofrequ\u00eancia<\/strong>: A energia RF aquece a camada de gordura a 43-45 graus Celsius, acelerando a decomposi\u00e7\u00e3o das c\u00e9lulas de gordura e aumentando a for\u00e7a de contra\u00e7\u00e3o muscular. Essa abordagem de energia dupla estimula a prolifera\u00e7\u00e3o muscular, melhora o metabolismo, aumenta a circula\u00e7\u00e3o sangu\u00ednea e promove a elasticidade muscular.<\/li>\n<li><strong>Apoptose de c\u00e9lulas de gordura<\/strong>: A alta concentra\u00e7\u00e3o de \u00e1cidos graxos causa apoptose de c\u00e9lulas de gordura, que s\u00e3o ent\u00e3o excretadas pelo metabolismo normal ao longo de algumas semanas. Isso resulta em fortalecimento muscular e redu\u00e7\u00e3o de gordura simult\u00e2neos.<\/li>\n<\/ol>\n<table style=\"border-collapse: collapse; width: 100%;\">\n<tbody>\n<tr>\n<td style=\"width: 50%;\">\n<h3><img loading=\"lazy\" decoding=\"async\" class=\"magic-17 aligncenter\" title=\"M\u00e1quina de emagrecimento corporal EMS\" src=\"https:\/\/sc04.alicdn.com\/kf\/H41c231afb7a249dca57d7fc873e9abdbk\/247315878\/H41c231afb7a249dca57d7fc873e9abdbk.jpg\" alt=\"M\u00e1quina de emagrecimento corporal EMS\" width=\"492\" height=\"455\" data-src=\"\/\/sc04.alicdn.com\/kf\/H41c231afb7a249dca57d7fc873e9abdbk\/247315878\/H41c231afb7a249dca57d7fc873e9abdbk.jpg\" \/><\/h3>\n<\/td>\n<td style=\"width: 50%;\"><img loading=\"lazy\" decoding=\"async\" class=\"magic-20 aligncenter\" title=\"M\u00e1quina de emagrecimento corporal EMS\" src=\"https:\/\/sc04.alicdn.com\/kf\/H56e13b21023c4d5e96ed34da44fec9dcB\/247315878\/H56e13b21023c4d5e96ed34da44fec9dcB.png\" alt=\"M\u00e1quina de emagrecimento corporal EMS\" width=\"466\" height=\"460\" data-src=\"\/\/sc04.alicdn.com\/kf\/H56e13b21023c4d5e96ed34da44fec9dcB\/247315878\/H56e13b21023c4d5e96ed34da44fec9dcB.png\" \/><\/td>\n<\/tr>\n<\/tbody>\n<\/table>\n<h3>Fun\u00e7\u00f5es<\/h3>\n<ol>\n<li><strong>Construir M\u00fasculo<\/strong>: Contra\u00e7\u00f5es musculares de alta frequ\u00eancia e intensidade (30.000 vezes) treinam e aumentam a densidade e o volume muscular.<\/li>\n<li><strong>Reduzir gordura<\/strong>: As contra\u00e7\u00f5es musculares intensas exigem energia significativa, levando \u00e0 apoptose natural das c\u00e9lulas de gordura e \u00e0 redu\u00e7\u00e3o efetiva da espessura da gordura.<\/li>\n<li><strong>Escultura muscular<\/strong>: Modela abd\u00f4men, cintura, gl\u00fateos e obl\u00edquos para uma apar\u00eancia esculpida.<\/li>\n<li><strong>Repara\u00e7\u00e3o dos m\u00fasculos do assoalho p\u00e9lvico<\/strong>: Fortalece os m\u00fasculos do assoalho p\u00e9lvico, restaurando a firmeza e a elasticidade, melhorando problemas como incontin\u00eancia urin\u00e1ria e protrus\u00e3o abdominal inferior.<\/li>\n<\/ol>\n<h3>Benef\u00edcios da constru\u00e7\u00e3o muscular<\/h3>\n<ol>\n<li><strong>Melhore a obesidade<\/strong>: Aumenta a efici\u00eancia da perda de peso.<\/li>\n<li><strong>Construa um corpo forte<\/strong>: Desenvolve um f\u00edsico forte e bonito.<\/li>\n<li><strong>Prevenir o envelhecimento<\/strong>: Mant\u00e9m o corpo jovem e previne o envelhecimento.<\/li>\n<li><strong>Aliviar a dor cr\u00f4nica<\/strong>: Alivia dores cr\u00f4nicas nos m\u00fasculos e articula\u00e7\u00f5es.<\/li>\n<li><strong>Melhore a circula\u00e7\u00e3o sangu\u00ednea<\/strong>: Melhora a circula\u00e7\u00e3o sangu\u00ednea geral.<\/li>\n<li><strong>Proteja os \u00d3rg\u00e3os<\/strong>: Garante a seguran\u00e7a do \u00fatero, intestinos e outros \u00f3rg\u00e3os.<\/li>\n<li><strong>Melhore a diabetes<\/strong>: Ajuda a melhorar e prevenir o diabetes.<\/li>\n<li><strong>Reduzir a press\u00e3o arterial elevada<\/strong>: Alivia a press\u00e3o dos vasos sangu\u00edneos.<\/li>\n<li><strong>Prevenir doen\u00e7as card\u00edacas<\/strong>: Reduz o risco de doen\u00e7as card\u00edacas.<\/li>\n<li><strong>Melhore a mem\u00f3ria<\/strong>: Melhora a mem\u00f3ria e previne a dem\u00eancia.<\/li>\n<\/ol>\n<h3>Efeitos<\/h3>\n<p>O <strong>2\/4 Al\u00e7as EMS M\u00e1quina de emagrecimento corporal<\/strong> efetivamente constr\u00f3i m\u00fasculos, reduz gordura e melhora a composi\u00e7\u00e3o corporal geral. Ele melhora a densidade, volume e elasticidade muscular, proporcionando uma apar\u00eancia tonificada e esculpida. O dispositivo tamb\u00e9m promove melhor metabolismo, circula\u00e7\u00e3o sangu\u00ednea e sa\u00fade geral, abordando v\u00e1rios problemas como obesidade, dor cr\u00f4nica e envelhecimento.<\/p>\n<h3><img loading=\"lazy\" decoding=\"async\" class=\"magic-29 aligncenter\" title=\"M\u00e1quina de emagrecimento corporal EMS\" src=\"https:\/\/sc04.alicdn.com\/kf\/H116b5f89de21443eb899113300554747q\/247315878\/H116b5f89de21443eb899113300554747q.jpg\" alt=\"M\u00e1quina de emagrecimento corporal EMS\" width=\"520\" height=\"509\" data-src=\"\/\/sc04.alicdn.com\/kf\/H116b5f89de21443eb899113300554747q\/247315878\/H116b5f89de21443eb899113300554747q.jpg\" \/><\/h3>\n<\/div>\n<\/div>\n<\/div>\n<\/div>\n<div class=\"J_module\">\n<div class=\"icbu-pc-images magic-6\">\n<div class=\"flex-layout-v\">\n<div class=\"flex-layout-h magic-6\">\n<div class=\"magic-28\">\n<h3><strong>Personalizar O Logotipo<\/strong><\/h3>\n<p>Quer fazer sua marca se destacam? N\u00f3s oferecemos o logotipo personalizado servi\u00e7os para ajudar voc\u00ea a criar uma \u00fanica e personalizada logo que reflete a identidade de sua marca. Nossa equipe de especialistas ir\u00e1 trabalhar em estreita colabora\u00e7\u00e3o com voc\u00ea para criar um logotipo que est\u00e1 em conson\u00e2ncia com os valores da sua marca e de mensagens. Se voc\u00ea estiver olhando para renovar o seu logotipo existente ou criar um novo a partir do zero, n\u00f3s temos que cobertas. <a href=\"\/pt\/contato\/\">Contacte-nos<\/a> hoje para saber mais sobre o nosso logotipo personalizado servi\u00e7os!<\/p>\n<\/div>\n<\/div>\n<\/div>\n<\/div>\n<\/div>","protected":false},"excerpt":{"rendered":"<p><span class=\"magic-4\" style=\"font-family: Arial;\">1. Construir m\u00fasculos Os m\u00fasculos se contraem 30.000 vezes com alta frequ\u00eancia e intensidade para treinar e aumentar a densidade e o volume muscular.<\/span><\/p>\n<div><span class=\"magic-4\" style=\"font-family: Arial;\">2. Reduzir a gordura A contra\u00e7\u00e3o final dos m\u00fasculos requer muito fornecimento de energia, ent\u00e3o as c\u00e9lulas de gordura ficam do lado O m\u00fasculo tamb\u00e9m \u00e9 consumido, levando \u00e0 apoptose natural e \u00e0 redu\u00e7\u00e3o efetiva da espessura da gordura <\/span><\/div>\n<div><span class=\"magic-4\" style=\"font-family: Arial;\">3. Escultura muscular Trabalhe o abd\u00f4men, modele a linha do colete\/modele os m\u00fasculos do bumbum, modele o bumbum de p\u00eassego\/exercite os obl\u00edquos, modele a linha da sereia. <\/span><\/div>\n<div>\n<p><span class=\"magic-4\" style=\"font-family: Arial;\">4. Reparo dos m\u00fasculos do assoalho p\u00e9lvico Fortalece efetivamente os m\u00fasculos do assoalho p\u00e9lvico, restaura a firmeza, melhora a elasticidade; Fortalece os m\u00fasculos do assoalho p\u00e9lvico, repele a incontin\u00eancia urin\u00e1ria, vazamento de urina, gotejamento, bem como protrus\u00e3o abdominal inferior, relaxamento da bacia inferior e outros problemas; Livre-se de orgasmos dif\u00edceis e outros problemas\u2026<\/span><\/p>\n<\/div>","protected":false},"featured_media":2528,"comment_status":"open","ping_status":"closed","template":"","meta":{"_kad_post_transparent":"default","_kad_post_title":"","_kad_post_layout":"default","_kad_post_sidebar_id":"","_kad_post_content_style":"default","_kad_post_vertical_padding":"default","_kad_post_feature":"","_kad_post_feature_position":"","_kad_post_header":false,"_kad_post_footer":false,"_kad_post_classname":"","rank_math_title":"","rank_math_description":"","rank_math_focus_keyword":""},"product_brand":[],"product_cat":[31],"product_tag":[],"class_list":{"0":"post-2527","1":"product","2":"type-product","3":"status-publish","4":"has-post-thumbnail","6":"product_cat-body-slimming","8":"first","9":"instock","10":"shipping-taxable","11":"product-type-simple","12":"entry","13":"content-bg","14":"loop-entry"},"_links":{"self":[{"href":"https:\/\/skbty.com\/pt\/wp-json\/wp\/v2\/product\/2527","targetHints":{"allow":["GET"]}}],"collection":[{"href":"https:\/\/skbty.com\/pt\/wp-json\/wp\/v2\/product"}],"about":[{"href":"https:\/\/skbty.com\/pt\/wp-json\/wp\/v2\/types\/product"}],"replies":[{"embeddable":true,"href":"https:\/\/skbty.com\/pt\/wp-json\/wp\/v2\/comments?post=2527"}],"wp:featuredmedia":[{"embeddable":true,"href":"https:\/\/skbty.com\/pt\/wp-json\/wp\/v2\/media\/2528"}],"wp:attachment":[{"href":"https:\/\/skbty.com\/pt\/wp-json\/wp\/v2\/media?parent=2527"}],"wp:term":[{"taxonomy":"product_brand","embeddable":true,"href":"https:\/\/skbty.com\/pt\/wp-json\/wp\/v2\/product_brand?post=2527"},{"taxonomy":"product_cat","embeddable":true,"href":"https:\/\/skbty.com\/pt\/wp-json\/wp\/v2\/product_cat?post=2527"},{"taxonomy":"product_tag","embeddable":true,"href":"https:\/\/skbty.com\/pt\/wp-json\/wp\/v2\/product_tag?post=2527"}],"curies":[{"name":"Wp","href":"https:\/\/api.w.org\/{rel}","templated":true}]}}