{"id":2584,"date":"2024-01-15T19:20:39","date_gmt":"2024-01-15T11:20:39","guid":{"rendered":"https:\/\/skbty.com\/?post_type=product&#038;p=2584"},"modified":"2025-12-05T19:04:11","modified_gmt":"2025-12-05T11:04:11","slug":"maquina-de-beleza-de-plasma-de-ozonio","status":"publish","type":"product","link":"https:\/\/skbty.com\/pt\/product\/maquina-de-beleza-de-plasma-de-ozonio\/","title":{"rendered":"M\u00e1quina de beleza de plasma de oz\u00f4nio"},"content":{"rendered":"<div class=\"J_module\">\n<div class=\"detail-decorate-json-renderer-container\">\n<div class=\"magic-1\">\n<h3>O que \u00e9 o <strong>M\u00e1quina de beleza com plasma de oz\u00f4nio?<\/strong><\/h3>\n<p><strong>M\u00e1quina de beleza de plasma de oz\u00f4nio<\/strong> utiliza tecnologia avan\u00e7ada de plasma de oz\u00f4nio para melhorar a sa\u00fade e a beleza da pele. Ao gerar uma voltagem de alta frequ\u00eancia, o oxig\u00eanio no ar \u00e9 eletrolisado para produzir oz\u00f4nio, que efetivamente mata bact\u00e9rias, fungos e pat\u00f3genos causadores de acne, promove a regenera\u00e7\u00e3o da pele e melhora a elasticidade da pele sem causar res\u00edduos ou polui\u00e7\u00e3o secund\u00e1ria.<\/p>\n<h3><img loading=\"lazy\" decoding=\"async\" class=\"magic-10 aligncenter\" title=\"M\u00e1quina de beleza de plasma de oz\u00f4nio\" src=\"https:\/\/sc04.alicdn.com\/kf\/Hd70375061cf243bf87c6b36a01917c3fn\/247315878\/Hd70375061cf243bf87c6b36a01917c3fn.png\" alt=\"M\u00e1quina de beleza de plasma de oz\u00f4nio\" width=\"557\" height=\"383\" data-src=\"\/\/sc04.alicdn.com\/kf\/Hd70375061cf243bf87c6b36a01917c3fn\/247315878\/Hd70375061cf243bf87c6b36a01917c3fn.png\" \/><\/h3>\n<h3>O que \u00e9 oz\u00f4nio?<\/h3>\n<p>O oz\u00f4nio \u00e9 gerado pela eletr\u00f3lise do oxig\u00eanio no ar usando uma voltagem de alta frequ\u00eancia. Ele atua nas membranas celulares das bact\u00e9rias, danificando seus componentes de membrana, destruindo lipoprote\u00ednas e lipopolissacar\u00eddeos, levando \u00e0 lise e morte celular. Esse processo mata fungos bacterianos e pat\u00f3genos causadores de acne, inibe a inflama\u00e7\u00e3o e reduz a acne. Ap\u00f3s a esteriliza\u00e7\u00e3o, o oz\u00f4nio \u00e9 reduzido a oxig\u00eanio, n\u00e3o deixando res\u00edduos ou polui\u00e7\u00e3o secund\u00e1ria, diferente de qualquer sistema qu\u00edmico.<\/p>\n<h3>Especifica\u00e7\u00f5es<\/h3>\n<ul>\n<li><strong>Nome<\/strong>: M\u00e1quina de beleza de plasma de oz\u00f4nio<\/li>\n<li><strong>Tecnologia<\/strong>: Plasma de oz\u00f4nio<\/li>\n<li><strong>Servi\u00e7o<\/strong>: OEM\/ODM<\/li>\n<li><strong>Tens\u00e3o<\/strong>: 100 V-240 V<\/li>\n<li><strong>Pot\u00eancia de sa\u00edda<\/strong>: 27 W<\/li>\n<li><strong>Tens\u00e3o de sa\u00edda regulada<\/strong>: DC9V\/3A<\/li>\n<li><strong>Tamanho<\/strong>: 40<em>33<\/em>16cm<\/li>\n<li><strong>Peso bruto<\/strong>: Cerca de 2,5 kg<\/li>\n<\/ul>\n<h3>Teoria<\/h3>\n<p><strong>Plasma<\/strong>: O plasma \u00e9 criado quando el\u00e9trons livres ionizam o g\u00e1s, mudando seu estado. A energia aplicada pode ser calor, CA, CC, RF, etc. Neste dispositivo, a corrente CC \u00e9 usada como fonte de energia.<\/p>\n<p><img loading=\"lazy\" decoding=\"async\" class=\"magic-18 aligncenter\" title=\"M\u00e1quina de beleza de plasma de oz\u00f4nio\" src=\"https:\/\/sc04.alicdn.com\/kf\/H0f2d4ca5d81b4a798968bff0808070b4z\/247315878\/H0f2d4ca5d81b4a798968bff0808070b4z.png\" alt=\"M\u00e1quina de beleza de plasma de oz\u00f4nio\" width=\"582\" height=\"226\" data-src=\"\/\/sc04.alicdn.com\/kf\/H0f2d4ca5d81b4a798968bff0808070b4z\/247315878\/H0f2d4ca5d81b4a798968bff0808070b4z.png\" \/><\/p>\n<table style=\"border-collapse: collapse; width: 100%;\">\n<tbody>\n<tr>\n<td style=\"width: 50%;\"><img loading=\"lazy\" decoding=\"async\" class=\"magic-20 aligncenter\" title=\"M\u00e1quina de beleza de plasma de oz\u00f4nio\" src=\"https:\/\/sc04.alicdn.com\/kf\/H15aa9e5f516449148cf30b3128840968w\/247315878\/H15aa9e5f516449148cf30b3128840968w.png\" alt=\"M\u00e1quina de beleza de plasma de oz\u00f4nio\" width=\"370\" height=\"339\" data-src=\"\/\/sc04.alicdn.com\/kf\/H15aa9e5f516449148cf30b3128840968w\/247315878\/H15aa9e5f516449148cf30b3128840968w.png\" \/><\/td>\n<td style=\"width: 50%;\"><img loading=\"lazy\" decoding=\"async\" class=\"magic-22 aligncenter\" title=\"M\u00e1quina de beleza de plasma de oz\u00f4nio\" src=\"https:\/\/sc04.alicdn.com\/kf\/H5117a312c5844745b951682205b242ed9\/247315878\/H5117a312c5844745b951682205b242ed9.png\" alt=\"M\u00e1quina de beleza de plasma de oz\u00f4nio\" width=\"750\" height=\"418\" data-src=\"\/\/sc04.alicdn.com\/kf\/H5117a312c5844745b951682205b242ed9\/247315878\/H5117a312c5844745b951682205b242ed9.png\" \/><\/td>\n<\/tr>\n<\/tbody>\n<\/table>\n<h3>Caracter\u00edsticas<\/h3>\n<ol>\n<li><strong>Aplica\u00e7\u00e3o universal<\/strong>: Pode ser usado em todas as partes do corpo.<\/li>\n<li><strong>Sem Feridas<\/strong>: N\u00e3o deixa feridas na epiderme ap\u00f3s o tratamento.<\/li>\n<li><strong>Regenera\u00e7\u00e3o da pele<\/strong>: Promove a regenera\u00e7\u00e3o da pele ap\u00f3s o tratamento.<\/li>\n<li><strong>Produ\u00e7\u00e3o de col\u00e1geno<\/strong>: Estimula a produ\u00e7\u00e3o de novo col\u00e1geno na derme.<\/li>\n<li><strong>Elasticidade da pele melhorada<\/strong>: Melhora a elasticidade da pele atrav\u00e9s da forma\u00e7\u00e3o de novo col\u00e1geno.<\/li>\n<li><strong>N\u00e3o invasivo<\/strong>: Sem dor, sem cicatrizes, sem sangramento, sem feridas, n\u00e3o invasivo, mais seguro e mais eficaz.<\/li>\n<\/ol>\n<h3>Fun\u00e7\u00f5es<\/h3>\n<ol>\n<li><strong>Absor\u00e7\u00e3o melhorada<\/strong>: Melhora a taxa de absor\u00e7\u00e3o de ingredientes eficazes em produtos para cuidados com a pele.<\/li>\n<li><strong>Esteriliza\u00e7\u00e3o e Anti-Inflama\u00e7\u00e3o<\/strong>: Remove eficazmente bact\u00e9rias da acne profunda da pele, marcas de acne e previne recorr\u00eancias.<\/li>\n<li><strong>Acelera o metabolismo<\/strong>: Promove a regenera\u00e7\u00e3o do col\u00e1geno e alivia o envelhecimento da pele.<\/li>\n<li><strong>Alivia a coceira<\/strong>: Alivia a coceira da pele causada por alergias e ressecamento.<\/li>\n<li><strong>Clareia o tom da pele<\/strong>: Inibe a melanina, clareia o tom da pele, refina a textura da pele e fecha os poros.<\/li>\n<\/ol>\n<h3>Efeitos do Plasma de Oz\u00f4nio<\/h3>\n<ol>\n<li><strong>Penetra\u00e7\u00e3o Eficiente<\/strong>: Ativa as c\u00e9lulas epid\u00e9rmicas da pele instantaneamente, aumentando a hidrofilicidade da pele, ajudando as solu\u00e7\u00f5es nutritivas a serem totalmente absorvidas para melhorar a textura e o brilho da pele.<\/li>\n<li><strong>Melhora a elasticidade e o antienvelhecimento<\/strong>: Equilibra o potencial da membrana, permitindo que os \u00edons passem facilmente, firmando a membrana e melhorando a elasticidade da pele.<\/li>\n<li><strong>Remove acne e hemorroidas<\/strong>: Esfolia as c\u00e9lulas gliais mortas, mata as bact\u00e9rias causadoras da acne e inibe a secre\u00e7\u00e3o de sebo, prevenindo a recorr\u00eancia da acne.<\/li>\n<li><strong>Antibacteriano e anti-inflamat\u00f3rio<\/strong>: Cont\u00e9m \u00e1tomos e mol\u00e9culas reativas de oxig\u00eanio que destroem as membranas celulares bacterianas, o DNA e as prote\u00ednas, proporcionando um forte efeito bactericida.<\/li>\n<\/ol>\n<\/div>\n<\/div>\n<\/div>\n<div class=\"J_module\">\n<div class=\"detail-decorate-json-renderer-container\">\n<div class=\"magic-1\">\n<div class=\"magic-4\"><\/div>\n<\/div>\n<\/div>\n<\/div>\n<div class=\"J_module\">\n<div class=\"detail-decorate-json-renderer-container\">\n<div class=\"magic-1\">\n<div class=\"magic-4\">\n<div class=\"magic-5\">\n<div class=\"magic-6\">\n<div><\/div>\n<\/div>\n<\/div>\n<\/div>\n<\/div>\n<\/div>\n<\/div>\n<div class=\"J_module\">\n<div class=\"icbu-pc-images magic-8\">\n<div>\n<div class=\"flex-layout-v\">\n<div class=\"flex-layout-h magic-8\">\n<div class=\"magic-27\"><img loading=\"lazy\" decoding=\"async\" class=\"magic-28 aligncenter\" title=\"M\u00e1quina de beleza de plasma de oz\u00f4nio\" src=\"https:\/\/sc04.alicdn.com\/kf\/Hc84e1501458c459f8036565a963fab8fG\/247315878\/Hc84e1501458c459f8036565a963fab8fG.png\" alt=\"M\u00e1quina de beleza de plasma de oz\u00f4nio\" width=\"750\" height=\"385\" data-src=\"\/\/sc04.alicdn.com\/kf\/Hc84e1501458c459f8036565a963fab8fG\/247315878\/Hc84e1501458c459f8036565a963fab8fG.png\" \/><\/div>\n<\/div>\n<div>\n<h3><strong>Personalizar O Logotipo<\/strong><\/h3>\n<p>Quer fazer sua marca se destacam? N\u00f3s oferecemos o logotipo personalizado servi\u00e7os para ajudar voc\u00ea a criar uma \u00fanica e personalizada logo que reflete a identidade de sua marca. Nossa equipe de especialistas ir\u00e1 trabalhar em estreita colabora\u00e7\u00e3o com voc\u00ea para criar um logotipo que est\u00e1 em conson\u00e2ncia com os valores da sua marca e de mensagens. Se voc\u00ea estiver olhando para renovar o seu logotipo existente ou criar um novo a partir do zero, n\u00f3s temos que cobertas. <a href=\"\/pt\/contato\/\">Contacte-nos<\/a> hoje para saber mais sobre o nosso logotipo personalizado servi\u00e7os!<\/p>\n<p style=\"text-align: center;\">\n<\/div>\n<\/div>\n<\/div>\n<\/div>\n<\/div>","protected":false},"excerpt":{"rendered":"<p><span class=\"magic-7\" style=\"font-family: Arial;\">O oz\u00f4nio atua na membrana celular das bact\u00e9rias, causando danos aos componentes da membrana, destruindo lipoprote\u00ednas e lipopolissacar\u00eddeos na membrana, alterando a lise e a morte celular, matando fungos bacterianos e pulg\u00f5es em um per\u00edodo muito curto de tempo e inibindo a inflama\u00e7\u00e3o, e o efeito da acne \u00e9 \u00f3bvio. O oz\u00f4nio \u00e9 reduzido a oxig\u00eanio ap\u00f3s a esteriliza\u00e7\u00e3o. N\u00e3o h\u00e1 res\u00edduos ou polui\u00e7\u00e3o secund\u00e1ria, o que \u00e9 inating\u00edvel por qualquer sistema qu\u00edmico.<\/span><\/p>","protected":false},"featured_media":2585,"comment_status":"open","ping_status":"closed","template":"","meta":{"_kad_post_transparent":"default","_kad_post_title":"","_kad_post_layout":"default","_kad_post_sidebar_id":"","_kad_post_content_style":"default","_kad_post_vertical_padding":"default","_kad_post_feature":"","_kad_post_feature_position":"","_kad_post_header":false,"_kad_post_footer":false,"_kad_post_classname":"","rank_math_title":"","rank_math_description":"","rank_math_focus_keyword":""},"product_brand":[],"product_cat":[33],"product_tag":[],"class_list":{"0":"post-2584","1":"product","2":"type-product","3":"status-publish","4":"has-post-thumbnail","6":"product_cat-face-care","7":"product_shipping_class-included-shipping","9":"first","10":"instock","11":"sale","12":"shipping-taxable","13":"purchasable","14":"product-type-simple","15":"entry","16":"content-bg","17":"loop-entry"},"_links":{"self":[{"href":"https:\/\/skbty.com\/pt\/wp-json\/wp\/v2\/product\/2584","targetHints":{"allow":["GET"]}}],"collection":[{"href":"https:\/\/skbty.com\/pt\/wp-json\/wp\/v2\/product"}],"about":[{"href":"https:\/\/skbty.com\/pt\/wp-json\/wp\/v2\/types\/product"}],"replies":[{"embeddable":true,"href":"https:\/\/skbty.com\/pt\/wp-json\/wp\/v2\/comments?post=2584"}],"wp:featuredmedia":[{"embeddable":true,"href":"https:\/\/skbty.com\/pt\/wp-json\/wp\/v2\/media\/2585"}],"wp:attachment":[{"href":"https:\/\/skbty.com\/pt\/wp-json\/wp\/v2\/media?parent=2584"}],"wp:term":[{"taxonomy":"product_brand","embeddable":true,"href":"https:\/\/skbty.com\/pt\/wp-json\/wp\/v2\/product_brand?post=2584"},{"taxonomy":"product_cat","embeddable":true,"href":"https:\/\/skbty.com\/pt\/wp-json\/wp\/v2\/product_cat?post=2584"},{"taxonomy":"product_tag","embeddable":true,"href":"https:\/\/skbty.com\/pt\/wp-json\/wp\/v2\/product_tag?post=2584"}],"curies":[{"name":"Wp","href":"https:\/\/api.w.org\/{rel}","templated":true}]}}