{"id":2592,"date":"2024-01-15T19:28:05","date_gmt":"2024-01-15T11:28:05","guid":{"rendered":"https:\/\/skbty.com\/?post_type=product&#038;p=2592"},"modified":"2025-12-05T18:42:05","modified_gmt":"2025-12-05T10:42:05","slug":"maquina-de-modelagem-corporal-5-em-1-v9-velashape","status":"publish","type":"product","link":"https:\/\/skbty.com\/pt\/product\/maquina-de-modelagem-corporal-5-em-1-v9-velashape\/","title":{"rendered":"M\u00e1quina de modelagem corporal V9 Velashape 5 em 1"},"content":{"rendered":"<div class=\"J_module\">\n<div class=\"icbu-pc-images magic-1\">\n<div class=\"flex-layout-v\">\n<div class=\"flex-layout-h magic-1\">\n<div>\n<h3>O que \u00e9 o <strong>M\u00e1quina de modelagem corporal V9 Velashape?<\/strong><\/h3>\n<p><strong>M\u00e1quina de modelagem corporal Velashape V9 para desktop<\/strong> \u00e9 um dispositivo multifuncional projetado para rejuvenescimento corporal e facial abrangente. Ele aborda efetivamente problemas como obesidade corporal e envelhecimento facial usando ondas de energia seguras de alta frequ\u00eancia para atingir c\u00e9lulas de gordura subcut\u00e2neas. Este processo gera ondas de choque poderosas, radicais livres e microjatos de alta velocidade, decompondo as paredes das c\u00e9lulas de gordura de dentro para fora. Os detritos celulares s\u00e3o engolfados por fag\u00f3citos, e a gordura livre \u00e9 metabolizada para o f\u00edgado via linfa e sangue. Este dispositivo melhora os contornos do corpo, levanta \u00e1reas fl\u00e1cidas, aumenta a firmeza da pele e reduz a celulite teimosa.<\/p>\n<table style=\"border-collapse: collapse; width: 100%;\">\n<tbody>\n<tr>\n<td style=\"width: 50%;\">\n<h3><img loading=\"lazy\" decoding=\"async\" class=\"magic-3 aligncenter\" title=\"M\u00e1quina de modelagem corporal V9 Velashape\" src=\"https:\/\/sc04.alicdn.com\/kf\/Hbdfdeb1c61eb43ef8ca7ab596539ac92F\/247315878\/Hbdfdeb1c61eb43ef8ca7ab596539ac92F.jpg\" alt=\"M\u00e1quina de modelagem corporal V9 Velashape\" width=\"351\" height=\"596\" data-src=\"\/\/sc04.alicdn.com\/kf\/Hbdfdeb1c61eb43ef8ca7ab596539ac92F\/247315878\/Hbdfdeb1c61eb43ef8ca7ab596539ac92F.jpg\" \/><\/h3>\n<\/td>\n<td style=\"width: 50%;\"><img loading=\"lazy\" decoding=\"async\" class=\"magic-23 aligncenter\" title=\"M\u00e1quina de modelagem corporal V9 Velashape\" src=\"https:\/\/sc04.alicdn.com\/kf\/H10f32915c4784cc7ad70204cb19d588bo\/247315878\/H10f32915c4784cc7ad70204cb19d588bo.jpg\" alt=\"M\u00e1quina de modelagem corporal V9 Velashape\" width=\"492\" height=\"519\" data-src=\"\/\/sc04.alicdn.com\/kf\/H10f32915c4784cc7ad70204cb19d588bo\/247315878\/H10f32915c4784cc7ad70204cb19d588bo.jpg\" \/><\/td>\n<\/tr>\n<\/tbody>\n<\/table>\n<h3>Especifica\u00e7\u00f5es<\/h3>\n<ul>\n<li><strong>Produto<\/strong>: M\u00e1quina de modelagem corporal VelashapeIII para desktop<\/li>\n<li><strong>Tens\u00e3o<\/strong>: 220 V\/50 Hz, 110 V\/60 Hz<\/li>\n<li><strong>Dimens\u00e3o da embalagem<\/strong>: 63 cm<em>63 cm<\/em>63 cm<\/li>\n<li><strong>Pot\u00eancia m\u00e1xima<\/strong>: 800 W<\/li>\n<li><strong>Fus\u00edvel<\/strong>: 220V-5A\/110V-10A<\/li>\n<\/ul>\n<h4>Cabe\u00e7a de cavita\u00e7\u00e3o de 40 KHz<\/h4>\n<ul>\n<li><strong>Tens\u00e3o<\/strong>: 36V<\/li>\n<li><strong>Frequ\u00eancia de cavita\u00e7\u00e3o<\/strong>: 40KHz<\/li>\n<li><strong>Pot\u00eancia m\u00e1xima de sa\u00edda<\/strong>: 54 W<\/li>\n<li><strong>\u00c1rea de trabalho<\/strong>: 33cm\u00b2<\/li>\n<li><strong>Intensidade Energ\u00e9tica<\/strong>: 1,62 W\/cm\u00b2<\/li>\n<li><strong>Sa\u00edda<\/strong>: Pulso<\/li>\n<li><strong>N\u00edvel de sa\u00edda<\/strong>: 8<\/li>\n<\/ul>\n<h4>Cabe\u00e7a de RF de v\u00e1cuo facial<\/h4>\n<ul>\n<li><strong>Voltagem da bomba de ar<\/strong>: 220 V\/110 V<\/li>\n<li><strong>Tens\u00e3o RF<\/strong>:DC36V<\/li>\n<li><strong>Frequ\u00eancia RF<\/strong>: 5MHz<\/li>\n<li><strong>N\u00edvel de sa\u00edda<\/strong>: 10<\/li>\n<\/ul>\n<h4>Cabe\u00e7a do rolo do meio<\/h4>\n<ul>\n<li><strong>Voltagem da bomba de ar<\/strong>: 220 V\/110 V<\/li>\n<li><strong>Tens\u00e3o da engrenagem do motor<\/strong>:DC5V<\/li>\n<li><strong>Tens\u00e3o RF<\/strong>:DC36V<\/li>\n<li><strong>Frequ\u00eancia RF<\/strong>: 5MHz<\/li>\n<li><strong>N\u00edvel RF<\/strong>: 10<\/li>\n<li><strong>Luz vermelha<\/strong>: 650 nm<\/li>\n<\/ul>\n<h4>Caneta RF Eyes Vacuum<\/h4>\n<ul>\n<li><strong>Voltagem da bomba de ar<\/strong>: 220 V\/110 V<\/li>\n<li><strong>Tens\u00e3o RF<\/strong>:DC36V<\/li>\n<li><strong>Frequ\u00eancia RF<\/strong>: 5MHz<\/li>\n<li><strong>N\u00edvel de sa\u00edda<\/strong>: 10<\/li>\n<\/ul>\n<h4>Cabe\u00e7a de rolo grande<\/h4>\n<ul>\n<li><strong>Voltagem da bomba de ar<\/strong>: 220 V\/110 V<\/li>\n<li><strong>Tens\u00e3o da engrenagem do motor<\/strong>: DC12V<\/li>\n<li><strong>Frequ\u00eancia RF<\/strong>: 5MHz<\/li>\n<li><strong>N\u00edvel de sa\u00edda de RF<\/strong>: 10<\/li>\n<li><strong>Sa\u00edda M\u00e1xima de RF<\/strong>: 60 W<\/li>\n<li><strong>Pot\u00eancia da bomba de ar<\/strong>: 270 W<\/li>\n<li><strong>Luz vermelha<\/strong>: 650 nm<\/li>\n<li><strong>Luz verde<\/strong>: 560 nm<\/li>\n<li><strong>Luz Azul<\/strong>: 490 nm<\/li>\n<\/ul>\n<table style=\"border-collapse: collapse; width: 100%;\">\n<tbody>\n<tr>\n<td style=\"width: 50%;\"><img loading=\"lazy\" decoding=\"async\" class=\"magic-39 aligncenter\" title=\"M\u00e1quina de modelagem corporal V9 Velashape\" src=\"https:\/\/sc04.alicdn.com\/kf\/Ha745133d14f9408aa651085591c3922ah\/247315878\/Ha745133d14f9408aa651085591c3922ah.jpg\" alt=\"M\u00e1quina de modelagem corporal V9 Velashape\" width=\"427\" height=\"478\" data-src=\"\/\/sc04.alicdn.com\/kf\/Ha745133d14f9408aa651085591c3922ah\/247315878\/Ha745133d14f9408aa651085591c3922ah.jpg\" \/><\/td>\n<td style=\"width: 50%;\"><img loading=\"lazy\" decoding=\"async\" class=\"magic-41 aligncenter\" title=\"M\u00e1quina de modelagem corporal V9 Velashape\" src=\"https:\/\/sc04.alicdn.com\/kf\/H49524add0fbe4a4ebbb4911a61adf65d4\/247315878\/H49524add0fbe4a4ebbb4911a61adf65d4.jpg\" alt=\"M\u00e1quina de modelagem corporal V9 Velashape\" width=\"348\" height=\"458\" data-src=\"\/\/sc04.alicdn.com\/kf\/H49524add0fbe4a4ebbb4911a61adf65d4\/247315878\/H49524add0fbe4a4ebbb4911a61adf65d4.jpg\" \/><\/td>\n<\/tr>\n<\/tbody>\n<\/table>\n<h3>Princ\u00edpio de funcionamento<\/h3>\n<h4>Cabe\u00e7a de rolo grande<\/h4>\n<p>Usa suc\u00e7\u00e3o de press\u00e3o negativa e um design de rolo exclusivo para levantar a pele e o tecido muscular subcut\u00e2neo. Os rolos dianteiros e traseiros de suc\u00e7\u00e3o a v\u00e1cuo realizam massagem profunda, acelerando o metabolismo de triglicer\u00eddeos e \u00e1cidos graxos decompostos pela queima de gordura. A l\u00e2mpada tricolor (vermelha, azul, verde) melhora a circula\u00e7\u00e3o sangu\u00ednea, acalma a pele e promove a absor\u00e7\u00e3o. Esta massagem profunda aumenta a desintoxica\u00e7\u00e3o linf\u00e1tica e a circula\u00e7\u00e3o sangu\u00ednea, consumindo efetivamente a gordura acumulada para um efeito de emagrecimento.<\/p>\n<h4>Cabe\u00e7a do rolo do meio<\/h4>\n<p>Utiliza suc\u00e7\u00e3o de press\u00e3o negativa e um design de rolo exclusivo para levantar a pele e o tecido muscular subcut\u00e2neo. A luz infravermelha melhora a circula\u00e7\u00e3o sangu\u00ednea. Esta massagem profunda acelera o metabolismo da gordura e a desintoxica\u00e7\u00e3o, consumindo efetivamente a gordura acumulada para um efeito de emagrecimento.<\/p>\n<table style=\"width: 100%; border-collapse: collapse;\" border=\"1\">\n<tbody>\n<tr>\n<td style=\"width: 20%;\">\n<h5>Cabe\u00e7a de rolo grande<\/h5>\n<\/td>\n<td style=\"width: 20%;\">\n<h5>Cabe\u00e7a do rolo do meio<\/h5>\n<\/td>\n<td style=\"width: 20%;\">\n<h5>Cabe\u00e7a de cavita\u00e7\u00e3o de 40 KHz<\/h5>\n<\/td>\n<td style=\"width: 20%;\">\n<h5>Cabe\u00e7a de RF de v\u00e1cuo facial<\/h5>\n<\/td>\n<td style=\"width: 20%;\">\n<h5>Caneta RF Eyes Vacuum<\/h5>\n<\/td>\n<\/tr>\n<tr>\n<td style=\"width: 20%;\"><img loading=\"lazy\" decoding=\"async\" class=\"magic-30 aligncenter\" title=\"M\u00e1quina de modelagem corporal V9 Velashape\" src=\"https:\/\/sc04.alicdn.com\/kf\/He62f99bdba0b40b1b5ad8aa981862649R\/247315878\/He62f99bdba0b40b1b5ad8aa981862649R.jpg\" alt=\"M\u00e1quina de modelagem corporal V9 Velashape\" width=\"172\" height=\"172\" data-src=\"\/\/sc04.alicdn.com\/kf\/He62f99bdba0b40b1b5ad8aa981862649R\/247315878\/He62f99bdba0b40b1b5ad8aa981862649R.jpg\" \/><\/td>\n<td style=\"width: 20%;\"><img loading=\"lazy\" decoding=\"async\" class=\"magic-30 alignnone\" title=\"M\u00e1quina de modelagem corporal V9 Velashape\" src=\"https:\/\/sc04.alicdn.com\/kf\/Hf3902ca765b5449d9e253deb76ac2ac1Q\/247315878\/Hf3902ca765b5449d9e253deb76ac2ac1Q.jpg\" alt=\"M\u00e1quina de modelagem corporal V9 Velashape\" width=\"750\" height=\"750\" data-src=\"\/\/sc04.alicdn.com\/kf\/Hf3902ca765b5449d9e253deb76ac2ac1Q\/247315878\/Hf3902ca765b5449d9e253deb76ac2ac1Q.jpg\" \/><\/td>\n<td style=\"width: 20%;\"><span class=\"magic-13\" style=\"font-family: Arial;\"><img loading=\"lazy\" decoding=\"async\" class=\"magic-33 alignnone\" title=\"M\u00e1quina de modelagem corporal V9 Velashape\" src=\"https:\/\/sc04.alicdn.com\/kf\/Hf7f3d7bdcd1945ef93f3091323db06e9e\/247315878\/Hf7f3d7bdcd1945ef93f3091323db06e9e.jpg\" alt=\"M\u00e1quina de modelagem corporal V9 Velashape\" width=\"750\" height=\"750\" data-src=\"\/\/sc04.alicdn.com\/kf\/Hf7f3d7bdcd1945ef93f3091323db06e9e\/247315878\/Hf7f3d7bdcd1945ef93f3091323db06e9e.jpg\" \/><\/span><\/td>\n<td style=\"width: 20%;\"><img loading=\"lazy\" decoding=\"async\" class=\"magic-33 alignnone\" title=\"M\u00e1quina de modelagem corporal V9 Velashape\" src=\"https:\/\/sc04.alicdn.com\/kf\/H33e9bb628a4946a59bd36e9c5ebf68be5\/247315878\/H33e9bb628a4946a59bd36e9c5ebf68be5.jpg\" alt=\"M\u00e1quina de modelagem corporal V9 Velashape\" width=\"750\" height=\"750\" data-src=\"\/\/sc04.alicdn.com\/kf\/H33e9bb628a4946a59bd36e9c5ebf68be5\/247315878\/H33e9bb628a4946a59bd36e9c5ebf68be5.jpg\" \/><\/td>\n<td style=\"width: 20%;\"><img loading=\"lazy\" decoding=\"async\" class=\"magic-33 alignnone\" title=\"M\u00e1quina de modelagem corporal V9 Velashape\" src=\"https:\/\/sc04.alicdn.com\/kf\/H9105239f72634cd5b5caeaf57377b2aei\/247315878\/H9105239f72634cd5b5caeaf57377b2aei.jpg\" alt=\"M\u00e1quina de modelagem corporal V9 Velashape\" width=\"750\" height=\"750\" data-src=\"\/\/sc04.alicdn.com\/kf\/H9105239f72634cd5b5caeaf57377b2aei\/247315878\/H9105239f72634cd5b5caeaf57377b2aei.jpg\" \/><\/td>\n<\/tr>\n<\/tbody>\n<\/table>\n<h4>Cabe\u00e7a de cavita\u00e7\u00e3o de 40 KHz<\/h4>\n<p>Emite ondas sonoras de 40KHz para gerar ondas de choque e microjatos, decompondo c\u00e9lulas de gordura com seguran\u00e7a. Os detritos s\u00e3o ent\u00e3o metabolizados e excretados pelo sistema linf\u00e1tico.<\/p>\n<h4>Cabe\u00e7a de RF de v\u00e1cuo facial<\/h4>\n<p>Combina press\u00e3o negativa, RF e luz infravermelha para melhorar a flacidez facial e a perda de col\u00e1geno. Fortalece a circula\u00e7\u00e3o sangu\u00ednea, ativa c\u00e9lulas, promove a regenera\u00e7\u00e3o do col\u00e1geno e trata gordura facial, flacidez e rugas.<\/p>\n<h4>Caneta RF Eyes Vacuum<\/h4>\n<p>Utiliza press\u00e3o negativa e RF para melhorar a circula\u00e7\u00e3o sangu\u00ednea ao redor dos olhos, eliminar bolsas nos olhos, melhorar linhas finas e olheiras e promover a absor\u00e7\u00e3o de nutrientes.<\/p>\n<table style=\"border-collapse: collapse; width: 100%;\">\n<tbody>\n<tr>\n<td style=\"width: 50%;\"><img loading=\"lazy\" decoding=\"async\" class=\"magic-35 aligncenter\" title=\"M\u00e1quina de modelagem corporal V9 Velashape\" src=\"https:\/\/sc04.alicdn.com\/kf\/H0d1631f1a406439481b88d010ccecf5df\/247315878\/H0d1631f1a406439481b88d010ccecf5df.jpg\" alt=\"M\u00e1quina de modelagem corporal V9 Velashape\" width=\"399\" height=\"361\" data-src=\"\/\/sc04.alicdn.com\/kf\/H0d1631f1a406439481b88d010ccecf5df\/247315878\/H0d1631f1a406439481b88d010ccecf5df.jpg\" \/><\/td>\n<td style=\"width: 50%;\"><img loading=\"lazy\" decoding=\"async\" class=\"magic-37 aligncenter\" title=\"M\u00e1quina de modelagem corporal V9 Velashape\" src=\"https:\/\/sc04.alicdn.com\/kf\/Hf1c4e13a540047bdb66c78ed4505919fu\/247315878\/Hf1c4e13a540047bdb66c78ed4505919fu.jpg\" alt=\"M\u00e1quina de modelagem corporal V9 Velashape\" width=\"308\" height=\"410\" data-src=\"\/\/sc04.alicdn.com\/kf\/Hf1c4e13a540047bdb66c78ed4505919fu\/247315878\/Hf1c4e13a540047bdb66c78ed4505919fu.jpg\" \/><\/td>\n<\/tr>\n<\/tbody>\n<\/table>\n<h3>\u00a0Caracter\u00edsticas e benef\u00edcios<\/h3>\n<ol>\n<li><strong>Efic\u00e1cia comprovada<\/strong>: Melhora a celulite e reduz o ac\u00famulo de gordura.<\/li>\n<li><strong>Recomendado globalmente<\/strong>: Endossado pela Organiza\u00e7\u00e3o Mundial da Sa\u00fade.<\/li>\n<li><strong>Celebridade endossada<\/strong>: Popular entre as estrelas de Hollywood e destaque em diversas revistas.<\/li>\n<li><strong>Tecnologia Avan\u00e7ada<\/strong>: Combina luz e RF para aumentar a efic\u00e1cia do tratamento.<\/li>\n<li><strong>N\u00e3o invasivo<\/strong>: Tratamento confort\u00e1vel sem tempo de recupera\u00e7\u00e3o.<\/li>\n<li><strong>Tratamento abrangente<\/strong>: Aborda tanto a modelagem corporal quanto o rejuvenescimento facial.<\/li>\n<li><strong>R\u00e1pido e eficaz<\/strong>:Os resultados de curto e longo prazo s\u00e3o previs\u00edveis e impressionantes.<\/li>\n<li><strong>Seguro e confort\u00e1vel<\/strong>: N\u00e3o s\u00e3o necess\u00e1rias agulhas ou cirurgia.<\/li>\n<\/ol>\n<h3>Aplica\u00e7\u00f5es<\/h3>\n<ol>\n<li><strong>Levante e Firme o Rosto<\/strong>: Levanta e estica eficazmente a pele do rosto.<\/li>\n<li><strong>Modelagem corporal e redu\u00e7\u00e3o de circunfer\u00eancia<\/strong>: Reduz a gordura corporal e modela o corpo.<\/li>\n<li><strong>Elimine rugas faciais e do pesco\u00e7o<\/strong>: Reduz rugas para uma apar\u00eancia mais suave.<\/li>\n<li><strong>Trate acne, olheiras e bolsas sob os olhos<\/strong>: Melhora a sa\u00fade e a apar\u00eancia da pele.<\/li>\n<li><strong>Melhora o metabolismo da pele<\/strong>: Aumenta o metabolismo da pele para uma pele mais saud\u00e1vel.<\/li>\n<li><strong>Tratamento de p\u00e1lpebra superior<\/strong>: Projetado especificamente para melhorar a apar\u00eancia da p\u00e1lpebra superior.<\/li>\n<li><strong>Superf\u00edcie da pele lisa e massagem<\/strong>: Proporciona uma superf\u00edcie de pele lisa e massagem relaxante.<\/li>\n<li><strong>Reduzir Celulite<\/strong>: Reduz eficazmente a celulite para uma pele mais lisa.<\/li>\n<\/ol>\n<h3><strong>Personalizar O Logotipo<\/strong><\/h3>\n<p>Quer fazer sua marca se destacam? N\u00f3s oferecemos o logotipo personalizado servi\u00e7os para ajudar voc\u00ea a criar uma \u00fanica e personalizada logo que reflete a identidade de sua marca. Nossa equipe de especialistas ir\u00e1 trabalhar em estreita colabora\u00e7\u00e3o com voc\u00ea para criar um logotipo que est\u00e1 em conson\u00e2ncia com os valores da sua marca e de mensagens. Se voc\u00ea estiver olhando para renovar o seu logotipo existente ou criar um novo a partir do zero, n\u00f3s temos que cobertas. <a href=\"\/pt\/contato\/\">Contacte-nos<\/a> hoje para saber mais sobre o nosso logotipo personalizado servi\u00e7os!<\/p>\n<p style=\"text-align: center;\">\n<\/div>\n<\/div>\n<\/div>\n<\/div>\n<\/div>","protected":false},"excerpt":{"rendered":"<p><span class=\"magic-10\" style=\"font-family: Arial;\">A m\u00e1quina de modelagem corporal Desktop V9 Velashape \u00e9 um instrumento integrado de sistema operacional multifuncional que combina corpo e rosto, o que pode melhorar problemas como obesidade corporal e envelhecimento facial. O instrumento atua nas c\u00e9lulas de gordura subcut\u00e2neas do corpo humano por meio de uma onda de energia segura de alta frequ\u00eancia, que gera a mesma resson\u00e2ncia de frequ\u00eancia dentro das c\u00e9lulas de gordura para gerar ondas de choque poderosas. , Radicais livres e microjatos de alta velocidade. Decomp\u00f5e com seguran\u00e7a a parede da c\u00e9lula de gordura de dentro para gerar detritos celulares e gordura livre. Os detritos celulares s\u00e3o engolfados por fag\u00f3citos, e a gordura livre \u00e9 metabolizada para o f\u00edgado via linfa e sangue.<\/span><\/p>","protected":false},"featured_media":2593,"comment_status":"open","ping_status":"closed","template":"","meta":{"_kad_post_transparent":"default","_kad_post_title":"","_kad_post_layout":"default","_kad_post_sidebar_id":"","_kad_post_content_style":"default","_kad_post_vertical_padding":"default","_kad_post_feature":"","_kad_post_feature_position":"","_kad_post_header":false,"_kad_post_footer":false,"_kad_post_classname":"","rank_math_title":"","rank_math_description":"","rank_math_focus_keyword":""},"product_brand":[],"product_cat":[31],"product_tag":[],"class_list":{"0":"post-2592","1":"product","2":"type-product","3":"status-publish","4":"has-post-thumbnail","6":"product_cat-body-slimming","8":"first","9":"instock","10":"sale","11":"shipping-taxable","12":"purchasable","13":"product-type-simple","14":"entry","15":"content-bg","16":"loop-entry"},"_links":{"self":[{"href":"https:\/\/skbty.com\/pt\/wp-json\/wp\/v2\/product\/2592","targetHints":{"allow":["GET"]}}],"collection":[{"href":"https:\/\/skbty.com\/pt\/wp-json\/wp\/v2\/product"}],"about":[{"href":"https:\/\/skbty.com\/pt\/wp-json\/wp\/v2\/types\/product"}],"replies":[{"embeddable":true,"href":"https:\/\/skbty.com\/pt\/wp-json\/wp\/v2\/comments?post=2592"}],"wp:featuredmedia":[{"embeddable":true,"href":"https:\/\/skbty.com\/pt\/wp-json\/wp\/v2\/media\/2593"}],"wp:attachment":[{"href":"https:\/\/skbty.com\/pt\/wp-json\/wp\/v2\/media?parent=2592"}],"wp:term":[{"taxonomy":"product_brand","embeddable":true,"href":"https:\/\/skbty.com\/pt\/wp-json\/wp\/v2\/product_brand?post=2592"},{"taxonomy":"product_cat","embeddable":true,"href":"https:\/\/skbty.com\/pt\/wp-json\/wp\/v2\/product_cat?post=2592"},{"taxonomy":"product_tag","embeddable":true,"href":"https:\/\/skbty.com\/pt\/wp-json\/wp\/v2\/product_tag?post=2592"}],"curies":[{"name":"Wp","href":"https:\/\/api.w.org\/{rel}","templated":true}]}}