{"id":2600,"date":"2024-01-15T19:33:42","date_gmt":"2024-01-15T11:33:42","guid":{"rendered":"https:\/\/skbty.com\/?post_type=product&#038;p=2600"},"modified":"2024-06-18T15:36:58","modified_gmt":"2024-06-18T07:36:58","slug":"aparelho-de-mesoterapia-facial","status":"publish","type":"product","link":"https:\/\/skbty.com\/pt\/product\/aparelho-de-mesoterapia-facial\/","title":{"rendered":"Dispositivo de mesoterapia Hello Face 2 em 1"},"content":{"rendered":"<div class=\"J_module\">\n<div class=\"detail-decorate-json-renderer-container\">\n<div class=\"magic-1\">\n<h3>O que \u00e9 o <strong>Ol\u00e1, aparelho de mesoterapia facial?<\/strong><\/h3>\n<p><strong>Dispositivo de mesoterapia Hello Face 2 em 1<\/strong> \u00e9 um dispositivo avan\u00e7ado de cuidados com a pele projetado para fornecer nutrientes profundamente na pele e ativar a regenera\u00e7\u00e3o do col\u00e1geno. Combinando mesoterapia e tecnologias de RF, este dispositivo aborda efetivamente v\u00e1rios problemas de pele, como rugas, flacidez e tom de pele irregular, fornecendo uma solu\u00e7\u00e3o abrangente para o rejuvenescimento da pele.<\/p>\n<h3>Tecnologia de <strong>Mesoterapia Facial<\/strong><\/h3>\n<p><strong>Cabo de mesoterapia<\/strong>: O fluxo de ar de ultra-alta velocidade passa por um gerador de part\u00edculas, decompondo nutrientes em centenas de milh\u00f5es de part\u00edculas finas. Essas part\u00edculas s\u00e3o ent\u00e3o aceleradas a uma velocidade supers\u00f4nica, rompendo a barreira da pele e levando nutrientes profundamente para as camadas da pele.<\/p>\n<p><strong>Al\u00e7a RF<\/strong>: A onda el\u00e9trica de RF penetra nas camadas superficiais, m\u00e9dias e profundas da pele, ativando a reorganiza\u00e7\u00e3o e regenera\u00e7\u00e3o do col\u00e1geno para obter efeitos de levantamento e firmeza.<\/p>\n<table style=\"border-collapse: collapse; width: 100%;\">\n<tbody>\n<tr>\n<td style=\"width: 50%;\"><img loading=\"lazy\" decoding=\"async\" class=\"magic-23 aligncenter\" title=\" Dispositivo de mesoterapia Hello Face\" src=\"https:\/\/sc04.alicdn.com\/kf\/H30209224264e47ed9573b5099bd4f395z\/247315878\/H30209224264e47ed9573b5099bd4f395z.jpg\" alt=\" Dispositivo de mesoterapia Hello Face\" width=\"385\" height=\"1191\" data-src=\"\/\/sc04.alicdn.com\/kf\/H30209224264e47ed9573b5099bd4f395z\/247315878\/H30209224264e47ed9573b5099bd4f395z.jpg\" \/><\/td>\n<td style=\"width: 50%;\"><img loading=\"lazy\" decoding=\"async\" class=\"magic-25 aligncenter\" title=\" Dispositivo de mesoterapia Hello Face\" src=\"https:\/\/sc04.alicdn.com\/kf\/H5be873a0debe4678b204d55227619797E\/247315878\/H5be873a0debe4678b204d55227619797E.jpg\" alt=\" Dispositivo de mesoterapia Hello Face\" width=\"364\" height=\"1185\" data-src=\"\/\/sc04.alicdn.com\/kf\/H5be873a0debe4678b204d55227619797E\/247315878\/H5be873a0debe4678b204d55227619797E.jpg\" \/><\/td>\n<\/tr>\n<\/tbody>\n<\/table>\n<h3>Especifica\u00e7\u00f5es<\/h3>\n<ul>\n<li><strong>Nome<\/strong>: : Dispositivo de mesoterapia Hello Face 2 em 1<\/li>\n<li><strong>Caracter\u00edsticas<\/strong>: Removedor de rugas, endurecimento da pele, antienvelhecimento, firmeza, revitalizador da pele, clareamento, rejuvenescimento da pele, limpeza de manchas, hidratante, limpador de poros<\/li>\n<li><strong>Servi\u00e7o<\/strong>: OEM\/ODM<\/li>\n<li><strong>Tens\u00e3o de trabalho<\/strong>: CA 220 V-230 V<\/li>\n<li><strong>Freq\u00fc\u00eancia<\/strong>: 4MHz<\/li>\n<li><strong>Press\u00e3o do ar<\/strong>: 0,65 MPA<\/li>\n<li><strong>Poder<\/strong>: 160 W<\/li>\n<li><strong>Tamanho<\/strong>: 40<em>33<\/em>16cm<\/li>\n<li><strong>Peso bruto<\/strong>: 7,2 kg<\/li>\n<\/ul>\n<h3>Caracter\u00edsticas e benef\u00edcios<\/h3>\n<ol>\n<li><strong>Firmeza da pele delicada<\/strong>: A r\u00e1pida decomposi\u00e7\u00e3o de nutrientes profundamente na pele garante um endurecimento eficaz.<\/li>\n<li><strong>Dispositivo tudo-em-um<\/strong>: Combina m\u00faltiplas energias para um cuidado completo da pele.<\/li>\n<li><strong>Experi\u00eancia atualizada<\/strong>: As ondas de r\u00e1dio RF penetram profundamente na pele, ativando a recombina\u00e7\u00e3o e a regenera\u00e7\u00e3o do col\u00e1geno.<\/li>\n<li><strong>Reparo de precis\u00e3o poderoso<\/strong>: Proporciona repara\u00e7\u00e3o e restaura\u00e7\u00e3o direcionadas das camadas da pele.<\/li>\n<li><strong>Conveniente e Miniaturizado<\/strong>: Instrumento de beleza RF miniaturizado, preciso e potente.<\/li>\n<li><strong>Seguro e f\u00e1cil de usar<\/strong>: Oferece cuidados com a pele em n\u00edvel de sal\u00e3o em casa com f\u00e1cil opera\u00e7\u00e3o.<\/li>\n<li><strong>\u00c1reas de tratamento<\/strong>: Eficaz em sulcos nasais, bolsas sob os olhos, queixo duplo e para criar um rosto em formato de V.<\/li>\n<\/ol>\n<table style=\"border-collapse: collapse; width: 100%;\">\n<tbody>\n<tr>\n<td style=\"width: 50%;\"><img loading=\"lazy\" decoding=\"async\" class=\"magic-19 aligncenter\" title=\" Dispositivo de mesoterapia Hello Face\" src=\"https:\/\/sc04.alicdn.com\/kf\/H3439a3b8cf9547babe1f7210168b5618B\/247315878\/H3439a3b8cf9547babe1f7210168b5618B.jpg\" alt=\" Dispositivo de mesoterapia Hello Face\" width=\"545\" height=\"1024\" data-src=\"\/\/sc04.alicdn.com\/kf\/H3439a3b8cf9547babe1f7210168b5618B\/247315878\/H3439a3b8cf9547babe1f7210168b5618B.jpg\" \/><\/td>\n<td style=\"width: 50%;\"><img loading=\"lazy\" decoding=\"async\" class=\"magic-21 aligncenter\" title=\" Dispositivo de mesoterapia Hello Face\" src=\"https:\/\/sc04.alicdn.com\/kf\/H314468e725b240be8fa67f2a0d8ef969s\/247315878\/H314468e725b240be8fa67f2a0d8ef969s.jpg\" alt=\" Dispositivo de mesoterapia Hello Face\" width=\"470\" height=\"1023\" data-src=\"\/\/sc04.alicdn.com\/kf\/H314468e725b240be8fa67f2a0d8ef969s\/247315878\/H314468e725b240be8fa67f2a0d8ef969s.jpg\" \/><\/td>\n<\/tr>\n<\/tbody>\n<\/table>\n<h3>Aplica\u00e7\u00f5es<\/h3>\n<ul>\n<li><strong>Remo\u00e7\u00e3o de rugas<\/strong>: Reduz eficazmente linhas finas e rugas.<\/li>\n<li><strong>Firmeza da pele<\/strong>: Firma e estica a pele fl\u00e1cida.<\/li>\n<li><strong>Antienvelhecimento<\/strong>: Combate os sinais de envelhecimento para uma apar\u00eancia jovem.<\/li>\n<li><strong>Revitaliza\u00e7\u00e3o da pele<\/strong>: Revitaliza e rejuvenesce a pele, melhorando a apar\u00eancia geral.<\/li>\n<li><strong>Branqueamento<\/strong>: Melhora o tom da pele e reduz manchas.<\/li>\n<li><strong>Hidratante<\/strong>: Hidrata profundamente a pele.<\/li>\n<li><strong>Limpeza de poros<\/strong>: Limpa e minimiza os poros para uma pele mais lisa.<\/li>\n<\/ul>\n<div class=\"magic-4\">\n<div class=\"magic-5\">\n<div class=\"magic-6\">\n<table style=\"border-collapse: collapse; width: 100%;\">\n<tbody>\n<tr>\n<td style=\"width: 50%;\"><img loading=\"lazy\" decoding=\"async\" class=\"magic-27 aligncenter\" title=\" Dispositivo de mesoterapia Hello Face\" src=\"https:\/\/sc04.alicdn.com\/kf\/H0d22ccafebd342b1839b00dd85a9fb5e4\/247315878\/H0d22ccafebd342b1839b00dd85a9fb5e4.jpg\" alt=\" Dispositivo de mesoterapia Hello Face\" width=\"460\" height=\"786\" data-src=\"\/\/sc04.alicdn.com\/kf\/H0d22ccafebd342b1839b00dd85a9fb5e4\/247315878\/H0d22ccafebd342b1839b00dd85a9fb5e4.jpg\" \/><\/td>\n<td style=\"width: 50%;\"><img loading=\"lazy\" decoding=\"async\" class=\"magic-29 aligncenter\" title=\" Dispositivo de mesoterapia Hello Face\" src=\"https:\/\/sc04.alicdn.com\/kf\/Ha2da571fd45d47deb19ac768bc3765eer\/247315878\/Ha2da571fd45d47deb19ac768bc3765eer.jpg\" alt=\" Dispositivo de mesoterapia Hello Face\" width=\"495\" height=\"787\" data-src=\"\/\/sc04.alicdn.com\/kf\/Ha2da571fd45d47deb19ac768bc3765eer\/247315878\/Ha2da571fd45d47deb19ac768bc3765eer.jpg\" \/><\/td>\n<\/tr>\n<\/tbody>\n<\/table>\n<\/div>\n<\/div>\n<\/div>\n<\/div>\n<\/div>\n<\/div>\n<div class=\"J_module\">\n<div class=\"icbu-pc-images magic-8\">\n<div class=\"flex-layout-v\">\n<div class=\"flex-layout-h magic-8\"><\/div>\n<\/div>\n<\/div>\n<\/div>\n<div class=\"J_module\">\n<div class=\"detail-decorate-json-renderer-container\">\n<div class=\"magic-1\">\n<div class=\"magic-4\">\n<div class=\"magic-5\">\n<div class=\"magic-6\"><\/div>\n<\/div>\n<\/div>\n<\/div>\n<\/div>\n<\/div>\n<div class=\"J_module\">\n<div class=\"icbu-pc-images magic-8\">\n<div class=\"flex-layout-v\">\n<div class=\"flex-layout-h magic-8\">\n<div class=\"magic-18\">\n<h3><strong>Personalizar O Logotipo<\/strong><\/h3>\n<p>Quer fazer sua marca se destacam? N\u00f3s oferecemos o logotipo personalizado servi\u00e7os para ajudar voc\u00ea a criar uma \u00fanica e personalizada logo que reflete a identidade de sua marca. Nossa equipe de especialistas ir\u00e1 trabalhar em estreita colabora\u00e7\u00e3o com voc\u00ea para criar um logotipo que est\u00e1 em conson\u00e2ncia com os valores da sua marca e de mensagens. Se voc\u00ea estiver olhando para renovar o seu logotipo existente ou criar um novo a partir do zero, n\u00f3s temos que cobertas. <a href=\"\/pt\/contato\/\">Contacte-nos<\/a> hoje para saber mais sobre o nosso logotipo personalizado servi\u00e7os!<\/p>\n<\/div>\n<\/div>\n<\/div>\n<\/div>\n<\/div>","protected":false},"excerpt":{"rendered":"<p><span class=\"magic-7\" style=\"font-family: Arial;\"><b>Cabo de mesoterapia:<\/b> O fluxo de ar de alt\u00edssima velocidade passa pelo gerador de part\u00edculas para decompor instantaneamente os nutrientes em centenas de milh\u00f5es de part\u00edculas finas e, ent\u00e3o, o acelerador de part\u00edculas acelera as part\u00edculas de nutrientes a uma velocidade supers\u00f4nica, rompendo instantaneamente a barreira da pele e levando nutrientes \u00e0s camadas profundas da pele.<\/span><\/p>\n<p><span class=\"magic-7\" style=\"font-family: Arial;\"><b>Al\u00e7a RF: <\/b>A onda el\u00e9trica de RF \u00e9 transmitida para as camadas superficiais, m\u00e9dias e profundas da pele para ativar a reorganiza\u00e7\u00e3o e regenera\u00e7\u00e3o do col\u00e1geno para atingir o efeito de levantamento e aperto<\/span><\/p>","protected":false},"featured_media":2601,"comment_status":"open","ping_status":"closed","template":"","meta":{"_kad_post_transparent":"default","_kad_post_title":"","_kad_post_layout":"default","_kad_post_sidebar_id":"","_kad_post_content_style":"default","_kad_post_vertical_padding":"default","_kad_post_feature":"","_kad_post_feature_position":"","_kad_post_header":false,"_kad_post_footer":false,"_kad_post_classname":"","rank_math_title":"","rank_math_description":"","rank_math_focus_keyword":""},"product_brand":[],"product_cat":[33],"product_tag":[],"class_list":{"0":"post-2600","1":"product","2":"type-product","3":"status-publish","4":"has-post-thumbnail","6":"product_cat-face-care","8":"first","9":"instock","10":"shipping-taxable","11":"product-type-simple","12":"entry","13":"content-bg","14":"loop-entry"},"_links":{"self":[{"href":"https:\/\/skbty.com\/pt\/wp-json\/wp\/v2\/product\/2600","targetHints":{"allow":["GET"]}}],"collection":[{"href":"https:\/\/skbty.com\/pt\/wp-json\/wp\/v2\/product"}],"about":[{"href":"https:\/\/skbty.com\/pt\/wp-json\/wp\/v2\/types\/product"}],"replies":[{"embeddable":true,"href":"https:\/\/skbty.com\/pt\/wp-json\/wp\/v2\/comments?post=2600"}],"wp:featuredmedia":[{"embeddable":true,"href":"https:\/\/skbty.com\/pt\/wp-json\/wp\/v2\/media\/2601"}],"wp:attachment":[{"href":"https:\/\/skbty.com\/pt\/wp-json\/wp\/v2\/media?parent=2600"}],"wp:term":[{"taxonomy":"product_brand","embeddable":true,"href":"https:\/\/skbty.com\/pt\/wp-json\/wp\/v2\/product_brand?post=2600"},{"taxonomy":"product_cat","embeddable":true,"href":"https:\/\/skbty.com\/pt\/wp-json\/wp\/v2\/product_cat?post=2600"},{"taxonomy":"product_tag","embeddable":true,"href":"https:\/\/skbty.com\/pt\/wp-json\/wp\/v2\/product_tag?post=2600"}],"curies":[{"name":"Wp","href":"https:\/\/api.w.org\/{rel}","templated":true}]}}