{"id":2608,"date":"2024-01-15T19:39:47","date_gmt":"2024-01-15T11:39:47","guid":{"rendered":"https:\/\/skbty.com\/?post_type=product&#038;p=2608"},"modified":"2024-06-18T12:09:39","modified_gmt":"2024-06-18T04:09:39","slug":"maquina-de-modelagem-corporal-velashape-5-em-v10-para-celulite","status":"publish","type":"product","link":"https:\/\/skbty.com\/pt\/product\/maquina-de-modelagem-corporal-velashape-5-em-v10-para-celulite\/","title":{"rendered":"M\u00e1quina de modelagem corporal 5 em 1 V10 Velashape"},"content":{"rendered":"<div class=\"J_module\">\n<div class=\"icbu-pc-images magic-1\">\n<div class=\"flex-layout-v\">\n<div class=\"flex-layout-h magic-1\">\n<h3 class=\"magic-2\">O que \u00e9 o <strong>M\u00e1quina de modelagem corporal V10 Velashape?<\/strong><\/h3>\n<\/div>\n<\/div>\n<\/div>\n<\/div>\n<div class=\"J_module\">\n<div class=\"detail-decorate-json-renderer-container\">\n<div class=\"magic-4\">\n<p><strong>M\u00e1quina de modelagem corporal Velashape V10 para desktop<\/strong> \u00e9 um dispositivo multifuncional projetado para emagrecimento corporal abrangente e rejuvenescimento facial. Combinando tecnologias avan\u00e7adas, ele aborda efetivamente a obesidade corporal e o envelhecimento facial. O dispositivo usa ondas de energia de alta frequ\u00eancia seguras para atingir c\u00e9lulas de gordura subcut\u00e2neas, gerando ondas de choque, radicais livres e microjatos de alta velocidade para decompor c\u00e9lulas de gordura. Este m\u00e9todo n\u00e3o invasivo levanta n\u00e1degas fl\u00e1cidas, reduz a gordura abdominal e estica a pele, ao mesmo tempo que melhora a celulite teimosa. A cabe\u00e7a de RF facial estimula a produ\u00e7\u00e3o de col\u00e1geno, melhorando a flacidez facial e as rugas.<\/p>\n<table style=\"border-collapse: collapse; width: 100%;\">\n<tbody>\n<tr>\n<td style=\"width: 50%;\">\n<h3><img loading=\"lazy\" decoding=\"async\" class=\"magic-3 aligncenter\" title=\"M\u00e1quina de modelagem corporal V10 Velashape\" src=\"https:\/\/sc04.alicdn.com\/kf\/H6fbc105297674cd383d026b64b01f4eel\/247315878\/H6fbc105297674cd383d026b64b01f4eel.png\" alt=\"M\u00e1quina de modelagem corporal V10 Velashape\" width=\"342\" height=\"697\" data-src=\"\/\/sc04.alicdn.com\/kf\/H6fbc105297674cd383d026b64b01f4eel\/247315878\/H6fbc105297674cd383d026b64b01f4eel.png\" \/><\/h3>\n<\/td>\n<td style=\"width: 50%;\"><img loading=\"lazy\" decoding=\"async\" class=\"magic-23 aligncenter\" title=\"M\u00e1quina de modelagem corporal V10 Velashape\" src=\"https:\/\/sc04.alicdn.com\/kf\/H430ac6c0b9364bd687ad96e530fbfbf2W\/247315878\/H430ac6c0b9364bd687ad96e530fbfbf2W.jpg\" alt=\"M\u00e1quina de modelagem corporal V10 Velashape\" width=\"437\" height=\"468\" data-src=\"\/\/sc04.alicdn.com\/kf\/H430ac6c0b9364bd687ad96e530fbfbf2W\/247315878\/H430ac6c0b9364bd687ad96e530fbfbf2W.jpg\" \/><\/td>\n<\/tr>\n<\/tbody>\n<\/table>\n<h3>Princ\u00edpio de funcionamento<\/h3>\n<p>O <strong>M\u00e1quina de modelagem corporal Velashape V10 para desktop<\/strong> utiliza m\u00faltiplas tecnologias para um tratamento abrangente:<\/p>\n<ul>\n<li><strong>Cabe\u00e7a Integrada Multifuncional<\/strong>: Combina ondas sonoras fortes de 40K, microcorrentes BIO, RF, press\u00e3o negativa e luz infravermelha. Ele tem como alvo a gordura subcut\u00e2nea com ondas sonoras fortes e, em seguida, usa ondas de RF de alta frequ\u00eancia para promover a decomposi\u00e7\u00e3o do tecido adiposo em \u00e1cidos graxos livres e glicerina, que s\u00e3o ent\u00e3o metabolizados e excretados.<\/li>\n<li><strong>Cabe\u00e7a de v\u00e1cuo RF 3D<\/strong>: Utiliza tecnologia avan\u00e7ada de lipoaspira\u00e7\u00e3o por press\u00e3o negativa a v\u00e1cuo combinada com raios infravermelhos e eletrodos de RF. Isso efetivamente coloca e dissolve gordura livre, melhorando a celulite e alcan\u00e7ando efeitos de emagrecimento e modelagem.<\/li>\n<li><strong>Cabe\u00e7a de cavita\u00e7\u00e3o de 40 KHz<\/strong>: Emite ondas sonoras de 40 KHz para penetrar c\u00e9lulas de gordura subcut\u00e2neas, gerando ondas de choque e microjatos de alta velocidade para decompor c\u00e9lulas de gordura com seguran\u00e7a. Os detritos s\u00e3o ent\u00e3o metabolizados e excretados.<\/li>\n<li><strong>RF multipolar<\/strong>: Melhora a circula\u00e7\u00e3o sangu\u00ednea local, promove o metabolismo das c\u00e9lulas de gordura, firma a pele e proporciona efeitos de emagrecimento e modelagem.<\/li>\n<li><strong>Caneta RF a v\u00e1cuo para rosto e olhos<\/strong>: Usa press\u00e3o negativa, RF e luz infravermelha para melhorar a flacidez facial, estimular a regenera\u00e7\u00e3o do col\u00e1geno e tratar problemas de envelhecimento no rosto e na \u00e1rea dos olhos.<\/li>\n<\/ul>\n<h3><img loading=\"lazy\" decoding=\"async\" class=\"magic-39 aligncenter\" title=\"M\u00e1quina de modelagem corporal V10 Velashape\" src=\"https:\/\/sc04.alicdn.com\/kf\/Hf219cc11f3b044d4b5661c1590a9ea17g\/247315878\/Hf219cc11f3b044d4b5661c1590a9ea17g.jpg\" alt=\"M\u00e1quina de modelagem corporal V10 Velashape\" width=\"466\" height=\"490\" data-src=\"\/\/sc04.alicdn.com\/kf\/Hf219cc11f3b044d4b5661c1590a9ea17g\/247315878\/Hf219cc11f3b044d4b5661c1590a9ea17g.jpg\" \/><\/h3>\n<h3>Caracter\u00edsticas e benef\u00edcios<\/h3>\n<ol>\n<li><strong>Efic\u00e1cia comprovada<\/strong>: Melhora a celulite e reduz o ac\u00famulo de gordura.<\/li>\n<li><strong>Recomendado globalmente<\/strong>: Endossado pela Organiza\u00e7\u00e3o Mundial da Sa\u00fade.<\/li>\n<li><strong>Celebridade endossada<\/strong>: Popular entre as estrelas de Hollywood e destaque em diversas revistas.<\/li>\n<li><strong>Tecnologia Avan\u00e7ada<\/strong>: Combina luz e RF para aumentar a efic\u00e1cia do tratamento.<\/li>\n<li><strong>N\u00e3o invasivo<\/strong>: Tratamento confort\u00e1vel sem tempo de recupera\u00e7\u00e3o.<\/li>\n<li><strong>Tratamento abrangente<\/strong>: Aborda tanto a modelagem corporal quanto o rejuvenescimento facial.<\/li>\n<li><strong>R\u00e1pido e eficaz<\/strong>:Os resultados de curto e longo prazo s\u00e3o previs\u00edveis e impressionantes.<\/li>\n<li><strong>Seguro e confort\u00e1vel<\/strong>: N\u00e3o s\u00e3o necess\u00e1rias agulhas ou cirurgia.<\/li>\n<\/ol>\n<h3>Aplica\u00e7\u00f5es<\/h3>\n<ol>\n<li><strong>Levante o rosto e aperte a pele<\/strong>: Levanta e estica eficazmente a pele do rosto.<\/li>\n<li><strong>Modelagem corporal e redu\u00e7\u00e3o de circunfer\u00eancia<\/strong>: Reduz a gordura corporal e modela o corpo.<\/li>\n<li><strong>Elimine rugas faciais e do pesco\u00e7o<\/strong>: Reduz rugas para uma apar\u00eancia mais suave.<\/li>\n<li><strong>Trate acne, olheiras e bolsas sob os olhos<\/strong>: Melhora a sa\u00fade e a apar\u00eancia da pele.<\/li>\n<li><strong>Melhora o metabolismo da pele<\/strong>: Aumenta o metabolismo da pele para uma pele mais saud\u00e1vel.<\/li>\n<li><strong>Tratamento de p\u00e1lpebra superior<\/strong>: Projetado especificamente para melhorar a apar\u00eancia da p\u00e1lpebra superior.<\/li>\n<li><strong>Superf\u00edcie da pele lisa e massagem<\/strong>: Proporciona uma superf\u00edcie de pele lisa e massagem relaxante.<\/li>\n<li><strong>Reduzir Celulite<\/strong>: Reduz eficazmente a celulite para uma pele mais lisa.<\/li>\n<\/ol>\n<h3>\u00a0Cabe\u00e7as funcionais m\u00faltiplas<\/h3>\n<\/div>\n<\/div>\n<\/div>\n<div class=\"J_module\">\n<div class=\"detail-decorate-json-renderer-container\">\n<div class=\"magic-4\">\n<div class=\"magic-24\">\n<table class=\"hight-light-first-column all magic-11\" style=\"width: 100%; height: 1164px;\">\n<tbody>\n<tr style=\"height: 248px;\">\n<td style=\"width: 20.5541%; height: 248px;\" colspan=\"1\" rowspan=\"1\">\n<div class=\"magic-12\" data-spm-anchor-id=\"a2700.details.0.i87.6eb928absgMT6Q\"><img loading=\"lazy\" decoding=\"async\" class=\"magic-30 alignnone\" title=\"M\u00e1quina de modelagem corporal V10 Velashape\" src=\"https:\/\/sc04.alicdn.com\/kf\/He1f964e1e3014c77aaf8fd49e852a03bT\/247315878\/He1f964e1e3014c77aaf8fd49e852a03bT.jpg\" alt=\"M\u00e1quina de modelagem corporal V10 Velashape\" width=\"750\" height=\"750\" data-src=\"\/\/sc04.alicdn.com\/kf\/He1f964e1e3014c77aaf8fd49e852a03bT\/247315878\/He1f964e1e3014c77aaf8fd49e852a03bT.jpg\" \/><\/div>\n<\/td>\n<td style=\"width: 78.731%; height: 248px;\" colspan=\"1\" rowspan=\"1\">\n<div class=\"magic-14\"><span class=\"magic-13\" style=\"font-family: Arial;\"><b>Cabe\u00e7a integrada multifuncional <\/b><br \/>\nCombinado com duas ondas sonoras fortes de 40K, duas microcorrentes BIO, duas l\u00e2mpadas de radiofrequ\u00eancia, press\u00e3o negativa e infravermelho, a al\u00e7a multifuncional usa primeiro ondas sonoras fortes de 40K e, em seguida, usa ondas de radiofrequ\u00eancia de alta frequ\u00eancia para atuar com precis\u00e3o nas mol\u00e9culas de \u00e1gua na gordura subcut\u00e2nea. As mol\u00e9culas de \u00e1gua bipolares geram vibra\u00e7\u00e3o r\u00e1pida. O calor gerado por esse atrito rotativo de alta velocidade e estimula\u00e7\u00e3o mec\u00e2nica sutil do tecido profundo da pele sob o efeito alternado da press\u00e3o negativa promove a rea\u00e7\u00e3o bioqu\u00edmica do tecido adiposo profundo para acelerar o consumo de gordura. Sob a a\u00e7\u00e3o da onda magn\u00e9tica e da radiofrequ\u00eancia, ele ativa rapidamente a lipase para acelerar a decomposi\u00e7\u00e3o da gordura, decompor o tecido adiposo das c\u00e9lulas de gordura em \u00e1cidos graxos livres e glicerina e excret\u00e1-lo do corpo atrav\u00e9s do metabolismo humano, de modo a melhorar o tecido da casca de laranja e emagrecer.<\/span><\/div>\n<\/td>\n<\/tr>\n<tr style=\"height: 229px;\">\n<td style=\"width: 20.5541%; height: 229px;\" colspan=\"1\" rowspan=\"1\">\n<div class=\"magic-15\"><img loading=\"lazy\" decoding=\"async\" class=\"magic-30 alignnone\" title=\"M\u00e1quina de modelagem corporal V10 Velashape\" src=\"https:\/\/sc04.alicdn.com\/kf\/H28cfd846e0b448cd85ba83bce3eab031a\/247315878\/H28cfd846e0b448cd85ba83bce3eab031a.jpg\" alt=\"M\u00e1quina de modelagem corporal V10 Velashape\" width=\"750\" height=\"750\" data-src=\"\/\/sc04.alicdn.com\/kf\/H28cfd846e0b448cd85ba83bce3eab031a\/247315878\/H28cfd846e0b448cd85ba83bce3eab031a.jpg\" \/><\/div>\n<\/td>\n<td style=\"width: 78.731%; height: 229px;\" colspan=\"1\" rowspan=\"1\">\n<div class=\"magic-14\"><span class=\"magic-13\" style=\"font-family: Arial;\"><b>Cabe\u00e7a de v\u00e1cuo RF 3D <\/b><br \/>\nUsando tecnologia avan\u00e7ada de lipoaspira\u00e7\u00e3o por press\u00e3o negativa a v\u00e1cuo, combinada com raios infravermelhos que podem atingir uma profundidade de 650 nm e, ao mesmo tempo, com o papel dos eletrodos de radiofrequ\u00eancia, a gordura livre \u00e9 colocada, o excesso de gordura \u00e9 queimado e dissolvido, e descarregado atrav\u00e9s do metabolismo do corpo para obter melhora na organiza\u00e7\u00e3o da casca de laranja, emagrecimento e efeito modelador.<\/span><\/div>\n<\/td>\n<\/tr>\n<tr style=\"height: 229px;\">\n<td style=\"width: 20.5541%; height: 229px;\" colspan=\"1\" rowspan=\"1\">\n<div class=\"magic-15\"><img loading=\"lazy\" decoding=\"async\" class=\"magic-33 alignnone\" title=\"M\u00e1quina de modelagem corporal V10 Velashape\" src=\"https:\/\/sc04.alicdn.com\/kf\/Hf7f3d7bdcd1945ef93f3091323db06e9e\/247315878\/Hf7f3d7bdcd1945ef93f3091323db06e9e.jpg\" alt=\"M\u00e1quina de modelagem corporal V10 Velashape\" width=\"750\" height=\"750\" data-src=\"\/\/sc04.alicdn.com\/kf\/Hf7f3d7bdcd1945ef93f3091323db06e9e\/247315878\/Hf7f3d7bdcd1945ef93f3091323db06e9e.jpg\" \/><\/div>\n<\/td>\n<td style=\"width: 78.731%; height: 229px;\" colspan=\"1\" rowspan=\"1\">\n<div class=\"magic-14\">\n<p><b><span class=\"magic-13\" style=\"font-family: Arial;\">Cabe\u00e7a de cavita\u00e7\u00e3o de 40 kHz<\/span><\/b><\/p>\n<div><span class=\"magic-13\" style=\"font-family: Arial;\">A onda sonora com uma frequ\u00eancia de 40000HZ \u00e9 emitida por uma forte cabe\u00e7a de onda sonora que re\u00fane ondas sonoras fortes, e a onda de energia entra nas c\u00e9lulas de gordura subcut\u00e2neas do corpo humano, e gera a mesma resson\u00e2ncia de frequ\u00eancia dentro da gordura para produzir ondas de choque poderosas, radicais livres e microjatos de alta velocidade, e a parede da c\u00e9lula de gordura \u00e9 segura de dentro Decomp\u00f5e-se para produzir restos celulares e gordura livre. Os restos celulares s\u00e3o engolfados por fag\u00f3citos, e a gordura livre \u00e9 metabolizada para o f\u00edgado via linfa e sangue.<\/span><\/div>\n<\/div>\n<\/td>\n<\/tr>\n<tr style=\"height: 229px;\">\n<td style=\"width: 20.5541%; height: 229px;\" colspan=\"1\" rowspan=\"1\">\n<div class=\"magic-15\"><img loading=\"lazy\" decoding=\"async\" class=\"magic-33 alignnone\" title=\"M\u00e1quina de modelagem corporal V10 Velashape\" src=\"https:\/\/sc04.alicdn.com\/kf\/H724ea3d832604acd897f69294d5f134d0\/247315878\/H724ea3d832604acd897f69294d5f134d0.jpg\" alt=\"M\u00e1quina de modelagem corporal V10 Velashape\" width=\"750\" height=\"750\" data-src=\"\/\/sc04.alicdn.com\/kf\/H724ea3d832604acd897f69294d5f134d0\/247315878\/H724ea3d832604acd897f69294d5f134d0.jpg\" \/><\/div>\n<\/td>\n<td style=\"width: 78.731%; height: 229px;\" colspan=\"1\" rowspan=\"1\">\n<div class=\"magic-14\"><span style=\"font-family: Arial;\"><b>RF multipolar <\/b><br \/>\nA radiofrequ\u00eancia de alta frequ\u00eancia pode melhorar rapidamente a circula\u00e7\u00e3o sangu\u00ednea local, causando \u00e1cidos graxos<br \/>\ndecomposi\u00e7\u00e3o e metabolismo das c\u00e9lulas de gordura, promovem a circula\u00e7\u00e3o sangu\u00ednea, firmam a pele e alcan\u00e7am o efeito<br \/>\nde emagrecimento e<\/span><span style=\"font-family: Arial;\">\u00a0moldando.<\/span><\/div>\n<\/td>\n<\/tr>\n<tr style=\"height: 229px;\">\n<td style=\"width: 20.5541%; height: 229px;\" colspan=\"1\" rowspan=\"1\">\n<div class=\"magic-15\"><img loading=\"lazy\" decoding=\"async\" class=\"magic-33 alignnone\" title=\"M\u00e1quina de modelagem corporal V10 Velashape\" src=\"https:\/\/sc04.alicdn.com\/kf\/H9105239f72634cd5b5caeaf57377b2aei\/247315878\/H9105239f72634cd5b5caeaf57377b2aei.jpg\" alt=\"M\u00e1quina de modelagem corporal V10 Velashape\" width=\"750\" height=\"750\" data-src=\"\/\/sc04.alicdn.com\/kf\/H9105239f72634cd5b5caeaf57377b2aei\/247315878\/H9105239f72634cd5b5caeaf57377b2aei.jpg\" \/><\/div>\n<\/td>\n<td style=\"width: 78.731%; height: 229px;\" colspan=\"1\" rowspan=\"1\">\n<div class=\"magic-14\"><span style=\"font-family: Arial;\"><b>Caneta RF a v\u00e1cuo Face&amp;Eye <\/b><br \/>\nUse press\u00e3o negativa, radiofrequ\u00eancia e infravermelho para melhorar problemas de envelhecimento, como rugas faciais<br \/>\nflacidez e maior perda de col\u00e1geno, fortalece a circula\u00e7\u00e3o sangu\u00ednea no rosto, ativa as c\u00e9lulas adormecidas,<br \/>\npromove a regenera\u00e7\u00e3o do col\u00e1geno, resolve o excesso de gordura no rosto e relaxa a flacidez e as rugas, melhora<br \/>\nfirmeza A pele do rosto clareia rugas. Ajuda na circula\u00e7\u00e3o sangu\u00ednea dos olhos, elimina bolsas nos olhos, melhora linhas finas secas e melhora olheiras, resolve o ac\u00famulo de excesso de gordura nos olhos e promove a absor\u00e7\u00e3o de nutrientes.<\/span><\/div>\n<\/td>\n<\/tr>\n<\/tbody>\n<\/table>\n<\/div>\n<\/div>\n<\/div>\n<\/div>\n<div class=\"J_module\">\n<div class=\"icbu-pc-images magic-1\">\n<div class=\"flex-layout-v\">\n<div class=\"flex-layout-h magic-1\">\n<div class=\"magic-34\">\n<table style=\"border-collapse: collapse; width: 100%;\">\n<tbody>\n<tr>\n<td style=\"width: 50%;\"><img loading=\"lazy\" decoding=\"async\" class=\"magic-35 aligncenter\" title=\"M\u00e1quina de modelagem corporal V10 Velashape\" src=\"https:\/\/sc04.alicdn.com\/kf\/H2158c7927b664de880edcb8cb34a477ca\/247315878\/H2158c7927b664de880edcb8cb34a477ca.jpg\" alt=\"M\u00e1quina de modelagem corporal V10 Velashape\" width=\"790\" height=\"692\" data-src=\"\/\/sc04.alicdn.com\/kf\/H2158c7927b664de880edcb8cb34a477ca\/247315878\/H2158c7927b664de880edcb8cb34a477ca.jpg\" \/><\/td>\n<td style=\"width: 50%;\"><img loading=\"lazy\" decoding=\"async\" class=\"magic-37 aligncenter\" title=\"M\u00e1quina de modelagem corporal V10 Velashape\" src=\"https:\/\/sc04.alicdn.com\/kf\/H2c5be636130b4f7db0ddda00c9962ceeJ\/247315878\/H2c5be636130b4f7db0ddda00c9962ceeJ.jpg\" alt=\"M\u00e1quina de modelagem corporal V10 Velashape\" width=\"377\" height=\"483\" data-src=\"\/\/sc04.alicdn.com\/kf\/H2c5be636130b4f7db0ddda00c9962ceeJ\/247315878\/H2c5be636130b4f7db0ddda00c9962ceeJ.jpg\" \/><\/td>\n<\/tr>\n<\/tbody>\n<\/table>\n<\/div>\n<\/div>\n<\/div>\n<\/div>\n<\/div>\n<div class=\"J_module\">\n<div class=\"icbu-pc-images magic-1\">\n<div class=\"flex-layout-v\">\n<div class=\"flex-layout-h magic-1\">\n<div class=\"magic-36\"><\/div>\n<\/div>\n<\/div>\n<\/div>\n<\/div>\n<div class=\"J_module\">\n<div class=\"icbu-pc-images magic-1\">\n<div class=\"flex-layout-v\">\n<div class=\"flex-layout-h magic-1\"><\/div>\n<\/div>\n<\/div>\n<\/div>\n<div class=\"J_module\">\n<div class=\"detail-decorate-json-renderer-container\">\n<div class=\"magic-4\">\n<div class=\"magic-7\">\n<div class=\"magic-8\">\n<div class=\"magic-9\">\n<h3><strong>Personalizar O Logotipo<\/strong><\/h3>\n<p>Quer fazer sua marca se destacam? N\u00f3s oferecemos o logotipo personalizado servi\u00e7os para ajudar voc\u00ea a criar uma \u00fanica e personalizada logo que reflete a identidade de sua marca. Nossa equipe de especialistas ir\u00e1 trabalhar em estreita colabora\u00e7\u00e3o com voc\u00ea para criar um logotipo que est\u00e1 em conson\u00e2ncia com os valores da sua marca e de mensagens. Se voc\u00ea estiver olhando para renovar o seu logotipo existente ou criar um novo a partir do zero, n\u00f3s temos que cobertas. <a href=\"\/pt\/contato\/\">Contacte-nos<\/a> hoje para saber mais sobre o nosso logotipo personalizado servi\u00e7os!<\/p>\n<\/div>\n<\/div>\n<\/div>\n<\/div>\n<\/div>\n<\/div>\n<div class=\"J_module\">\n<div class=\"detail-decorate-json-renderer-container\">\n<div class=\"magic-4\">\n<div class=\"magic-7\">\n<div class=\"magic-8\">\n<div class=\"magic-9\"><\/div>\n<\/div>\n<\/div>\n<\/div>\n<\/div>\n<\/div>","protected":false},"excerpt":{"rendered":"<p><span class=\"magic-10\" style=\"font-family: Arial;\">O instrumento abrangente de perda de peso e emagrecimento V10 para desktop \u00e9 um instrumento integrado de sistema operacional multifuncional que combina o corpo e o rosto, o que pode melhorar problemas como obesidade corporal e envelhecimento facial. O instrumento atua nas c\u00e9lulas de gordura subcut\u00e2neas humanas por meio de uma onda de energia segura de alta frequ\u00eancia e \u00e9 gerada dentro das c\u00e9lulas de gordura. A mesma resson\u00e2ncia de frequ\u00eancia gera ondas de choque poderosas, radicais livres e microjatos de alta velocidade. Decomponha com seguran\u00e7a a parede da c\u00e9lula de gordura de dentro para gerar detritos celulares e gordura livre. Os detritos celulares s\u00e3o engolfados por fag\u00f3citos, e a gordura livre \u00e9 metabolizada para o f\u00edgado via linfa e sangue.<\/span><\/p>","protected":false},"featured_media":2609,"comment_status":"open","ping_status":"closed","template":"","meta":{"_kad_post_transparent":"default","_kad_post_title":"","_kad_post_layout":"default","_kad_post_sidebar_id":"","_kad_post_content_style":"default","_kad_post_vertical_padding":"default","_kad_post_feature":"","_kad_post_feature_position":"","_kad_post_header":false,"_kad_post_footer":false,"_kad_post_classname":"","rank_math_title":"","rank_math_description":"","rank_math_focus_keyword":""},"product_brand":[],"product_cat":[31],"product_tag":[],"class_list":{"0":"post-2608","1":"product","2":"type-product","3":"status-publish","4":"has-post-thumbnail","6":"product_cat-body-slimming","8":"first","9":"instock","10":"shipping-taxable","11":"product-type-simple","12":"entry","13":"content-bg","14":"loop-entry"},"_links":{"self":[{"href":"https:\/\/skbty.com\/pt\/wp-json\/wp\/v2\/product\/2608","targetHints":{"allow":["GET"]}}],"collection":[{"href":"https:\/\/skbty.com\/pt\/wp-json\/wp\/v2\/product"}],"about":[{"href":"https:\/\/skbty.com\/pt\/wp-json\/wp\/v2\/types\/product"}],"replies":[{"embeddable":true,"href":"https:\/\/skbty.com\/pt\/wp-json\/wp\/v2\/comments?post=2608"}],"wp:featuredmedia":[{"embeddable":true,"href":"https:\/\/skbty.com\/pt\/wp-json\/wp\/v2\/media\/2609"}],"wp:attachment":[{"href":"https:\/\/skbty.com\/pt\/wp-json\/wp\/v2\/media?parent=2608"}],"wp:term":[{"taxonomy":"product_brand","embeddable":true,"href":"https:\/\/skbty.com\/pt\/wp-json\/wp\/v2\/product_brand?post=2608"},{"taxonomy":"product_cat","embeddable":true,"href":"https:\/\/skbty.com\/pt\/wp-json\/wp\/v2\/product_cat?post=2608"},{"taxonomy":"product_tag","embeddable":true,"href":"https:\/\/skbty.com\/pt\/wp-json\/wp\/v2\/product_tag?post=2608"}],"curies":[{"name":"Wp","href":"https:\/\/api.w.org\/{rel}","templated":true}]}}