{"id":2642,"date":"2024-02-01T16:56:52","date_gmt":"2024-02-01T08:56:52","guid":{"rendered":"https:\/\/skbty.com\/?post_type=product&#038;p=2642"},"modified":"2024-06-18T11:46:47","modified_gmt":"2024-06-18T03:46:47","slug":"maquina-de-remocao-de-celulite-v5","status":"publish","type":"product","link":"https:\/\/skbty.com\/pt\/product\/maquina-de-remocao-de-celulite-v5\/","title":{"rendered":"M\u00e1quina de remo\u00e7\u00e3o de celulite V5"},"content":{"rendered":"<h3>O que \u00e9 o aparelho de remo\u00e7\u00e3o de celulite V5?<\/h3>\n<p><strong>Equipamento de beleza para remo\u00e7\u00e3o de celulite V5<\/strong> \u00e9 um dispositivo revolucion\u00e1rio que combina tecnologias HIFU e RF. Ele oferece fun\u00e7\u00f5es de emagrecimento corporal e endurecimento da pele, fornecendo uma solu\u00e7\u00e3o abrangente para tratamentos est\u00e9ticos.<\/p>\n<table style=\"border-collapse: collapse; width: 100%;\">\n<tbody>\n<tr>\n<td style=\"width: 50%;\"><img loading=\"lazy\" decoding=\"async\" class=\"aligncenter wp-image-2643\" title=\"M\u00e1quina de remo\u00e7\u00e3o de celulite V5\" src=\"https:\/\/skbty.com\/wp-content\/uploads\/2024\/02\/11.jpg\" alt=\"M\u00e1quina de remo\u00e7\u00e3o de celulite V5\" width=\"339\" height=\"401\" srcset=\"https:\/\/skbty.com\/wp-content\/uploads\/2024\/02\/11.jpg 790w, https:\/\/skbty.com\/wp-content\/uploads\/2024\/02\/11-254x300.jpg 254w, https:\/\/skbty.com\/wp-content\/uploads\/2024\/02\/11-768x908.jpg 768w, https:\/\/skbty.com\/wp-content\/uploads\/2024\/02\/11-600x709.jpg 600w\" sizes=\"auto, (max-width: 339px) 100vw, 339px\" \/><\/td>\n<td style=\"width: 50%;\"><img loading=\"lazy\" decoding=\"async\" class=\"aligncenter wp-image-2644\" title=\"M\u00e1quina de remo\u00e7\u00e3o de celulite V5\" src=\"https:\/\/skbty.com\/wp-content\/uploads\/2024\/02\/12.jpg\" alt=\"M\u00e1quina de remo\u00e7\u00e3o de celulite V5\" width=\"287\" height=\"547\" srcset=\"https:\/\/skbty.com\/wp-content\/uploads\/2024\/02\/12.jpg 790w, https:\/\/skbty.com\/wp-content\/uploads\/2024\/02\/12-158x300.jpg 158w, https:\/\/skbty.com\/wp-content\/uploads\/2024\/02\/12-538x1024.jpg 538w, https:\/\/skbty.com\/wp-content\/uploads\/2024\/02\/12-768x1462.jpg 768w, https:\/\/skbty.com\/wp-content\/uploads\/2024\/02\/12-600x1142.jpg 600w\" sizes=\"auto, (max-width: 287px) 100vw, 287px\" \/><\/td>\n<\/tr>\n<\/tbody>\n<\/table>\n<h3>Tecnologia HIFU<\/h3>\n<p>A tecnologia HIFU (High-Intensity Focused Ultrasound) tem como alvo a camada de gordura subcut\u00e2nea convertendo energia em pontos precisos de condensa\u00e7\u00e3o t\u00e9rmica. Esse processo destr\u00f3i c\u00e9lulas de gordura indesejadas, estimula a contra\u00e7\u00e3o e o espessamento do col\u00e1geno e ativa fibras el\u00e1sticas. As c\u00e9lulas de gordura decompostas s\u00e3o convertidas em triglicer\u00eddeos e excretadas naturalmente pelo metabolismo do corpo, resultando em modelagem corporal eficaz.<\/p>\n<h3>Tecnologia RF<\/h3>\n<p>A tecnologia RF (Radio Frequency) penetra na epiderme e atinge o tecido subcut\u00e2neo. Ela ressoa com mol\u00e9culas de \u00e1gua na pele e no tecido subcut\u00e2neo, gerando calor por meio do atrito do tecido. Essa temperatura elevada promove o catabolismo da gordura subcut\u00e2nea, estimula a prolifera\u00e7\u00e3o de fibras el\u00e1sticas e de col\u00e1geno e atinge efeitos de endurecimento, modelagem e eleva\u00e7\u00e3o da pele.<\/p>\n<h3>Caracter\u00edsticas e benef\u00edcios<\/h3>\n<ol>\n<li><strong>Tecnologia Avan\u00e7ada<\/strong>: Combina tecnologias HIFU e RF para emagrecimento corporal completo e firmeza da pele.<\/li>\n<li><strong>Redu\u00e7\u00e3o Eficaz de Gordura<\/strong>: O HIFU atinge e destr\u00f3i c\u00e9lulas de gordura indesejadas, promovendo a modelagem corporal.<\/li>\n<li><strong>Firmeza e eleva\u00e7\u00e3o da pele<\/strong>: A tecnologia RF estimula a produ\u00e7\u00e3o de col\u00e1geno e fibras el\u00e1sticas, melhorando a firmeza e a elasticidade da pele.<\/li>\n<li><strong>Tratamento n\u00e3o invasivo<\/strong>:Tanto o HIFU quanto a RF proporcionam resultados eficazes sem a necessidade de cirurgia.<\/li>\n<li><strong>Benef\u00edcios duplos<\/strong>: Oferece redu\u00e7\u00e3o de gordura e rejuvenescimento da pele em um \u00fanico dispositivo.<\/li>\n<\/ol>\n<h3>Aplica\u00e7\u00f5es<\/h3>\n<ul>\n<li><strong>O Emagrecimento Do Corpo<\/strong>: Reduz efetivamente a gordura indesejada e promove um contorno corporal mais fino.<\/li>\n<li><strong>Firmeza da pele<\/strong>: Melhora a firmeza e elasticidade da pele, reduzindo a flacidez.<\/li>\n<li><strong>Lifting facial<\/strong>: Melhora os contornos faciais levantando e esticando a pele.<\/li>\n<li><strong>Estimula\u00e7\u00e3o de Col\u00e1geno<\/strong>: Aumenta a produ\u00e7\u00e3o de col\u00e1geno para uma pele mais saud\u00e1vel e jovem.<\/li>\n<\/ul>\n<table style=\"border-collapse: collapse; width: 100%;\">\n<tbody>\n<tr>\n<td style=\"width: 50%;\"><img loading=\"lazy\" decoding=\"async\" class=\"aligncenter wp-image-2646\" title=\"M\u00e1quina de remo\u00e7\u00e3o de celulite V5\" src=\"https:\/\/skbty.com\/wp-content\/uploads\/2024\/02\/14.png\" alt=\"M\u00e1quina de remo\u00e7\u00e3o de celulite V5\" width=\"475\" height=\"278\" srcset=\"https:\/\/skbty.com\/wp-content\/uploads\/2024\/02\/14.png 890w, https:\/\/skbty.com\/wp-content\/uploads\/2024\/02\/14-300x176.png 300w, https:\/\/skbty.com\/wp-content\/uploads\/2024\/02\/14-768x450.png 768w, https:\/\/skbty.com\/wp-content\/uploads\/2024\/02\/14-600x351.png 600w\" sizes=\"auto, (max-width: 475px) 100vw, 475px\" \/><\/td>\n<td style=\"width: 50%;\"><img loading=\"lazy\" decoding=\"async\" class=\"aligncenter wp-image-2645\" title=\"M\u00e1quina de remo\u00e7\u00e3o de celulite V5\" src=\"https:\/\/skbty.com\/wp-content\/uploads\/2024\/02\/13.jpg\" alt=\"M\u00e1quina de remo\u00e7\u00e3o de celulite V5\" width=\"384\" height=\"522\" srcset=\"https:\/\/skbty.com\/wp-content\/uploads\/2024\/02\/13.jpg 790w, https:\/\/skbty.com\/wp-content\/uploads\/2024\/02\/13-220x300.jpg 220w, https:\/\/skbty.com\/wp-content\/uploads\/2024\/02\/13-753x1024.jpg 753w, https:\/\/skbty.com\/wp-content\/uploads\/2024\/02\/13-768x1045.jpg 768w, https:\/\/skbty.com\/wp-content\/uploads\/2024\/02\/13-600x816.jpg 600w\" sizes=\"auto, (max-width: 384px) 100vw, 384px\" \/><\/td>\n<\/tr>\n<\/tbody>\n<\/table>\n<h3><strong>Personalizar O Logotipo<\/strong><\/h3>\n<p>Quer fazer sua marca se destacam? N\u00f3s oferecemos o logotipo personalizado servi\u00e7os para ajudar voc\u00ea a criar uma \u00fanica e personalizada logo que reflete a identidade de sua marca. Nossa equipe de especialistas ir\u00e1 trabalhar em estreita colabora\u00e7\u00e3o com voc\u00ea para criar um logotipo que est\u00e1 em conson\u00e2ncia com os valores da sua marca e de mensagens. Se voc\u00ea estiver olhando para renovar o seu logotipo existente ou criar um novo a partir do zero, n\u00f3s temos que cobertas. <a href=\"\/pt\/contato\/\">Contacte-nos<\/a> hoje para saber mais sobre o nosso logotipo personalizado servi\u00e7os!<\/p>","protected":false},"excerpt":{"rendered":"<p>Descubra o V5 Beauty Equipment, que combina tecnologias HIFU e RF para emagrecimento corporal eficaz e firmeza da pele. Obtenha uma apar\u00eancia mais magra e jovem com tratamentos avan\u00e7ados n\u00e3o invasivos.<\/p>","protected":false},"featured_media":2647,"comment_status":"open","ping_status":"closed","template":"","meta":{"_kad_post_transparent":"default","_kad_post_title":"","_kad_post_layout":"default","_kad_post_sidebar_id":"","_kad_post_content_style":"default","_kad_post_vertical_padding":"default","_kad_post_feature":"","_kad_post_feature_position":"","_kad_post_header":false,"_kad_post_footer":false,"_kad_post_classname":"","rank_math_title":"","rank_math_description":"","rank_math_focus_keyword":""},"product_brand":[],"product_cat":[31],"product_tag":[],"class_list":{"0":"post-2642","1":"product","2":"type-product","3":"status-publish","4":"has-post-thumbnail","6":"product_cat-body-slimming","8":"first","9":"instock","10":"shipping-taxable","11":"product-type-simple","12":"entry","13":"content-bg","14":"loop-entry"},"_links":{"self":[{"href":"https:\/\/skbty.com\/pt\/wp-json\/wp\/v2\/product\/2642","targetHints":{"allow":["GET"]}}],"collection":[{"href":"https:\/\/skbty.com\/pt\/wp-json\/wp\/v2\/product"}],"about":[{"href":"https:\/\/skbty.com\/pt\/wp-json\/wp\/v2\/types\/product"}],"replies":[{"embeddable":true,"href":"https:\/\/skbty.com\/pt\/wp-json\/wp\/v2\/comments?post=2642"}],"wp:featuredmedia":[{"embeddable":true,"href":"https:\/\/skbty.com\/pt\/wp-json\/wp\/v2\/media\/2647"}],"wp:attachment":[{"href":"https:\/\/skbty.com\/pt\/wp-json\/wp\/v2\/media?parent=2642"}],"wp:term":[{"taxonomy":"product_brand","embeddable":true,"href":"https:\/\/skbty.com\/pt\/wp-json\/wp\/v2\/product_brand?post=2642"},{"taxonomy":"product_cat","embeddable":true,"href":"https:\/\/skbty.com\/pt\/wp-json\/wp\/v2\/product_cat?post=2642"},{"taxonomy":"product_tag","embeddable":true,"href":"https:\/\/skbty.com\/pt\/wp-json\/wp\/v2\/product_tag?post=2642"}],"curies":[{"name":"Wp","href":"https:\/\/api.w.org\/{rel}","templated":true}]}}