{"id":2678,"date":"2024-03-08T16:21:57","date_gmt":"2024-03-08T08:21:57","guid":{"rendered":"https:\/\/skbty.com\/?post_type=product&#038;p=2678"},"modified":"2025-01-17T18:53:07","modified_gmt":"2025-01-17T10:53:07","slug":"maquina-de-cuidados-antienvelhecimento-facial-emrf","status":"publish","type":"product","link":"https:\/\/skbty.com\/pt\/product\/maquina-de-cuidados-antienvelhecimento-facial-emrf\/","title":{"rendered":"M\u00e1quina de cuidados antienvelhecimento facial EMRF"},"content":{"rendered":"<div class=\"J_module\">\n<div class=\"detail-decorate-json-renderer-container\">\n<div class=\"magic-2\">\n<h3>O que \u00e9 o aparelho de tratamento facial antienvelhecimento EMRF?<\/h3>\n<p><strong>M\u00e1quina de cuidados antienvelhecimento facial EMRF<\/strong> \u00e9 um dispositivo n\u00e3o invasivo projetado para rejuvenescer e restaurar a pele do rosto. Utilizando estimula\u00e7\u00e3o eletromagn\u00e9tica facial de alta intensidade (HIFES) e tecnologia de radiofrequ\u00eancia monopolar (RF), ele induz contra\u00e7\u00e3o e tra\u00e7\u00e3o cont\u00ednuas dos m\u00fasculos faciais. Isso melhora a for\u00e7a muscular e a tens\u00e3o em repouso, restaurando e aprimorando o suporte do tecido facial. O tratamento tamb\u00e9m aumenta o col\u00e1geno, a elastina e a remodela\u00e7\u00e3o do tecido conjuntivo, abordando o envelhecimento facial causado pela perda muscular. Experimente uma apar\u00eancia jovem, tonificada e revitalizada com EMRF.<\/p>\n<table style=\"border-collapse: collapse; width: 100%;\">\n<tbody>\n<tr>\n<td style=\"width: 45.1743%;\">\n<h3><img loading=\"lazy\" decoding=\"async\" class=\"magic-14 aligncenter\" title=\"M\u00e1quina de cuidados antienvelhecimento facial EMRF\" src=\"https:\/\/sc04.alicdn.com\/kf\/H8cb289016bd44c31996067f807c12c6fU\/247315878\/H8cb289016bd44c31996067f807c12c6fU.jpg\" alt=\"M\u00e1quina de cuidados antienvelhecimento facial EMRF\" width=\"395\" height=\"458\" data-src=\"\/\/sc04.alicdn.com\/kf\/H8cb289016bd44c31996067f807c12c6fU\/247315878\/H8cb289016bd44c31996067f807c12c6fU.jpg\" \/><\/h3>\n<\/td>\n<td style=\"width: 54.8257%;\">\n<h3><img loading=\"lazy\" decoding=\"async\" class=\"magic-20 aligncenter\" title=\"M\u00e1quina de cuidados antienvelhecimento facial EMRF\" src=\"https:\/\/sc04.alicdn.com\/kf\/Hd8056e039d7648b2a10504e49d700824I\/247315878\/Hd8056e039d7648b2a10504e49d700824I.jpg\" alt=\"M\u00e1quina de cuidados antienvelhecimento facial EMRF\" width=\"563\" height=\"460\" data-src=\"\/\/sc04.alicdn.com\/kf\/Hd8056e039d7648b2a10504e49d700824I\/247315878\/Hd8056e039d7648b2a10504e49d700824I.jpg\" \/><\/h3>\n<\/td>\n<\/tr>\n<\/tbody>\n<\/table>\n<h3>Princ\u00edpio de trabalho<\/h3>\n<p>A m\u00e1quina EMRF libera estimula\u00e7\u00e3o eletromagn\u00e9tica facial de alta intensidade (HIFES) e energia RF por meio de um adesivo de cabe\u00e7a de tratamento. Essa combina\u00e7\u00e3o desencadeia contra\u00e7\u00e3o muscular r\u00edtmica e pux\u00f5es, melhorando a for\u00e7a e a tens\u00e3o muscular. A energia RF aquece a derme uniformemente, estimulando a produ\u00e7\u00e3o de col\u00e1geno e elastina. Isso melhora e firma os contornos faciais, molda o rosto e melhora a textura da pele, resultando em uma apar\u00eancia mais clara, definida e revitalizada.<\/p>\n<h3>Especifica\u00e7\u00f5es<\/h3>\n<ul>\n<li><strong>Nome<\/strong>: M\u00e1quina de cuidados antienvelhecimento facial EMRF<\/li>\n<li><strong>Tecnologia<\/strong>: Estimula\u00e7\u00e3o eletromagn\u00e9tica facial de alta intensidade + Radiofrequ\u00eancia monopolar<\/li>\n<li><strong>Tela sens\u00edvel ao toque<\/strong>: 15 polegadas<\/li>\n<li><strong>Frequ\u00eancia RF<\/strong>: 1-4MHz<\/li>\n<li><strong>Servi\u00e7o OEM<\/strong>: OEM\/ODM\/Servi\u00e7o on-line 24 horas<\/li>\n<li><strong>Tens\u00e3o de alimenta\u00e7\u00e3o<\/strong>: CA 100 V \uff5e 240 V, 50 Hz-60 Hz<\/li>\n<li><strong>Poder<\/strong>: 100-200 W<\/li>\n<li><strong>Tamanho da caixa de ar<\/strong>: 40\u00d743\u00d750cm<\/li>\n<li><strong>Peso bruto<\/strong>: 15 kg<\/li>\n<\/ul>\n<h3>Vantagens<\/h3>\n<ol>\n<li><strong>N\u00e3o invasivo e confort\u00e1vel<\/strong>: Oferece tratamento indolor, n\u00e3o invasivo e sem anestesia.<\/li>\n<li><strong>Combina\u00e7\u00e3o Eficaz<\/strong>: Utiliza estimula\u00e7\u00e3o eletromagn\u00e9tica facial de alta intensidade e RF sincronizada para tratamento abrangente da pele e dos m\u00fasculos do rosto.<\/li>\n<li><strong>Opera\u00e7\u00e3o m\u00e3os-livres<\/strong>: Simples e seguro de usar; basta aplicar e come\u00e7ar.<\/li>\n<li><strong>Tratamento r\u00e1pido<\/strong>:Uma \u00fanica sess\u00e3o de 20 minutos \u00e9 suficiente para um cuidado facial completo.<\/li>\n<li><strong>Benef\u00edcios antienvelhecimento<\/strong>: Levanta o rosto de forma eficaz, reduz linhas finas e rugas.<\/li>\n<li><strong>Experi\u00eancia confort\u00e1vel<\/strong>: Parece uma massagem facial com pedras quentes, sem efeitos colaterais.<\/li>\n<li><strong>Sem agulhas ou cirurgia<\/strong>: Uma alternativa vantajosa aos tratamentos invasivos.<\/li>\n<\/ol>\n<h3>Principais fun\u00e7\u00f5es<\/h3>\n<ol>\n<li><strong>Suaviza as linhas da testa<\/strong><\/li>\n<li><strong>Levanta as bochechas<\/strong><\/li>\n<li><strong>Antienvelhecimento<\/strong><\/li>\n<li><strong>Reduz Rugas<\/strong><\/li>\n<li><strong>Esculpe a linha do maxilar<\/strong><\/li>\n<li><strong>Aumenta o t\u00f4nus muscular<\/strong><\/li>\n<li><strong>Melhora a elasticidade da pele<\/strong><\/li>\n<\/ol>\n<h3>Benef\u00edcios do tratamento EMRF<\/h3>\n<p>O EMRF oferece in\u00fameros benef\u00edcios por meio de cuidados faciais n\u00e3o invasivos, incluindo:<\/p>\n<ul>\n<li><strong>Lifting facial<\/strong>: Levanta e firma a pele do rosto.<\/li>\n<li><strong>Redu\u00e7\u00e3o de rugas<\/strong>: Minimiza linhas finas e rugas.<\/li>\n<li><strong>Aumento de col\u00e1geno e elastina<\/strong>: Aumenta a produ\u00e7\u00e3o de col\u00e1geno e elastina.<\/li>\n<li><strong>Melhoria do t\u00f4nus muscular<\/strong>: Melhora o t\u00f4nus muscular e o poder de levantamento.<\/li>\n<li><strong>Apar\u00eancia melhorada<\/strong>: Melhora a apar\u00eancia geral do rosto.<\/li>\n<li><strong>Tom de pele uniforme<\/strong>: Proporciona um tom de pele mais uniforme.<\/li>\n<li><strong>Apar\u00eancia jovem<\/strong>: Proporciona uma apar\u00eancia naturalmente jovem.<\/li>\n<\/ul>\n<\/div>\n<\/div>\n<\/div>\n<div class=\"J_module\">\n<div class=\"detail-decorate-json-renderer-container\">\n<div class=\"magic-2\">\n<div class=\"magic-5\">\n<div class=\"magic-6\">\n<div class=\"magic-7\">\n<table style=\"border-collapse: collapse; width: 100%;\">\n<tbody>\n<tr>\n<td style=\"width: 50%;\"><img loading=\"lazy\" decoding=\"async\" class=\"magic-28 aligncenter\" title=\"M\u00e1quina de cuidados antienvelhecimento facial EMRF\" src=\"https:\/\/sc04.alicdn.com\/kf\/Ha93beaaf080d4b1f9bfb63303635cf49r\/247315878\/Ha93beaaf080d4b1f9bfb63303635cf49r.jpg\" alt=\"M\u00e1quina de cuidados antienvelhecimento facial EMRF\" width=\"850\" height=\"548\" data-src=\"\/\/sc04.alicdn.com\/kf\/Ha93beaaf080d4b1f9bfb63303635cf49r\/247315878\/Ha93beaaf080d4b1f9bfb63303635cf49r.jpg\" \/><\/td>\n<td style=\"width: 50%;\"><img loading=\"lazy\" decoding=\"async\" class=\"magic-30 aligncenter\" title=\"M\u00e1quina de cuidados antienvelhecimento facial EMRF\" src=\"https:\/\/sc04.alicdn.com\/kf\/H7da226aae95c42ebad319912f98c54bfM\/247315878\/H7da226aae95c42ebad319912f98c54bfM.png\" alt=\"M\u00e1quina de cuidados antienvelhecimento facial EMRF\" width=\"849\" height=\"586\" data-src=\"\/\/sc04.alicdn.com\/kf\/H7da226aae95c42ebad319912f98c54bfM\/247315878\/H7da226aae95c42ebad319912f98c54bfM.png\" \/><\/td>\n<\/tr>\n<\/tbody>\n<\/table>\n<\/div>\n<\/div>\n<\/div>\n<\/div>\n<\/div>\n<\/div>\n<div class=\"J_module\">\n<div class=\"icbu-pc-images magic-12\">\n<div class=\"flex-layout-v\">\n<div class=\"flex-layout-h magic-12\">\n<div class=\"magic-16\"><\/div>\n<\/div>\n<\/div>\n<\/div>\n<\/div>\n<div class=\"J_module\">\n<div class=\"detail-decorate-json-renderer-container\">\n<div class=\"magic-2\"><\/div>\n<\/div>\n<\/div>\n<div class=\"J_module\">\n<div class=\"detail-decorate-json-renderer-container\">\n<div class=\"magic-2\">\n<div class=\"magic-5\">\n<div class=\"magic-6\">\n<div class=\"magic-7\">\n<h3><strong>Personalizar O Logotipo<\/strong><\/h3>\n<p>Quer fazer sua marca se destacam? N\u00f3s oferecemos o logotipo personalizado servi\u00e7os para ajudar voc\u00ea a criar uma \u00fanica e personalizada logo que reflete a identidade de sua marca. Nossa equipe de especialistas ir\u00e1 trabalhar em estreita colabora\u00e7\u00e3o com voc\u00ea para criar um logotipo que est\u00e1 em conson\u00e2ncia com os valores da sua marca e de mensagens. Se voc\u00ea estiver olhando para renovar o seu logotipo existente ou criar um novo a partir do zero, n\u00f3s temos que cobertas. <a href=\"\/pt\/contato\/\">Contacte-nos<\/a> hoje para saber mais sobre o nosso logotipo personalizado servi\u00e7os!<\/p>\n<\/div>\n<\/div>\n<\/div>\n<\/div>\n<\/div>\n<\/div>\n<div class=\"J_module\">\n<div class=\"icbu-pc-images magic-12\">\n<div class=\"flex-layout-v\">\n<div class=\"flex-layout-h magic-12\">\n<div class=\"magic-23\"><\/div>\n<\/div>\n<\/div>\n<\/div>\n<\/div>\n<div class=\"J_module\">\n<div class=\"icbu-pc-images magic-12\">\n<div class=\"flex-layout-v\">\n<div class=\"flex-layout-h magic-12\">\n<div class=\"magic-27\"><\/div>\n<\/div>\n<\/div>\n<\/div>\n<\/div>\n<div class=\"J_module\">\n<div class=\"icbu-pc-images magic-12\">\n<div class=\"flex-layout-v\">\n<div class=\"flex-layout-h magic-12\">\n<div class=\"magic-29\"><\/div>\n<\/div>\n<\/div>\n<\/div>\n<\/div>\n<div class=\"J_module\">\n<div class=\"detail-decorate-json-renderer-container\">\n<div class=\"magic-2\">\n<h3 class=\"magic-3\"><\/h3>\n<div class=\"magic-5\">\n<div class=\"magic-6\">\n<div class=\"magic-7\"><\/div>\n<\/div>\n<\/div>\n<\/div>\n<\/div>\n<\/div>\n<div class=\"J_module\">\n<div class=\"icbu-pc-images magic-12\">\n<div class=\"flex-layout-v\">\n<div class=\"flex-layout-h magic-12\">\n<div class=\"magic-31\"><\/div>\n<\/div>\n<\/div>\n<\/div>\n<\/div>","protected":false},"excerpt":{"rendered":"<p><span class=\"magic-8\" style=\"font-family: Arial;\">EMRF \u00e9 uma m\u00e1quina de tratamento antienvelhecimento facial n\u00e3o invasiva, que usa estimula\u00e7\u00e3o eletromagn\u00e9tica facial de alta intensidade (estimula\u00e7\u00e3o eletromagn\u00e9tica facial de alta intensidade, HIFES) + Tecnologia de radiofrequ\u00eancia monopolar (RF) induz contra\u00e7\u00e3o e tra\u00e7\u00e3o cont\u00ednuas dos m\u00fasculos faciais, melhora a for\u00e7a muscular e a tens\u00e3o em repouso para restaurar e melhorar o suporte dos tecidos faciais e, ao mesmo tempo, aumenta a remodela\u00e7\u00e3o do col\u00e1geno, elastina e tecido conjuntivo, melhorando assim a musculatura facial Problemas de envelhecimento causados pela perda. Revele uma vers\u00e3o mais jovem, mais forte, mais saud\u00e1vel, mais tonificada, mais energizada e renovada de si mesmo por dentro e por fora.<\/span><\/p>","protected":false},"featured_media":2679,"comment_status":"open","ping_status":"closed","template":"","meta":{"_kad_post_transparent":"default","_kad_post_title":"","_kad_post_layout":"default","_kad_post_sidebar_id":"","_kad_post_content_style":"default","_kad_post_vertical_padding":"default","_kad_post_feature":"","_kad_post_feature_position":"","_kad_post_header":false,"_kad_post_footer":false,"_kad_post_classname":"","rank_math_title":"","rank_math_description":"","rank_math_focus_keyword":""},"product_brand":[],"product_cat":[33],"product_tag":[],"class_list":{"0":"post-2678","1":"product","2":"type-product","3":"status-publish","4":"has-post-thumbnail","6":"product_cat-face-care","8":"first","9":"instock","10":"shipping-taxable","11":"product-type-simple","12":"entry","13":"content-bg","14":"loop-entry"},"_links":{"self":[{"href":"https:\/\/skbty.com\/pt\/wp-json\/wp\/v2\/product\/2678","targetHints":{"allow":["GET"]}}],"collection":[{"href":"https:\/\/skbty.com\/pt\/wp-json\/wp\/v2\/product"}],"about":[{"href":"https:\/\/skbty.com\/pt\/wp-json\/wp\/v2\/types\/product"}],"replies":[{"embeddable":true,"href":"https:\/\/skbty.com\/pt\/wp-json\/wp\/v2\/comments?post=2678"}],"wp:featuredmedia":[{"embeddable":true,"href":"https:\/\/skbty.com\/pt\/wp-json\/wp\/v2\/media\/2679"}],"wp:attachment":[{"href":"https:\/\/skbty.com\/pt\/wp-json\/wp\/v2\/media?parent=2678"}],"wp:term":[{"taxonomy":"product_brand","embeddable":true,"href":"https:\/\/skbty.com\/pt\/wp-json\/wp\/v2\/product_brand?post=2678"},{"taxonomy":"product_cat","embeddable":true,"href":"https:\/\/skbty.com\/pt\/wp-json\/wp\/v2\/product_cat?post=2678"},{"taxonomy":"product_tag","embeddable":true,"href":"https:\/\/skbty.com\/pt\/wp-json\/wp\/v2\/product_tag?post=2678"}],"curies":[{"name":"Wp","href":"https:\/\/api.w.org\/{rel}","templated":true}]}}