{"id":2685,"date":"2024-03-08T16:28:03","date_gmt":"2024-03-08T08:28:03","guid":{"rendered":"https:\/\/skbty.com\/?post_type=product&#038;p=2685"},"modified":"2024-06-17T17:02:20","modified_gmt":"2024-06-17T09:02:20","slug":"ola-maquina-de-mesoterapia-facial","status":"publish","type":"product","link":"https:\/\/skbty.com\/pt\/product\/ola-maquina-de-mesoterapia-facial\/","title":{"rendered":"M\u00e1quina de mesoterapia HELLO FACE"},"content":{"rendered":"<div class=\"J_module\">\n<div class=\"detail-decorate-json-renderer-container\">\n<div class=\"magic-1\"><\/div>\n<\/div>\n<\/div>\n<div class=\"J_module\">\n<div class=\"icbu-pc-images magic-8\">\n<div class=\"flex-layout-v\">\n<div class=\"flex-layout-h magic-8\">\n<h3>O que \u00e9 o aparelho de mesoterapia HELLO FACE?<\/h3>\n<p><strong>Dispositivo de mesoterapia HELLO FACE<\/strong> utiliza tecnologia avan\u00e7ada de spray de alta press\u00e3o para converter solu\u00e7\u00f5es nutritivas em nanomol\u00e9culas, penetrando instantaneamente na pele. Mantida a uma temperatura constante de 36 graus Celsius, a pele experimenta um efeito de resfriamento imediato, ativando a circula\u00e7\u00e3o sangu\u00ednea e abrindo os poros. Isso permite que mol\u00e9culas ultrafinas alcancem as camadas mais profundas da pele, fornecendo nutrientes que despertam a regenera\u00e7\u00e3o celular, reparam c\u00e9lulas danificadas e restauram a fun\u00e7\u00e3o de barreira da pele. Este dispositivo aborda os problemas de pele em sua raiz, aumenta a resist\u00eancia da pele e promove uma pele mais saud\u00e1vel. Ele funciona em combina\u00e7\u00e3o com v\u00e1rios produtos de hidrata\u00e7\u00e3o, reparo e antienvelhecimento para atingir resultados ideais.<\/p>\n<h3>Princ\u00edpio de funcionamento<\/h3>\n<p><strong>Tecnologia de super transmiss\u00e3o HELLO FACE II<\/strong><\/p>\n<p>O dispositivo HELLO FACE II emprega tecnologia de jato de alta press\u00e3o para explodir instantaneamente solu\u00e7\u00f5es nutritivas em pequenas nanomol\u00e9culas. Essas mol\u00e9culas penetram profundamente na pele, camada por camada, fornecendo nutrientes que estimulam a regenera\u00e7\u00e3o celular e reparam c\u00e9lulas danificadas. Essa tecnologia aumenta a resist\u00eancia da pele, promove a sa\u00fade geral da pele e funciona efetivamente com produtos hidratantes, reparadores e antienvelhecimento para atingir resultados perfeitos.<\/p>\n<h3>Vantagens<\/h3>\n<ul>\n<li><strong>Tecnologia de ponta<\/strong>: Liderando o caminho em novas experi\u00eancias de cuidados com a pele.<\/li>\n<li><strong>Alta tecnologia e n\u00e3o invasivo<\/strong>: Oferece tratamentos indolores e n\u00e3o invasivos.<\/li>\n<li><strong>Pele jovem<\/strong>: Promove uma pele jovem e rica em col\u00e1geno.<\/li>\n<\/ul>\n<h3>Especifica\u00e7\u00f5es<\/h3>\n<ul>\n<li><strong>Nome<\/strong>: Dispositivo de mesoterapia Hello Face<\/li>\n<li><strong>Caracter\u00edsticas<\/strong>: Removedor de rugas, endurecimento da pele, antienvelhecimento, firmador, revitalizador da pele, clareador, rejuvenescedor da pele, clareador de manchas, hidratante, limpador de poros.<\/li>\n<li><strong>Servi\u00e7o<\/strong>: OEM\/ODM<\/li>\n<li><strong>Tens\u00e3o<\/strong>: CA 210 V-240 V<\/li>\n<li><strong>Tens\u00e3o de trabalho<\/strong>: 24 V<\/li>\n<li><strong>Press\u00e3o do ar<\/strong>: 1MPA<\/li>\n<li><strong>Poder<\/strong>: 140 W<\/li>\n<li><strong>Tamanho<\/strong>: 38<em>31<\/em>24cm<\/li>\n<li><strong>Peso bruto<\/strong>: 6,8 kg<\/li>\n<\/ul>\n<table style=\"border-collapse: collapse; width: 100%;\">\n<tbody>\n<tr>\n<td style=\"width: 33.311%;\"><img loading=\"lazy\" decoding=\"async\" class=\"magic-19 aligncenter\" title=\"M\u00e1quina de mesoterapia HELLO FACE\" src=\"https:\/\/sc04.alicdn.com\/kf\/H8bb0410966ba41b18b472670e6618d2cW\/247315878\/H8bb0410966ba41b18b472670e6618d2cW.jpg\" alt=\"M\u00e1quina de mesoterapia HELLO FACE\" width=\"309\" height=\"384\" data-src=\"\/\/sc04.alicdn.com\/kf\/H8bb0410966ba41b18b472670e6618d2cW\/247315878\/H8bb0410966ba41b18b472670e6618d2cW.jpg\" \/><\/td>\n<td style=\"width: 35.0983%;\"><img loading=\"lazy\" decoding=\"async\" class=\"magic-21 aligncenter\" title=\"M\u00e1quina de mesoterapia HELLO FACE\" src=\"https:\/\/sc04.alicdn.com\/kf\/H7e69602adb5e46528734352c165cfc8bM\/247315878\/H7e69602adb5e46528734352c165cfc8bM.jpg\" alt=\"M\u00e1quina de mesoterapia HELLO FACE\" width=\"415\" height=\"418\" data-src=\"\/\/sc04.alicdn.com\/kf\/H7e69602adb5e46528734352c165cfc8bM\/247315878\/H7e69602adb5e46528734352c165cfc8bM.jpg\" \/><\/td>\n<td style=\"width: 31.5907%;\"><img loading=\"lazy\" decoding=\"async\" class=\"magic-33 aligncenter\" title=\"M\u00e1quina de mesoterapia HELLO FACE\" src=\"https:\/\/sc04.alicdn.com\/kf\/H601523f71c1646f8a2003eb91d514bd0A\/247315878\/H601523f71c1646f8a2003eb91d514bd0A.jpg\" alt=\"M\u00e1quina de mesoterapia HELLO FACE\" width=\"273\" height=\"461\" data-src=\"\/\/sc04.alicdn.com\/kf\/H601523f71c1646f8a2003eb91d514bd0A\/247315878\/H601523f71c1646f8a2003eb91d514bd0A.jpg\" \/><\/td>\n<\/tr>\n<\/tbody>\n<\/table>\n<h3>Benef\u00edcios e caracter\u00edsticas<\/h3>\n<ol>\n<li><strong>Tecnologia Avan\u00e7ada<\/strong>: Utiliza tecnologia de jato de alta press\u00e3o para penetra\u00e7\u00e3o profunda na pele.<\/li>\n<li><strong>Temperatura constante<\/strong>: Mant\u00e9m uma temperatura constante de 36 graus Celsius para absor\u00e7\u00e3o ideal pela pele.<\/li>\n<li><strong>Efeito imediato<\/strong>: Ativa a circula\u00e7\u00e3o sangu\u00ednea, abre os poros e fornece nutrientes instantaneamente.<\/li>\n<li><strong>Regenera\u00e7\u00e3o celular<\/strong>: Estimula a regenera\u00e7\u00e3o celular e repara c\u00e9lulas danificadas.<\/li>\n<li><strong>Reparo da fun\u00e7\u00e3o de barreira<\/strong>: Restaura a fun\u00e7\u00e3o de barreira da pele para uma pele mais saud\u00e1vel.<\/li>\n<li><strong>Cuidados com a pele abrangentes<\/strong>: Trabalha com produtos de hidrata\u00e7\u00e3o, repara\u00e7\u00e3o e antienvelhecimento para obter os melhores resultados.<\/li>\n<\/ol>\n<table style=\"border-collapse: collapse; width: 100%;\">\n<tbody>\n<tr>\n<td style=\"width: 50%;\"><img loading=\"lazy\" decoding=\"async\" class=\"magic-25 aligncenter\" title=\"M\u00e1quina de mesoterapia HELLO FACE\" src=\"https:\/\/sc04.alicdn.com\/kf\/H28aecbc8fde6430fa2efd2d9d75984faI\/247315878\/H28aecbc8fde6430fa2efd2d9d75984faI.jpg\" alt=\"M\u00e1quina de mesoterapia HELLO FACE\" width=\"431\" height=\"582\" data-src=\"\/\/sc04.alicdn.com\/kf\/H28aecbc8fde6430fa2efd2d9d75984faI\/247315878\/H28aecbc8fde6430fa2efd2d9d75984faI.jpg\" \/><\/td>\n<td style=\"width: 50%;\"><img loading=\"lazy\" decoding=\"async\" class=\"magic-27 aligncenter\" title=\"M\u00e1quina de mesoterapia HELLO FACE\" src=\"https:\/\/sc04.alicdn.com\/kf\/H8c508d6eefac429aabd7cd5ad074a82bS\/247315878\/H8c508d6eefac429aabd7cd5ad074a82bS.jpg\" alt=\"M\u00e1quina de mesoterapia HELLO FACE\" width=\"359\" height=\"631\" data-src=\"\/\/sc04.alicdn.com\/kf\/H8c508d6eefac429aabd7cd5ad074a82bS\/247315878\/H8c508d6eefac429aabd7cd5ad074a82bS.jpg\" \/><\/td>\n<\/tr>\n<\/tbody>\n<\/table>\n<h3>Aplica\u00e7\u00f5es<\/h3>\n<ul>\n<li><strong>Remo\u00e7\u00e3o de rugas<\/strong>: Reduz eficazmente rugas e linhas finas.<\/li>\n<li><strong>Firmeza da pele<\/strong>: Firma e estica a pele.<\/li>\n<li><strong>Antienvelhecimento<\/strong>: Combate os sinais de envelhecimento para uma apar\u00eancia jovem.<\/li>\n<li><strong>Revitaliza\u00e7\u00e3o da pele<\/strong>: Revitaliza e rejuvenesce a pele.<\/li>\n<li><strong>Branqueamento<\/strong>: Melhora o tom da pele e reduz manchas.<\/li>\n<li><strong>Hidratante<\/strong>: Hidrata profundamente a pele.<\/li>\n<li><strong>Limpeza de poros<\/strong>: Limpa e minimiza os poros para uma pele mais suave.<\/li>\n<\/ul>\n<\/div>\n<\/div>\n<\/div>\n<\/div>\n<div class=\"J_module\">\n<div class=\"icbu-pc-images magic-8\">\n<div class=\"flex-layout-v\">\n<div class=\"flex-layout-h magic-8\">\n<div class=\"magic-30\">\n<h3><strong>Personalizar O Logotipo<\/strong><\/h3>\n<p>Quer fazer sua marca se destacam? N\u00f3s oferecemos o logotipo personalizado servi\u00e7os para ajudar voc\u00ea a criar uma \u00fanica e personalizada logo que reflete a identidade de sua marca. Nossa equipe de especialistas ir\u00e1 trabalhar em estreita colabora\u00e7\u00e3o com voc\u00ea para criar um logotipo que est\u00e1 em conson\u00e2ncia com os valores da sua marca e de mensagens. Se voc\u00ea estiver olhando para renovar o seu logotipo existente ou criar um novo a partir do zero, n\u00f3s temos que cobertas. <a href=\"\/pt\/contato\/\">Contacte-nos<\/a> hoje para saber mais sobre o nosso logotipo personalizado servi\u00e7os!<\/p>\n<\/div>\n<\/div>\n<\/div>\n<\/div>\n<\/div>\n<div class=\"J_module\">\n<div class=\"icbu-pc-images magic-8\">\n<div class=\"flex-layout-v\">\n<div class=\"flex-layout-h magic-8\">\n<div class=\"magic-32\"><\/div>\n<\/div>\n<\/div>\n<\/div>\n<\/div>\n<div class=\"J_module\">\n<div class=\"icbu-pc-images magic-8\">\n<div class=\"flex-layout-v\">\n<div class=\"flex-layout-h magic-8\">\n<div class=\"magic-34\"><\/div>\n<\/div>\n<\/div>\n<\/div>\n<\/div>\n<div class=\"J_module\">\n<div class=\"icbu-pc-images magic-8\">\n<div>\n<div class=\"flex-layout-v\">\n<div class=\"flex-layout-h magic-8\"><\/div>\n<\/div>\n<\/div>\n<\/div>\n<\/div>\n<div class=\"J_module\">\n<div class=\"icbu-pc-detailManyImage magic-40\">\n<div class=\"magic-41\"><\/div>\n<\/div>\n<\/div>","protected":false},"excerpt":{"rendered":"<p>A solu\u00e7\u00e3o nutritiva \u00e9 instantaneamente explodida em pequenas nanomol\u00e9culas por meio da tecnologia de pulveriza\u00e7\u00e3o de alta press\u00e3o. O produto \u00e9 mantido a uma temperatura constante de 36 graus Celsius. A pele esfria instantaneamente e reage, ativando a circula\u00e7\u00e3o sangu\u00ednea para abrir os poros da pele, de modo que a ess\u00eancia nutricional ultrafina de pequenas mol\u00e9culas entra rapidamente em um microssegundo. A camada inferior da pele libera nutrientes para a pele camada por camada, desperta a fun\u00e7\u00e3o de regenera\u00e7\u00e3o celular.<\/p>","protected":false},"featured_media":2686,"comment_status":"open","ping_status":"closed","template":"","meta":{"_kad_post_transparent":"default","_kad_post_title":"","_kad_post_layout":"default","_kad_post_sidebar_id":"","_kad_post_content_style":"default","_kad_post_vertical_padding":"default","_kad_post_feature":"","_kad_post_feature_position":"","_kad_post_header":false,"_kad_post_footer":false,"_kad_post_classname":"","rank_math_title":"","rank_math_description":"","rank_math_focus_keyword":""},"product_brand":[],"product_cat":[33],"product_tag":[],"class_list":{"0":"post-2685","1":"product","2":"type-product","3":"status-publish","4":"has-post-thumbnail","6":"product_cat-face-care","8":"first","9":"instock","10":"shipping-taxable","11":"product-type-simple","12":"entry","13":"content-bg","14":"loop-entry"},"_links":{"self":[{"href":"https:\/\/skbty.com\/pt\/wp-json\/wp\/v2\/product\/2685","targetHints":{"allow":["GET"]}}],"collection":[{"href":"https:\/\/skbty.com\/pt\/wp-json\/wp\/v2\/product"}],"about":[{"href":"https:\/\/skbty.com\/pt\/wp-json\/wp\/v2\/types\/product"}],"replies":[{"embeddable":true,"href":"https:\/\/skbty.com\/pt\/wp-json\/wp\/v2\/comments?post=2685"}],"wp:featuredmedia":[{"embeddable":true,"href":"https:\/\/skbty.com\/pt\/wp-json\/wp\/v2\/media\/2686"}],"wp:attachment":[{"href":"https:\/\/skbty.com\/pt\/wp-json\/wp\/v2\/media?parent=2685"}],"wp:term":[{"taxonomy":"product_brand","embeddable":true,"href":"https:\/\/skbty.com\/pt\/wp-json\/wp\/v2\/product_brand?post=2685"},{"taxonomy":"product_cat","embeddable":true,"href":"https:\/\/skbty.com\/pt\/wp-json\/wp\/v2\/product_cat?post=2685"},{"taxonomy":"product_tag","embeddable":true,"href":"https:\/\/skbty.com\/pt\/wp-json\/wp\/v2\/product_tag?post=2685"}],"curies":[{"name":"Wp","href":"https:\/\/api.w.org\/{rel}","templated":true}]}}