{"id":2700,"date":"2024-04-03T15:16:36","date_gmt":"2024-04-03T07:16:36","guid":{"rendered":"https:\/\/skbty.com\/?post_type=product&#038;p=2700"},"modified":"2025-12-05T19:09:31","modified_gmt":"2025-12-05T11:09:31","slug":"dispositivo-de-massagem-de-micro-vibracao","status":"publish","type":"product","link":"https:\/\/skbty.com\/pt\/product\/dispositivo-de-massagem-de-micro-vibracao\/","title":{"rendered":"Dispositivo de massagem de microvibra\u00e7\u00e3o"},"content":{"rendered":"<div id=\"module_product_packaging_and_quick_detail\">\n<div class=\"widget-detail-overview\">\n<h3>Descri\u00e7\u00e3o da massagem rolante<\/h3>\n<p>Apresentando a Micro-Vibration Rolling Massage Machine, um avan\u00e7ado instrumento el\u00e9trico de bola projetado para atingir tecidos e m\u00fasculos com precis\u00e3o. O dispositivo apresenta um design cil\u00edndrico composto de m\u00faltiplas bolas rolantes, utilizando press\u00e3o de microvibra\u00e7\u00e3o para fornecer terapia de massagem eficaz. A exclusiva &quot;configura\u00e7\u00e3o em favo de mel&quot; das bolas se alinha com curvas ergon\u00f4micas, criando movimentos pulsados e r\u00edtmicos que tornam a opera\u00e7\u00e3o mais eficiente, poderosa e profundamente penetrante.<\/p>\n<p style=\"text-align: center;\"><iframe loading=\"lazy\" src=\"\/\/www.youtube.com\/embed\/L7FbNVF0yFg\" width=\"560\" height=\"314\" allowfullscreen=\"allowfullscreen\"><\/iframe><\/p>\n<div data-spm-anchor-id=\"a2700.details.0.i61.57065ba5t7RUMd\">\n<p><img loading=\"lazy\" decoding=\"async\" class=\"magic-8 aligncenter\" title=\"Massagem Rolante\" src=\"https:\/\/sc04.alicdn.com\/kf\/H14e7e9450be84060b0aa2613cc8770ebh\/247315878\/H14e7e9450be84060b0aa2613cc8770ebh.jpg\" alt=\"Massagem Rolante\" width=\"472\" height=\"472\" data-src=\"\/\/sc04.alicdn.com\/kf\/H14e7e9450be84060b0aa2613cc8770ebh\/247315878\/H14e7e9450be84060b0aa2613cc8770ebh.jpg\" \/><\/p>\n<\/div>\n<h3>Detalhes do produto<\/h3>\n<ul>\n<li><strong>Nome do produto<\/strong>: M\u00e1quina de lamina\u00e7\u00e3o por microvibra\u00e7\u00e3o<\/li>\n<li><strong>Especifica\u00e7\u00f5es<\/strong>: 55*7,2 cm<\/li>\n<li><strong>Pot\u00eancia m\u00e1xima<\/strong>: 40 W<\/li>\n<li><strong>Fonte de energia<\/strong>: 12V 1A<\/li>\n<li><strong>Peso<\/strong>: 1200g<\/li>\n<\/ul>\n<h3>Vantagens<\/h3>\n<p>A Micro-Vibration Rolling Machine ostenta 39 esferas rolantes, cada uma com 25 mm de di\u00e2metro. O cilindro gira a uma frequ\u00eancia de 40 \u2013 320 Hz, ajust\u00e1vel para diferentes partes do corpo. Seu design de al\u00e7a dupla garante distribui\u00e7\u00e3o uniforme de for\u00e7a e facilidade de opera\u00e7\u00e3o.<\/p>\n<h3><img loading=\"lazy\" decoding=\"async\" class=\"magic-8 aligncenter\" title=\"Massagem Rolante\" src=\"https:\/\/sc04.alicdn.com\/kf\/H268ec1c00f264a20a2b18321871d3de9c\/247315878\/H268ec1c00f264a20a2b18321871d3de9c.jpg\" alt=\"Massagem Rolante\" width=\"466\" height=\"466\" data-src=\"\/\/sc04.alicdn.com\/kf\/H268ec1c00f264a20a2b18321871d3de9c\/247315878\/H268ec1c00f264a20a2b18321871d3de9c.jpg\" \/><\/h3>\n<h3>Efic\u00e1cia do produto<\/h3>\n<ol>\n<li><strong>Dragagem Meridiana<\/strong>: Ajuda a regular o fluxo sangu\u00edneo e a aliviar dores musculares estimulando os meridianos do corpo.<\/li>\n<li><strong>Al\u00edvio da protrus\u00e3o das costas<\/strong>: Alivia o desconforto associado \u00e0 protrus\u00e3o das costas.<\/li>\n<li><strong>Redu\u00e7\u00e3o de gordura<\/strong>: Auxilia na quebra de dep\u00f3sitos de gordura, melhorando as curvas do corpo.<\/li>\n<li><strong>Aux\u00edlio digestivo<\/strong>: Massagear o abd\u00f4men promove o peristaltismo gastrointestinal, auxiliando na digest\u00e3o.<\/li>\n<li><strong>Aperto de seios<\/strong>: Melhora a firmeza e o formato dos seios.<\/li>\n<\/ol>\n<div class=\"J_module\">\n<div class=\"detail-decorate-json-renderer-container\">\n<div class=\"magic-1\">\n<div class=\"magic-2\">\n<div class=\"magic-3\">\n<div class=\"magic-4\" data-spm-anchor-id=\"a2700.details.0.i61.57065ba5t7RUMd\"><\/div>\n<\/div>\n<\/div>\n<\/div>\n<\/div>\n<\/div>\n<div class=\"J_module\">\n<div>\n<table style=\"border-collapse: collapse; width: 100%;\">\n<tbody>\n<tr>\n<td style=\"width: 50%;\"><img loading=\"lazy\" decoding=\"async\" class=\"magic-15 aligncenter\" title=\"Massagem Rolante\" src=\"https:\/\/sc04.alicdn.com\/kf\/H5c39bd4597c4410c92a5dd73744359eb6\/247315878\/H5c39bd4597c4410c92a5dd73744359eb6.png\" alt=\"Massagem Rolante\" width=\"428\" height=\"428\" data-src=\"\/\/sc04.alicdn.com\/kf\/H5c39bd4597c4410c92a5dd73744359eb6\/247315878\/H5c39bd4597c4410c92a5dd73744359eb6.png\" \/><\/td>\n<td style=\"width: 50%;\"><img loading=\"lazy\" decoding=\"async\" class=\"magic-17 aligncenter\" title=\"Massagem Rolante\" src=\"https:\/\/sc04.alicdn.com\/kf\/Hb08d9005680a4d21b6c2c875f5964b5eC\/247315878\/Hb08d9005680a4d21b6c2c875f5964b5eC.jpg\" alt=\"Massagem Rolante\" width=\"315\" height=\"420\" data-src=\"\/\/sc04.alicdn.com\/kf\/Hb08d9005680a4d21b6c2c875f5964b5eC\/247315878\/Hb08d9005680a4d21b6c2c875f5964b5eC.jpg\" \/><\/td>\n<\/tr>\n<\/tbody>\n<\/table>\n<\/div>\n<div class=\"icbu-pc-images magic-6\">\n<div class=\"flex-layout-v\">\n<div class=\"flex-layout-h magic-6\">\n<div class=\"magic-14\"><\/div>\n<\/div>\n<\/div>\n<\/div>\n<\/div>\n<h3>Recursos aprimorados<\/h3>\n<ul>\n<li><strong>Design ergon\u00f4mico<\/strong>: A configura\u00e7\u00e3o da bola em formato de favo de mel garante que o dispositivo se ajuste \u00e0s curvas naturais do corpo, proporcionando uma massagem mais confort\u00e1vel e eficaz.<\/li>\n<li><strong>Frequ\u00eancia ajust\u00e1vel<\/strong>: A frequ\u00eancia de rota\u00e7\u00e3o personaliz\u00e1vel permite uma terapia direcionada a diferentes partes do corpo, maximizando os benef\u00edcios.<\/li>\n<li><strong>Facilidade de uso<\/strong>: O design de al\u00e7a dupla n\u00e3o apenas torna o dispositivo mais f\u00e1cil de operar, mas tamb\u00e9m garante que a for\u00e7a seja aplicada uniformemente, reduzindo a fadiga do operador.<\/li>\n<\/ul>\n<p>A Micro-Vibration Rolling Machine \u00e9 uma ferramenta excelente para qualquer um que queira melhorar seu bem-estar f\u00edsico por meio de uma terapia de massagem eficaz e n\u00e3o invasiva. Seus recursos avan\u00e7ados e design ergon\u00f4mico a tornam essencial para rotinas de cuidados pessoais.<\/p>\n<\/div>\n<\/div>\n<div id=\"module_product_specification\">\n<div id=\"J-rich-text-description\" class=\"richtext richtext-detail rich-text-description is-magic\">\n<div id=\"detail_decorate_root\" data-magic-global=\"%7B%22bizId%22%3A2209652043073%2C%22pageId%22%3A21408191363%2C%22siteId%22%3A10002137009%7D\">\n<div class=\"J_module\">\n<div class=\"detail-decorate-json-renderer-container\">\n<div class=\"magic-1\">\n<div class=\"magic-2\">\n<div class=\"magic-3\"><\/div>\n<\/div>\n<\/div>\n<\/div>\n<\/div>\n<div class=\"J_module\">\n<div class=\"detail-decorate-json-renderer-container\">\n<div class=\"magic-1\">\n<div class=\"magic-2\">\n<div class=\"magic-3\">\n<div>\n<h3><strong>Personalizar O Logotipo<\/strong><\/h3>\n<p>Quer fazer sua marca se destacam? N\u00f3s oferecemos o logotipo personalizado servi\u00e7os para ajudar voc\u00ea a criar uma \u00fanica e personalizada logo que reflete a identidade de sua marca. Nossa equipe de especialistas ir\u00e1 trabalhar em estreita colabora\u00e7\u00e3o com voc\u00ea para criar um logotipo que est\u00e1 em conson\u00e2ncia com os valores da sua marca e de mensagens. Se voc\u00ea estiver olhando para renovar o seu logotipo existente ou criar um novo a partir do zero, n\u00f3s temos que cobertas. <a href=\"\/pt\/contato\/\">Contacte-nos<\/a> hoje para saber mais sobre o nosso logotipo personalizado servi\u00e7os!<\/p>\n<p style=\"text-align: center;\"><iframe loading=\"lazy\" src=\"\/\/www.youtube.com\/embed\/Vds_NGy93qk\" width=\"560\" height=\"314\" allowfullscreen=\"allowfullscreen\"><\/iframe><\/p>\n<\/div>\n<\/div>\n<\/div>\n<\/div>\n<\/div>\n<\/div>\n<div class=\"J_module\">\n<div class=\"detail-decorate-json-renderer-container\">\n<div class=\"magic-1\">\n<div style=\"text-align: center;\"><\/div>\n<div class=\"magic-2\">\n<div>\n<table style=\"border-collapse: collapse; width: 100%;\">\n<tbody>\n<tr>\n<td style=\"width: 50%;\"><\/td>\n<td style=\"width: 50%;\"><\/td>\n<\/tr>\n<\/tbody>\n<\/table>\n<\/div>\n<\/div>\n<\/div>\n<\/div>\n<\/div>\n<div class=\"J_module\">\n<div class=\"icbu-pc-images magic-6\">\n<div class=\"flex-layout-v\">\n<div class=\"flex-layout-h magic-6\">\n<div class=\"magic-7\"><\/div>\n<\/div>\n<\/div>\n<div><\/div>\n<\/div>\n<\/div>\n<\/div>\n<\/div>\n<\/div>","protected":false},"excerpt":{"rendered":"<p>Este \u00e9 um instrumento el\u00e9trico de press\u00e3o de microvibra\u00e7\u00e3o que atua nos tecidos e m\u00fasculos, e \u00e9 um cilindro composto de m\u00faltiplas bolas. Ele atua em v\u00e1rias partes do corpo apertando e rolando; a &quot;configura\u00e7\u00e3o especial em favo de mel&quot; das bolas est\u00e1 mais alinhada com o design da curva ergon\u00f4mica, gerando movimentos pulsantes e r\u00edtmicos, tornando a opera\u00e7\u00e3o mais econ\u00f4mica, a massagem mais potente e a penetra\u00e7\u00e3o mais forte.<\/p>","protected":false},"featured_media":2702,"comment_status":"open","ping_status":"closed","template":"","meta":{"_kad_post_transparent":"default","_kad_post_title":"","_kad_post_layout":"default","_kad_post_sidebar_id":"","_kad_post_content_style":"default","_kad_post_vertical_padding":"default","_kad_post_feature":"","_kad_post_feature_position":"","_kad_post_header":false,"_kad_post_footer":false,"_kad_post_classname":"","rank_math_title":"","rank_math_description":"","rank_math_focus_keyword":""},"product_brand":[],"product_cat":[67],"product_tag":[71,73,72],"class_list":{"0":"post-2700","1":"product","2":"type-product","3":"status-publish","4":"has-post-thumbnail","6":"product_cat-vera-roller-machines","7":"product_tag-micro-vibration","8":"product_tag-rolling-massage","9":"product_tag-rolling-massage-device","10":"product_shipping_class-included-shipping","12":"first","13":"instock","14":"sale","15":"shipping-taxable","16":"purchasable","17":"product-type-simple","18":"entry","19":"content-bg","20":"loop-entry"},"_links":{"self":[{"href":"https:\/\/skbty.com\/pt\/wp-json\/wp\/v2\/product\/2700","targetHints":{"allow":["GET"]}}],"collection":[{"href":"https:\/\/skbty.com\/pt\/wp-json\/wp\/v2\/product"}],"about":[{"href":"https:\/\/skbty.com\/pt\/wp-json\/wp\/v2\/types\/product"}],"replies":[{"embeddable":true,"href":"https:\/\/skbty.com\/pt\/wp-json\/wp\/v2\/comments?post=2700"}],"wp:featuredmedia":[{"embeddable":true,"href":"https:\/\/skbty.com\/pt\/wp-json\/wp\/v2\/media\/2702"}],"wp:attachment":[{"href":"https:\/\/skbty.com\/pt\/wp-json\/wp\/v2\/media?parent=2700"}],"wp:term":[{"taxonomy":"product_brand","embeddable":true,"href":"https:\/\/skbty.com\/pt\/wp-json\/wp\/v2\/product_brand?post=2700"},{"taxonomy":"product_cat","embeddable":true,"href":"https:\/\/skbty.com\/pt\/wp-json\/wp\/v2\/product_cat?post=2700"},{"taxonomy":"product_tag","embeddable":true,"href":"https:\/\/skbty.com\/pt\/wp-json\/wp\/v2\/product_tag?post=2700"}],"curies":[{"name":"Wp","href":"https:\/\/api.w.org\/{rel}","templated":true}]}}