{"id":2752,"date":"2024-06-04T16:50:54","date_gmt":"2024-06-04T08:50:54","guid":{"rendered":"https:\/\/skbty.com\/?post_type=product&#038;p=2752"},"modified":"2024-06-18T15:47:15","modified_gmt":"2024-06-18T07:47:15","slug":"maquina-de-tatuagem-e-depilacao-a-laser-pico-2-em-1","status":"publish","type":"product","link":"https:\/\/skbty.com\/pt\/product\/maquina-de-tatuagem-e-depilacao-a-laser-pico-2-em-1\/","title":{"rendered":"M\u00e1quina de tatuagem e remo\u00e7\u00e3o de pelos a laser Pico 2 em 1"},"content":{"rendered":"<div class=\"J_module\">\n<div data-section=\"AliMagic-75po0l\" data-section-title=\"Products Description\" data-spm-anchor-id=\"a2700.details.0.i53.7ac112f70cwNC0\">\n<h2>M\u00e1quina de tatuagem e remo\u00e7\u00e3o de pelos a laser Pico 2 em 1<\/h2>\n<h3>Princ\u00edpio de funcionamento<\/h3>\n<h4>Princ\u00edpio do Laser<\/h4>\n<p>A m\u00e1quina de remo\u00e7\u00e3o de pelos e tatuagem a laser 2 em 1 Pico usa o modo Q-switched gem e o princ\u00edpio do photo blasting. Pulsos de laser de alta energia s\u00e3o emitidos instantaneamente, permitindo que o laser de comprimento de onda fixo penetre na epiderme em um tempo muito curto. O grupo de pigmentos alvo aquece, expande e se quebra rapidamente. Part\u00edculas finas de pigmento s\u00e3o ent\u00e3o absorvidas por macr\u00f3fagos e eliminadas pelo sistema linf\u00e1tico, removendo manchas de forma eficaz.<\/p>\n<h4>Princ\u00edpio da remo\u00e7\u00e3o de pelos<\/h4>\n<p>Com base na termodin\u00e2mica fotogr\u00e1fica seletiva, esta m\u00e1quina ajusta o comprimento de onda, a energia e a largura do pulso para permitir que a energia da luz penetre na pele e alcance as ra\u00edzes do fol\u00edculo piloso. Isso danifica o tecido do fol\u00edculo piloso, retardando ou interrompendo o crescimento do pelo. O sistema de remo\u00e7\u00e3o de pelos com ponto de congelamento r\u00e1pido usa uma tecnologia de resfriamento exclusiva para reduzir a temperatura da epiderme local para 5 \u00b0C, garantindo um processo de remo\u00e7\u00e3o de pelos indolor e eficiente, sem danos \u00e0 pele.<\/p>\n<table style=\"border-collapse: collapse; width: 100%;\">\n<tbody>\n<tr>\n<td style=\"width: 50%;\"><img loading=\"lazy\" decoding=\"async\" class=\"magic-27 alignnone\" title=\"M\u00e1quina de tatuagem e remo\u00e7\u00e3o de pelos a laser Pico 2 em 1\" src=\"https:\/\/sc04.alicdn.com\/kf\/H2b36a04f94984e03afec782eaeccd6c4m\/247315878\/H2b36a04f94984e03afec782eaeccd6c4m.png\" alt=\"M\u00e1quina de tatuagem e remo\u00e7\u00e3o de pelos a laser Pico 2 em 1\" width=\"750\" height=\"402\" data-src=\"\/\/sc04.alicdn.com\/kf\/H2b36a04f94984e03afec782eaeccd6c4m\/247315878\/H2b36a04f94984e03afec782eaeccd6c4m.png\" \/><\/td>\n<td style=\"width: 50%;\"><img loading=\"lazy\" decoding=\"async\" class=\"magic-29 aligncenter\" title=\"M\u00e1quina de tatuagem e remo\u00e7\u00e3o de pelos a laser Pico 2 em 1\" src=\"https:\/\/sc04.alicdn.com\/kf\/Hdfe137e0fb5a4c5c8d4eacd1e4351dd31\/247315878\/Hdfe137e0fb5a4c5c8d4eacd1e4351dd31.png\" alt=\"M\u00e1quina de tatuagem e remo\u00e7\u00e3o de pelos a laser Pico 2 em 1\" width=\"405\" height=\"310\" data-src=\"\/\/sc04.alicdn.com\/kf\/Hdfe137e0fb5a4c5c8d4eacd1e4351dd31\/247315878\/Hdfe137e0fb5a4c5c8d4eacd1e4351dd31.png\" \/><\/td>\n<\/tr>\n<\/tbody>\n<\/table>\n<h3>Especifica\u00e7\u00f5es do produto<\/h3>\n<ul>\n<li><strong>Nome<\/strong>: M\u00e1quina de remo\u00e7\u00e3o de pelos e tatuagem a laser Pico 2 em 1<\/li>\n<\/ul>\n<h4>Par\u00e2metros do cabo do laser<\/h4>\n<ul>\n<li><strong>Comprimento de onda da luz<\/strong>: 532nm\/785nm\/1064nm<\/li>\n<li><strong>Freq\u00fc\u00eancia<\/strong>: 0-3,0 Hz<\/li>\n<li><strong>Energia<\/strong>: 0,5-2,9 J\/cm\u00b2<\/li>\n<\/ul>\n<h4>Par\u00e2metros do instrumento de remo\u00e7\u00e3o de pelos<\/h4>\n<ul>\n<li><strong>Tamanho do ponto<\/strong>: 12*26mm<\/li>\n<li><strong>Resolu\u00e7\u00e3o<\/strong>: 1080\u00d71920<\/li>\n<li><strong>Opera\u00e7\u00f5es<\/strong>: 50,000,000<\/li>\n<li><strong>Comprimento de onda<\/strong>: 808 nm<\/li>\n<li><strong>Freq\u00fc\u00eancia<\/strong>: 1-10Hz<\/li>\n<li><strong>Energia<\/strong>: 1-50J\/cm\u00b2<\/li>\n<li><strong>Poder<\/strong>: 2000 W<\/li>\n<li><strong>Largura de pulso<\/strong>: 1MS-400MS<\/li>\n<li><strong>Tens\u00e3o<\/strong>: 200-240 V<\/li>\n<li><strong>Resfriamento<\/strong>: Semicondutor + refrigera\u00e7\u00e3o a ar + refrigera\u00e7\u00e3o TEC<\/li>\n<li><strong>Tamanho do pacote<\/strong>: 61 cm 55 cm 57 cm<\/li>\n<li><strong>Suporte de idioma<\/strong>: Personaliz\u00e1vel<\/li>\n<li><strong>Peso<\/strong>: 32,5 kg<\/li>\n<\/ul>\n<h3>Caracter\u00edsticas<\/h3>\n<ul>\n<li>Nova experi\u00eancia com apar\u00eancia refinada<\/li>\n<li>Recupera\u00e7\u00e3o r\u00e1pida e posicionamento preciso<\/li>\n<li>Depila\u00e7\u00e3o com gelo e filtro de micron<\/li>\n<li>Uso multifuncional suave e confort\u00e1vel<\/li>\n<\/ul>\n<div class=\"magic-28\"><\/div>\n<div>\n<table style=\"border-collapse: collapse; width: 100%;\">\n<tbody>\n<tr>\n<td style=\"width: 50%;\"><img loading=\"lazy\" decoding=\"async\" class=\"magic-31 aligncenter\" title=\"M\u00e1quina de tatuagem e remo\u00e7\u00e3o de pelos a laser Pico 2 em 1\" src=\"https:\/\/sc04.alicdn.com\/kf\/Hcd4539f86171472996b55ef04ae039a25\/247315878\/Hcd4539f86171472996b55ef04ae039a25.png\" alt=\"M\u00e1quina de tatuagem e remo\u00e7\u00e3o de pelos a laser Pico 2 em 1\" width=\"422\" height=\"422\" data-src=\"\/\/sc04.alicdn.com\/kf\/Hcd4539f86171472996b55ef04ae039a25\/247315878\/Hcd4539f86171472996b55ef04ae039a25.png\" \/><\/td>\n<td style=\"width: 50%;\"><img loading=\"lazy\" decoding=\"async\" class=\"magic-33 aligncenter\" title=\"M\u00e1quina de tatuagem e remo\u00e7\u00e3o de pelos a laser Pico 2 em 1\" src=\"https:\/\/sc04.alicdn.com\/kf\/Ha4e108c318d04b3db4693932245fde4fd\/247315878\/Ha4e108c318d04b3db4693932245fde4fd.png\" alt=\"M\u00e1quina de tatuagem e remo\u00e7\u00e3o de pelos a laser Pico 2 em 1\" width=\"415\" height=\"378\" data-src=\"\/\/sc04.alicdn.com\/kf\/Ha4e108c318d04b3db4693932245fde4fd\/247315878\/Ha4e108c318d04b3db4693932245fde4fd.png\" \/><\/td>\n<\/tr>\n<\/tbody>\n<\/table>\n<\/div>\n<h4>Fun\u00e7\u00f5es<\/h4>\n<ol>\n<li>Remover manchas<\/li>\n<li>Remo\u00e7\u00e3o de tatuagem<\/li>\n<li>Tratamento de cicatrizes leves<\/li>\n<li>Depila\u00e7\u00e3o<\/li>\n<li>Rejuvenescimento da pele<\/li>\n<\/ol>\n<h3>Vantagens<\/h3>\n<ol>\n<li><strong>Emissor de Laser de Marca<\/strong>: Luz e desempenho est\u00e1veis, longa vida \u00fatil.<\/li>\n<li><strong>Seguran\u00e7a<\/strong>: Tratamento est\u00e1vel e seguro, sem danos \u00e0 pele.<\/li>\n<li><strong>Alta Efici\u00eancia<\/strong>: Absor\u00e7\u00e3o eficaz de melanina para remo\u00e7\u00e3o de pelos sem dor.<\/li>\n<li><strong>Sem dor<\/strong>: O sistema de resfriamento Sapphire Touch garante um tratamento seguro e sem dor.<\/li>\n<li><strong>Resultados r\u00e1pidos<\/strong>: O tamanho grande do ponto aumenta a velocidade do tratamento.<\/li>\n<li><strong>Depila\u00e7\u00e3o Permanente<\/strong>: Adequado para todos os tipos de pele com excelentes resultados.<\/li>\n<\/ol>\n<h3><img loading=\"lazy\" decoding=\"async\" class=\"magic-35 aligncenter\" title=\"M\u00e1quina de tatuagem e remo\u00e7\u00e3o de pelos a laser Pico 2 em 1\" src=\"https:\/\/sc04.alicdn.com\/kf\/Hf399b3f702a64dfea0beaf4dc9e4b2c9F\/247315878\/Hf399b3f702a64dfea0beaf4dc9e4b2c9F.png\" alt=\"M\u00e1quina de tatuagem e remo\u00e7\u00e3o de pelos a laser Pico 2 em 1\" width=\"557\" height=\"447\" data-src=\"\/\/sc04.alicdn.com\/kf\/Hf399b3f702a64dfea0beaf4dc9e4b2c9F\/247315878\/Hf399b3f702a64dfea0beaf4dc9e4b2c9F.png\" \/><\/h3>\n<h3>Aplica\u00e7\u00f5es<\/h3>\n<ol>\n<li><strong>Redu\u00e7\u00e3o de poros<\/strong>: Efeito de estreitamento vis\u00edvel ap\u00f3s um ciclo de tratamento.<\/li>\n<li><strong>Remo\u00e7\u00e3o de manchas<\/strong>: Remove manchas facilmente sem se preocupar com hiperpigmenta\u00e7\u00e3o.<\/li>\n<li><strong>Redu\u00e7\u00e3o de linhas finas<\/strong>: Melhora not\u00e1vel em linhas finas com tratamento a laser de picossegundos em favo de mel.<\/li>\n<li><strong>Tratamento de cicatrizes<\/strong>: Eficaz para cicatrizes persistentes e marcas de var\u00edola.<\/li>\n<li><strong>Suavidade da pele<\/strong>: Melhora a textura da pele, deixando-a macia e suave.<\/li>\n<li><strong>Remo\u00e7\u00e3o de Tatuagem<\/strong>: Remove cores dif\u00edceis de tatuagem (vermelho, laranja, amarelo, verde, azul) sem deixar vest\u00edgios.<\/li>\n<\/ol>\n<\/div>\n<\/div>\n<div class=\"J_module\">\n<div class=\"detail-decorate-json-renderer-container\">\n<div class=\"magic-4\">\n<div class=\"magic-7\">\n<div class=\"magic-8\">\n<h3 class=\"magic-9\"><span style=\"font-family: Arial;\">Imagens de produtos<\/span><\/h3>\n<\/div>\n<\/div>\n<\/div>\n<\/div>\n<\/div>\n<div class=\"J_module\">\n<div class=\"detail-decorate-json-renderer-container\">\n<div class=\"magic-4\">\n<div class=\"magic-7\">\n<div class=\"magic-8\">\n<div class=\"magic-9\">\n<table style=\"border-collapse: collapse; width: 100%;\">\n<tbody>\n<tr>\n<td style=\"width: 50%;\"><img loading=\"lazy\" decoding=\"async\" class=\"magic-31 alignnone\" title=\"M\u00e1quina de tatuagem e remo\u00e7\u00e3o de pelos a laser Pico 2 em 1\" src=\"https:\/\/sc04.alicdn.com\/kf\/H873a43bc0ea642aa8ec9487c0c7de1d8K\/247315878\/H873a43bc0ea642aa8ec9487c0c7de1d8K.png\" alt=\"M\u00e1quina de tatuagem e remo\u00e7\u00e3o de pelos a laser Pico 2 em 1\" width=\"1000\" height=\"1000\" data-src=\"\/\/sc04.alicdn.com\/kf\/H873a43bc0ea642aa8ec9487c0c7de1d8K\/247315878\/H873a43bc0ea642aa8ec9487c0c7de1d8K.png\" \/><\/td>\n<td style=\"width: 50%;\"><img loading=\"lazy\" decoding=\"async\" class=\"magic-31 alignnone\" title=\"M\u00e1quina de tatuagem e remo\u00e7\u00e3o de pelos a laser Pico 2 em 1\" src=\"https:\/\/sc04.alicdn.com\/kf\/H8397ceef7d3c4ecdb5a598f1b67b8be6C\/247315878\/H8397ceef7d3c4ecdb5a598f1b67b8be6C.png\" alt=\"M\u00e1quina de tatuagem e remo\u00e7\u00e3o de pelos a laser Pico 2 em 1\" width=\"1000\" height=\"1000\" data-src=\"\/\/sc04.alicdn.com\/kf\/H8397ceef7d3c4ecdb5a598f1b67b8be6C\/247315878\/H8397ceef7d3c4ecdb5a598f1b67b8be6C.png\" \/><\/td>\n<\/tr>\n<\/tbody>\n<\/table>\n<\/div>\n<\/div>\n<\/div>\n<\/div>\n<\/div>\n<\/div>\n<div class=\"J_module\">\n<div class=\"icbu-pc-images magic-1\">\n<div class=\"flex-layout-v\">\n<div class=\"flex-layout-h magic-1\">\n<div class=\"magic-30\"><\/div>\n<\/div>\n<\/div>\n<\/div>\n<\/div>\n<div class=\"J_module\">\n<div class=\"icbu-pc-images magic-1\">\n<div class=\"flex-layout-v\">\n<div class=\"flex-layout-h magic-1\">\n<div class=\"magic-30\">\n<h3><strong>Personalizar O Logotipo<\/strong><\/h3>\n<p>Quer fazer sua marca se destacam? N\u00f3s oferecemos o logotipo personalizado servi\u00e7os para ajudar voc\u00ea a criar uma \u00fanica e personalizada logo que reflete a identidade de sua marca. Nossa equipe de especialistas ir\u00e1 trabalhar em estreita colabora\u00e7\u00e3o com voc\u00ea para criar um logotipo que est\u00e1 em conson\u00e2ncia com os valores da sua marca e de mensagens. Se voc\u00ea estiver olhando para renovar o seu logotipo existente ou criar um novo a partir do zero, n\u00f3s temos que cobertas. <a href=\"\/pt\/contato\/\">Contacte-nos<\/a> hoje para saber mais sobre o nosso logotipo personalizado servi\u00e7os!<\/p>\n<p>&nbsp;<\/p>\n<\/div>\n<div style=\"text-align: center;\"><iframe loading=\"lazy\" src=\"\/\/www.youtube.com\/embed\/_Tv6Vu_I_Mw?si=UIqSYODM4GoOZp64\" width=\"560\" height=\"314\" allowfullscreen=\"allowfullscreen\"><\/iframe><\/div>\n<\/div>\n<\/div>\n<\/div>\n<\/div>","protected":false},"excerpt":{"rendered":"<p>Experimente a M\u00e1quina Desktop Picosecond + 808 Laser Diode para remo\u00e7\u00e3o eficiente de manchas, remo\u00e7\u00e3o de tatuagens, tratamento de cicatrizes e remo\u00e7\u00e3o permanente de pelos. Segura, eficaz e vers\u00e1til.<\/p>","protected":false},"featured_media":2755,"comment_status":"open","ping_status":"closed","template":"","meta":{"_kad_post_transparent":"default","_kad_post_title":"","_kad_post_layout":"default","_kad_post_sidebar_id":"","_kad_post_content_style":"default","_kad_post_vertical_padding":"default","_kad_post_feature":"","_kad_post_feature_position":"","_kad_post_header":false,"_kad_post_footer":false,"_kad_post_classname":"","rank_math_title":"","rank_math_description":"","rank_math_focus_keyword":"Laser Tattoo Removal"},"product_brand":[],"product_cat":[29],"product_tag":[],"class_list":{"0":"post-2752","1":"product","2":"type-product","3":"status-publish","4":"has-post-thumbnail","6":"product_cat-pico-laser","8":"first","9":"instock","10":"shipping-taxable","11":"product-type-simple","12":"entry","13":"content-bg","14":"loop-entry"},"_links":{"self":[{"href":"https:\/\/skbty.com\/pt\/wp-json\/wp\/v2\/product\/2752","targetHints":{"allow":["GET"]}}],"collection":[{"href":"https:\/\/skbty.com\/pt\/wp-json\/wp\/v2\/product"}],"about":[{"href":"https:\/\/skbty.com\/pt\/wp-json\/wp\/v2\/types\/product"}],"replies":[{"embeddable":true,"href":"https:\/\/skbty.com\/pt\/wp-json\/wp\/v2\/comments?post=2752"}],"wp:featuredmedia":[{"embeddable":true,"href":"https:\/\/skbty.com\/pt\/wp-json\/wp\/v2\/media\/2755"}],"wp:attachment":[{"href":"https:\/\/skbty.com\/pt\/wp-json\/wp\/v2\/media?parent=2752"}],"wp:term":[{"taxonomy":"product_brand","embeddable":true,"href":"https:\/\/skbty.com\/pt\/wp-json\/wp\/v2\/product_brand?post=2752"},{"taxonomy":"product_cat","embeddable":true,"href":"https:\/\/skbty.com\/pt\/wp-json\/wp\/v2\/product_cat?post=2752"},{"taxonomy":"product_tag","embeddable":true,"href":"https:\/\/skbty.com\/pt\/wp-json\/wp\/v2\/product_tag?post=2752"}],"curies":[{"name":"Wp","href":"https:\/\/api.w.org\/{rel}","templated":true}]}}