{"id":2782,"date":"2024-06-04T17:44:50","date_gmt":"2024-06-04T09:44:50","guid":{"rendered":"https:\/\/skbty.com\/?post_type=product&#038;p=2782"},"modified":"2025-01-09T17:13:41","modified_gmt":"2025-01-09T09:13:41","slug":"cadeira-magica-de-reparo-de-musculos-do-assoalho-pelvico-6t-nova-estimulacao-eletromagnetica-nao-invasiva-cadeira-de-reabilitacao-ems","status":"publish","type":"product","link":"https:\/\/skbty.com\/pt\/product\/cadeira-magica-de-reparo-de-musculos-do-assoalho-pelvico-6t-nova-estimulacao-eletromagnetica-nao-invasiva-cadeira-de-reabilitacao-ems\/","title":{"rendered":"Cadeira de reparo muscular do assoalho p\u00e9lvico 6T Tread"},"content":{"rendered":"<h3>Princ\u00edpio do reparo dos m\u00fasculos do assoalho p\u00e9lvico<\/h3>\n<p>A cadeira de resson\u00e2ncia p\u00e9lvica BTL Emsella, tamb\u00e9m conhecida como \u201cHappy Chair\u201d, revoluciona o tratamento da incontin\u00eancia urin\u00e1ria. Utilizando a avan\u00e7ada tecnologia \u201cHIFEM\u201d (High-Intensity Focused Electromagnetic), ela estimula os neur\u00f4nios motores a controlar os m\u00fasculos do assoalho p\u00e9lvico. Esse processo desencadeia hipercontra\u00e7\u00f5es repetidas para reconstruir a for\u00e7a e a resist\u00eancia dos m\u00fasculos do assoalho p\u00e9lvico e do sistema urin\u00e1rio, auxiliando efetivamente no reparo, for\u00e7a e resist\u00eancia dos m\u00fasculos do assoalho p\u00e9lvico.<\/p>\n<p><img loading=\"lazy\" decoding=\"async\" class=\"wp-image-2789 aligncenter\" title=\"repara\u00e7\u00e3o dos m\u00fasculos do assoalho p\u00e9lvico\" src=\"https:\/\/skbty.com\/wp-content\/uploads\/2024\/06\/GirlSit-xuanchuan-1024x585.jpg\" alt=\"repara\u00e7\u00e3o dos m\u00fasculos do assoalho p\u00e9lvico\" width=\"677\" height=\"387\" srcset=\"https:\/\/skbty.com\/wp-content\/uploads\/2024\/06\/GirlSit-xuanchuan-1024x585.jpg 1024w, https:\/\/skbty.com\/wp-content\/uploads\/2024\/06\/GirlSit-xuanchuan-300x171.jpg 300w, https:\/\/skbty.com\/wp-content\/uploads\/2024\/06\/GirlSit-xuanchuan-768x439.jpg 768w, https:\/\/skbty.com\/wp-content\/uploads\/2024\/06\/GirlSit-xuanchuan-1536x878.jpg 1536w, https:\/\/skbty.com\/wp-content\/uploads\/2024\/06\/GirlSit-xuanchuan-600x343.jpg 600w, https:\/\/skbty.com\/wp-content\/uploads\/2024\/06\/GirlSit-xuanchuan.jpg 1792w\" sizes=\"auto, (max-width: 677px) 100vw, 677px\" \/><\/p>\n<h4>Como funciona a tecnologia HIFEM<\/h4>\n<p>A tecnologia HIFEM gera um campo eletromagn\u00e9tico de alta intensidade que penetra profundamente nos m\u00fasculos do assoalho p\u00e9lvico. Essa abordagem n\u00e3o invasiva garante que os neur\u00f4nios motores sejam estimulados sem a necessidade de cirurgia ou procedimentos invasivos. Os pulsos eletromagn\u00e9ticos fazem com que os m\u00fasculos se contraiam r\u00e1pida e repetidamente, excedendo em muito o n\u00famero de contra\u00e7\u00f5es que poderiam ser alcan\u00e7adas apenas por meio de exerc\u00edcios volunt\u00e1rios.<\/p>\n<p><img loading=\"lazy\" decoding=\"async\" class=\"wp-image-2786 aligncenter\" title=\"repara\u00e7\u00e3o dos m\u00fasculos do assoalho p\u00e9lvico\" src=\"https:\/\/skbty.com\/wp-content\/uploads\/2024\/06\/\u56fe\u7247\u5df2\u7c98\u8d34\u81f32024-4-16-15-31.png\" alt=\"repara\u00e7\u00e3o dos m\u00fasculos do assoalho p\u00e9lvico\" width=\"425\" height=\"418\" srcset=\"https:\/\/skbty.com\/wp-content\/uploads\/2024\/06\/\u56fe\u7247\u5df2\u7c98\u8d34\u81f32024-4-16-15-31.png 750w, https:\/\/skbty.com\/wp-content\/uploads\/2024\/06\/\u56fe\u7247\u5df2\u7c98\u8d34\u81f32024-4-16-15-31-300x295.png 300w, https:\/\/skbty.com\/wp-content\/uploads\/2024\/06\/\u56fe\u7247\u5df2\u7c98\u8d34\u81f32024-4-16-15-31-600x590.png 600w\" sizes=\"auto, (max-width: 425px) 100vw, 425px\" \/><\/p>\n<h4>Processo de tratamento<\/h4>\n<p>Cada sess\u00e3o com a cadeira BTL Emsella dura aproximadamente 30 minutos. Durante esse tempo, os pacientes permanecem totalmente vestidos e sentados confortavelmente. O tratamento n\u00e3o requer anestesia e n\u00e3o h\u00e1 dor envolvida. Os pacientes podem retomar as atividades normais imediatamente ap\u00f3s a sess\u00e3o, pois n\u00e3o h\u00e1 per\u00edodo de recupera\u00e7\u00e3o necess\u00e1rio.<\/p>\n<h4>Vantagens da cadeira Metis Happy<\/h4>\n<ol>\n<li><strong>Ativa\u00e7\u00e3o dos m\u00fasculos do assoalho p\u00e9lvico<\/strong>: A Metis Happy Chair ativa o tecido muscular do assoalho p\u00e9lvico e promove a regenera\u00e7\u00e3o do col\u00e1geno, que \u00e9 crucial para manter a for\u00e7a e a elasticidade desses m\u00fasculos. O col\u00e1geno \u00e9 um componente vital que fornece estrutura e suporte aos tecidos, garantindo que eles permane\u00e7am firmes e resilientes.<\/li>\n<li><strong>Melhoria dos m\u00fasculos do assoalho p\u00e9lvico<\/strong>: Sess\u00f5es regulares com a Happy Chair melhoram efetivamente os m\u00fasculos do assoalho p\u00e9lvico, restaurando sua firmeza e elasticidade. Isso leva a um melhor controle da bexiga e a uma redu\u00e7\u00e3o nos sintomas de incontin\u00eancia urin\u00e1ria. A for\u00e7a muscular melhorada tamb\u00e9m suporta melhor posicionamento e fun\u00e7\u00e3o dos \u00f3rg\u00e3os p\u00e9lvicos.<\/li>\n<li><strong>Redu\u00e7\u00e3o de incontin\u00eancia e perda de urina<\/strong>: Ao fortalecer os m\u00fasculos do assoalho p\u00e9lvico, a Happy Chair ajuda a combater v\u00e1rios problemas, como incontin\u00eancia, vazamento de urina e gotejamento. Ela tamb\u00e9m aborda problemas relacionados a um abd\u00f4men inferior fraco, que pode contribuir para o prolapso de \u00f3rg\u00e3os p\u00e9lvicos e outros problemas de sa\u00fade.<\/li>\n<li><strong>Melhoria da sa\u00fade sexual<\/strong>: M\u00fasculos do assoalho p\u00e9lvico mais fortes podem levar a uma sa\u00fade sexual melhorada, reduzindo problemas como dificuldade para atingir o orgasmo. O t\u00f4nus e o controle muscular aprimorados podem contribuir para experi\u00eancias sexuais mais satisfat\u00f3rias e bem-estar sexual geral.<\/li>\n<\/ol>\n<h4>Benef\u00edcios e Efic\u00e1cia<\/h4>\n<ul>\n<li><strong>Contra\u00e7\u00e3o Muscular Intensiva<\/strong>: A cadeira desencadeia aproximadamente 12.000 contra\u00e7\u00f5es dos m\u00fasculos do assoalho p\u00e9lvico em 30 minutos. Este treino intensivo fortalece significativamente os m\u00fasculos e melhora o controle urin\u00e1rio. O efeito supera o dos exerc\u00edcios tradicionais de Kegel, proporcionando um tratamento mais eficiente e eficaz.<\/li>\n<li><strong>Tecnologia N\u00e3o Invasiva<\/strong>: Usando a mais avan\u00e7ada tecnologia n\u00e3o invasiva de estreitamento vaginal, o tratamento \u00e9 seguro, confort\u00e1vel e n\u00e3o requer despir-se ou per\u00edodo de abstin\u00eancia. As pacientes podem manter suas rotinas regulares sem nenhuma interrup\u00e7\u00e3o.<\/li>\n<li><strong>Curso de Tratamento Eficaz<\/strong>: Uma sess\u00e3o da Metis Happy Chair \u00e9 mais eficaz do que 10.000 exerc\u00edcios de Kegel. Essa efici\u00eancia not\u00e1vel significa que os pacientes podem obter melhorias percept\u00edveis em um per\u00edodo de tempo mais curto.<\/li>\n<li><strong>Conveni\u00eancia e conforto<\/strong>: Cada sess\u00e3o de tratamento dura apenas 30 minutos, sem dor, anestesia ou per\u00edodo de recupera\u00e7\u00e3o necess\u00e1rio. Essa conveni\u00eancia permite que os pacientes encaixem o tratamento em suas agendas ocupadas facilmente.<\/li>\n<\/ul>\n<p><img loading=\"lazy\" decoding=\"async\" class=\"wp-image-2785 aligncenter\" title=\"repara\u00e7\u00e3o dos m\u00fasculos do assoalho p\u00e9lvico,\" src=\"https:\/\/skbty.com\/wp-content\/uploads\/2024\/06\/\u56fe\u7247\u5df2\u7c98\u8d34\u81f32024-4-16-15-32.png\" alt=\"repara\u00e7\u00e3o dos m\u00fasculos do assoalho p\u00e9lvico,\" width=\"456\" height=\"442\" srcset=\"https:\/\/skbty.com\/wp-content\/uploads\/2024\/06\/\u56fe\u7247\u5df2\u7c98\u8d34\u81f32024-4-16-15-32.png 750w, https:\/\/skbty.com\/wp-content\/uploads\/2024\/06\/\u56fe\u7247\u5df2\u7c98\u8d34\u81f32024-4-16-15-32-300x291.png 300w, https:\/\/skbty.com\/wp-content\/uploads\/2024\/06\/\u56fe\u7247\u5df2\u7c98\u8d34\u81f32024-4-16-15-32-600x582.png 600w\" sizes=\"auto, (max-width: 456px) 100vw, 456px\" \/><\/p>\n<h3>Benef\u00edcios a longo prazo<\/h3>\n<p>O uso regular da cadeira BTL Emsella pode levar a melhorias sustentadas na sa\u00fade do assoalho p\u00e9lvico. Os pacientes frequentemente relatam benef\u00edcios de longo prazo, como controle aprimorado da bexiga, redu\u00e7\u00e3o do vazamento urin\u00e1rio, reparo dos m\u00fasculos do assoalho e satisfa\u00e7\u00e3o sexual melhorada. O tratamento consistente ajuda a manter a for\u00e7a e a funcionalidade dos m\u00fasculos do assoalho p\u00e9lvico, prevenindo problemas futuros e promovendo o bem-estar geral.<\/p>\n<h3><strong>Personalizar O Logotipo<\/strong><\/h3>\n<p>Quer fazer sua marca se destacam? N\u00f3s oferecemos o logotipo personalizado servi\u00e7os para ajudar voc\u00ea a criar uma \u00fanica e personalizada logo que reflete a identidade de sua marca. Nossa equipe de especialistas ir\u00e1 trabalhar em estreita colabora\u00e7\u00e3o com voc\u00ea para criar um logotipo que est\u00e1 em conson\u00e2ncia com os valores da sua marca e de mensagens. Se voc\u00ea estiver olhando para renovar o seu logotipo existente ou criar um novo a partir do zero, n\u00f3s temos que cobertas. <a href=\"\/pt\/contato\/\">Contacte-nos<\/a> hoje para saber mais sobre o nosso logotipo personalizado servi\u00e7os!<\/p>\n<p style=\"text-align: center;\"><iframe loading=\"lazy\" src=\"\/\/www.youtube.com\/embed\/HE8EiDrZZU0?si=oZgDwGREVs-M2BzF\" width=\"560\" height=\"314\" allowfullscreen=\"allowfullscreen\"><\/iframe><\/p>","protected":false},"excerpt":{"rendered":"<p>A cadeira de resson\u00e2ncia p\u00e9lvica BTL Emsella, tamb\u00e9m conhecida como \u201cHappy Chair\u201d, revoluciona o tratamento da incontin\u00eancia urin\u00e1ria com a avan\u00e7ada tecnologia HIFEM. Ela estimula os m\u00fasculos do assoalho p\u00e9lvico, aumentando a for\u00e7a e a resist\u00eancia, e promovendo a regenera\u00e7\u00e3o do col\u00e1geno. Este tratamento n\u00e3o invasivo de 30 minutos oferece benef\u00edcios significativos em rela\u00e7\u00e3o aos exerc\u00edcios tradicionais de Kegel, melhorando a firmeza, elasticidade e controle urin\u00e1rio dos m\u00fasculos p\u00e9lvicos sem dor ou tempo de recupera\u00e7\u00e3o. Ideal para tratar incontin\u00eancia, vazamento de urina e problemas de sa\u00fade sexual, a cadeira Happy Metis oferece uma solu\u00e7\u00e3o confort\u00e1vel e eficaz para o reparo dos m\u00fasculos do assoalho p\u00e9lvico e bem-estar geral.<\/p>","protected":false},"featured_media":2783,"comment_status":"open","ping_status":"closed","template":"","meta":{"_kad_post_transparent":"default","_kad_post_title":"","_kad_post_layout":"default","_kad_post_sidebar_id":"","_kad_post_content_style":"default","_kad_post_vertical_padding":"default","_kad_post_feature":"","_kad_post_feature_position":"","_kad_post_header":false,"_kad_post_footer":false,"_kad_post_classname":"","rank_math_title":"","rank_math_description":"","rank_math_focus_keyword":"Floor Muscle Repair"},"product_brand":[],"product_cat":[183],"product_tag":[],"class_list":{"0":"post-2782","1":"product","2":"type-product","3":"status-publish","4":"has-post-thumbnail","6":"product_cat-magic-chair","8":"first","9":"instock","10":"shipping-taxable","11":"product-type-simple","12":"entry","13":"content-bg","14":"loop-entry"},"_links":{"self":[{"href":"https:\/\/skbty.com\/pt\/wp-json\/wp\/v2\/product\/2782","targetHints":{"allow":["GET"]}}],"collection":[{"href":"https:\/\/skbty.com\/pt\/wp-json\/wp\/v2\/product"}],"about":[{"href":"https:\/\/skbty.com\/pt\/wp-json\/wp\/v2\/types\/product"}],"replies":[{"embeddable":true,"href":"https:\/\/skbty.com\/pt\/wp-json\/wp\/v2\/comments?post=2782"}],"wp:featuredmedia":[{"embeddable":true,"href":"https:\/\/skbty.com\/pt\/wp-json\/wp\/v2\/media\/2783"}],"wp:attachment":[{"href":"https:\/\/skbty.com\/pt\/wp-json\/wp\/v2\/media?parent=2782"}],"wp:term":[{"taxonomy":"product_brand","embeddable":true,"href":"https:\/\/skbty.com\/pt\/wp-json\/wp\/v2\/product_brand?post=2782"},{"taxonomy":"product_cat","embeddable":true,"href":"https:\/\/skbty.com\/pt\/wp-json\/wp\/v2\/product_cat?post=2782"},{"taxonomy":"product_tag","embeddable":true,"href":"https:\/\/skbty.com\/pt\/wp-json\/wp\/v2\/product_tag?post=2782"}],"curies":[{"name":"Wp","href":"https:\/\/api.w.org\/{rel}","templated":true}]}}