{"id":3306,"date":"2025-03-24T18:10:32","date_gmt":"2025-03-24T10:10:32","guid":{"rendered":"https:\/\/skbty.com\/?post_type=product&#038;p=3306"},"modified":"2025-06-20T17:32:04","modified_gmt":"2025-06-20T09:32:04","slug":"instrumento-de-reparo-muscular-do-assoalho-pelvico","status":"publish","type":"product","link":"https:\/\/skbty.com\/pt\/product\/instrumento-de-reparo-muscular-do-assoalho-pelvico\/","title":{"rendered":"Instrumento de Reparo dos M\u00fasculos do Assoalho P\u00e9lvico \u2013 Restaura a For\u00e7a e o Controle da Bexiga"},"content":{"rendered":"<h1>Revitalize seu n\u00facleo: Apresentando o instrumento de reparo dos m\u00fasculos do assoalho p\u00e9lvico<\/h1>\n<p>Voc\u00ea est\u00e1 sentindo os sintomas frustrantes de um assoalho p\u00e9lvico enfraquecido? Talvez seja p\u00f3s-parto, relacionado \u00e0 idade ou apenas um resultado do estresse di\u00e1rio que a vida nos traz. Seja qual for o motivo, um assoalho p\u00e9lvico fraco pode impactar significativamente sua qualidade de vida.<\/p>\n<p>Mas e se houvesse uma maneira n\u00e3o invasiva e eficaz de recuperar o controle e revitalizar seu core?<\/p>\n<p>Apresentando o <strong>Instrumento de reparo muscular do assoalho p\u00e9lvico<\/strong>, um dispositivo revolucion\u00e1rio projetado para fortalecer e restaurar os m\u00fasculos do assoalho p\u00e9lvico com facilidade e conforto. \u00c9 mais do que apenas um tratamento; \u00e9 um investimento no seu bem-estar a longo prazo.<\/p>\n<h2 style=\"text-align: center;\"><iframe loading=\"lazy\" src=\"\/\/www.youtube.com\/embed\/WK_L5E9aUuQ\" width=\"560\" height=\"314\" allowfullscreen=\"allowfullscreen\"><\/iframe><\/h2>\n<h2>Por que a sa\u00fade do assoalho p\u00e9lvico \u00e9 importante?<\/h2>\n<p>Os m\u00fasculos do assoalho p\u00e9lvico s\u00e3o essenciais para dar suporte \u00e0 bexiga, \u00fatero (em mulheres), reto e outros \u00f3rg\u00e3os p\u00e9lvicos. Quando esses m\u00fasculos enfraquecem, isso pode levar a uma s\u00e9rie de problemas, impactando tudo, do controle da bexiga \u00e0 fun\u00e7\u00e3o sexual.<\/p>\n<h3>Problemas comuns associados \u00e0 fraqueza dos m\u00fasculos do assoalho p\u00e9lvico:<\/h3>\n<ul>\n<li>Incontin\u00eancia urin\u00e1ria (vazamento)<\/li>\n<li>Prolapso de \u00f3rg\u00e3os p\u00e9lvicos<\/li>\n<li>Diminui\u00e7\u00e3o da satisfa\u00e7\u00e3o sexual<\/li>\n<li>Dificuldade em controlar os movimentos intestinais<\/li>\n<\/ul>\n<p>N\u00e3o deixe que esses problemas o impe\u00e7am. <strong>Instrumento de reparo muscular do assoalho p\u00e9lvico<\/strong> Foi desenvolvido para quem busca restaurar a for\u00e7a p\u00e9lvica e melhorar o controle da bexiga. Utilizando a tecnologia HIFEM (Eletromagn\u00e9tica Focada de Alta Intensidade), esta solu\u00e7\u00e3o avan\u00e7ada e n\u00e3o invasiva proporciona estimula\u00e7\u00e3o muscular profunda para resultados eficazes. A inovadora abordagem de energia eletromagn\u00e9tica atua na regi\u00e3o do assoalho p\u00e9lvico, promovendo o crescimento muscular e o aprimoramento do controle neuromuscular, tornando-se a escolha ideal para quem busca recuperar a confian\u00e7a e melhorar sua qualidade de vida.<\/p>\n<h2><img loading=\"lazy\" decoding=\"async\" class=\"aligncenter wp-image-3308\" src=\"https:\/\/skbty.com\/wp-content\/uploads\/2025\/03\/MagicChair-main2.jpg\" alt=\"MagicChair para Reparo dos M\u00fasculos do Assoalho P\u00e9lvico\" width=\"575\" height=\"575\" data-wp-pid=\"3308\" srcset=\"https:\/\/skbty.com\/wp-content\/uploads\/2025\/03\/MagicChair-main2.jpg 800w, https:\/\/skbty.com\/wp-content\/uploads\/2025\/03\/MagicChair-main2-300x300.jpg 300w, https:\/\/skbty.com\/wp-content\/uploads\/2025\/03\/MagicChair-main2-150x150.jpg 150w, https:\/\/skbty.com\/wp-content\/uploads\/2025\/03\/MagicChair-main2-768x768.jpg 768w, https:\/\/skbty.com\/wp-content\/uploads\/2025\/03\/MagicChair-main2-12x12.jpg 12w, https:\/\/skbty.com\/wp-content\/uploads\/2025\/03\/MagicChair-main2-600x600.jpg 600w, https:\/\/skbty.com\/wp-content\/uploads\/2025\/03\/MagicChair-main2-100x100.jpg 100w\" sizes=\"auto, (max-width: 575px) 100vw, 575px\" \/><\/h2>\n<h2>A ci\u00eancia por tr\u00e1s da solu\u00e7\u00e3o: tecnologia HIFEM<\/h2>\n<p>Nosso <strong>Instrumento de reparo muscular do assoalho p\u00e9lvico<\/strong> aproveita o poder da tecnologia de Vibra\u00e7\u00e3o Magn\u00e9tica Focada de Alta Intensidade (HIFEM), uma abordagem de ponta para o fortalecimento muscular.<\/p>\n<h3>Como o HIFEM funciona?<\/h3>\n<ol>\n<li><strong>Estimula\u00e7\u00e3o direcionada:<\/strong> O dispositivo emite energia magn\u00e9tica concentrada que estimula diretamente os neur\u00f4nios motores que controlam os m\u00fasculos do assoalho p\u00e9lvico.<\/li>\n<li><strong>Contra\u00e7\u00f5es musculares intensas:<\/strong> Essa estimula\u00e7\u00e3o desencadeia milhares de contra\u00e7\u00f5es supram\u00e1ximas \u2013 contra\u00e7\u00f5es muito mais poderosas do que voc\u00ea conseguiria com exerc\u00edcios tradicionais como os de Kegel.<\/li>\n<li><strong>Fortalecimento e repara\u00e7\u00e3o muscular:<\/strong> Essas contra\u00e7\u00f5es intensas fortalecem as fibras musculares existentes e promovem o crescimento de novas, resultando em um assoalho p\u00e9lvico mais forte e resistente.<\/li>\n<\/ol>\n<p>\u00c9 como fazer mais de 10.000 exerc\u00edcios de Kegel em uma \u00fanica sess\u00e3o de 30 minutos \u2013 sem nenhum esfor\u00e7o de sua parte!<\/p>\n<h2>Principais benef\u00edcios do instrumento de reparo dos m\u00fasculos do assoalho p\u00e9lvico<\/h2>\n<ul>\n<li><strong>N\u00e3o invasivo e indolor:<\/strong> Sem cirurgia, sem desconforto, sem tempo de inatividade. Apenas sente-se confortavelmente e deixe o dispositivo fazer o trabalho.<\/li>\n<li><strong>Eficaz:<\/strong> A tecnologia HIFEM proporciona contra\u00e7\u00f5es musculares mais intensas e eficazes do que os exerc\u00edcios tradicionais.<\/li>\n<li><strong>R\u00e1pido e pr\u00e1tico:<\/strong> Cada sess\u00e3o de tratamento dura apenas 30 minutos, adaptando-se facilmente \u00e0 sua agenda ocupada.<\/li>\n<li><strong>Discreto:<\/strong> N\u00e3o h\u00e1 necessidade de se despir ou trocar de roupa durante o tratamento.<\/li>\n<li><strong>Adequado para homens e mulheres:<\/strong> Melhora a for\u00e7a e a fun\u00e7\u00e3o do assoalho p\u00e9lvico para uma ampla gama de indiv\u00edduos.<\/li>\n<\/ul>\n<h3>Quem pode se beneficiar?<\/h3>\n<ul>\n<li>Mulheres com fraqueza do assoalho p\u00e9lvico p\u00f3s-parto<\/li>\n<li>Indiv\u00edduos que lutam contra a incontin\u00eancia urin\u00e1ria<\/li>\n<li>Aqueles que buscam melhorar a fun\u00e7\u00e3o e a satisfa\u00e7\u00e3o sexual<\/li>\n<li>Homens que buscam melhorar a sa\u00fade da pr\u00f3stata e prevenir a incontin\u00eancia \u00e0 medida que envelhecem<\/li>\n<li>Qualquer pessoa que queira fortalecer o seu core e melhorar a sa\u00fade p\u00e9lvica geral<\/li>\n<\/ul>\n<h2>Um olhar mais atento aos recursos<\/h2>\n<ul>\n<li>Design ergon\u00f4mico da cadeira: projetada para m\u00e1ximo conforto durante as sess\u00f5es de tratamento.<\/li>\n<li>Interface amig\u00e1vel: controles simples e configura\u00e7\u00f5es personaliz\u00e1veis.<\/li>\n<li>Tecnologia HIFEM: proporciona estimula\u00e7\u00e3o muscular direcionada e eficaz.<\/li>\n<li>V\u00e1rios modos de tratamento: oferece v\u00e1rias configura\u00e7\u00f5es para atender diferentes necessidades.<\/li>\n<\/ul>\n<h3>Tecnologia HIFEM \u2013 Um desenvolvimento ultrass\u00f4nico emp\u00edrico<\/h3>\n<h4>Antes<\/h4>\n<ul>\n<li>Com o avan\u00e7o da idade, o parto e a menopausa podem causar incontin\u00eancia ou relacionamentos \u00edntimos ruins.<\/li>\n<\/ul>\n<h4>Depois<\/h4>\n<ul>\n<li>A tecnologia HIFEM pode fortalecer os m\u00fasculos do assoalho p\u00e9lvico e os principais tecidos conjuntivos.<\/li>\n<li>Os m\u00fasculos do assoalho p\u00e9lvico apresentam baixa percep\u00e7\u00e3o e contra\u00e7\u00e3o.<\/li>\n<li>O controle neuromuscular \u00e9 perdido.<\/li>\n<li>Vazamento incontrol\u00e1vel de urina m\u00fasculos do assoalho p\u00e9lvico fracos<\/li>\n<li>HIFEM estimula os m\u00fasculos do assoalho p\u00e9lvico<\/li>\n<li>M\u00fasculos do assoalho p\u00e9lvico relaxados e soltos<\/li>\n<li>M\u00fasculos do assoalho p\u00e9lvico ativados pela tecnologia HIFEM<\/li>\n<\/ul>\n<h2>Por que nos escolher?<\/h2>\n<p>Entendemos que voc\u00ea tem escolhas quando se trata de sua sa\u00fade e bem-estar. Eis o porqu\u00ea de nossa <strong>Instrumento de reparo muscular do assoalho p\u00e9lvico<\/strong> se destaca da concorr\u00eancia:<\/p>\n<ul>\n<li><strong>Tecnologia avan\u00e7ada:<\/strong> Utilizamos a mais recente tecnologia HIFEM para resultados ideais.<\/li>\n<li><strong>Qualidade e Seguran\u00e7a:<\/strong> Nosso dispositivo \u00e9 fabricado de acordo com os mais altos padr\u00f5es e rigorosamente testado quanto \u00e0 seguran\u00e7a e efic\u00e1cia.<\/li>\n<li><strong>Suporte ao cliente:<\/strong> Oferecemos suporte abrangente para ajudar voc\u00ea a aproveitar ao m\u00e1ximo seu tratamento.<\/li>\n<\/ul>\n<h2>Desbloqueie um voc\u00ea mais forte e saud\u00e1vel<\/h2>\n<p>O <strong>Instrumento de reparo muscular do assoalho p\u00e9lvico<\/strong> \u00e9 mais do que apenas um produto; \u00e9 um caminho para voc\u00ea mais forte, mais saud\u00e1vel e mais confiante. Assuma o controle da sua sa\u00fade p\u00e9lvica e sinta a diferen\u00e7a.<\/p>\n<h3>Benef\u00edcios de melhorar os m\u00fasculos do assoalho p\u00e9lvico<\/h3>\n<ul>\n<li>Fortalecimento dos m\u00fasculos do assoalho p\u00e9lvico para aumentar a for\u00e7a de controle da defeca\u00e7\u00e3o.<\/li>\n<li>Prevenir ou melhorar a flacidez da bexiga, do \u00fatero ou do reto causada pelo relaxamento dos m\u00fasculos do assoalho p\u00e9lvico.<\/li>\n<li>Reduzir o vazamento de urina causado por tosse, espirro ou pancada.<\/li>\n<li>Ativa\u00e7\u00e3o e fortalecimento do tecido muscular do assoalho p\u00e9lvico para restaurar a firmeza muscular e aumentar a elasticidade.<\/li>\n<li>Aumentando o fluxo sangu\u00edneo e a fun\u00e7\u00e3o nervosa do assoalho p\u00e9lvico.<\/li>\n<li>Fortalecimento do m\u00fasculo pubococc\u00edgeo (m\u00fasculo PC) para melhorar a sensibilidade e a fun\u00e7\u00e3o sexual.<\/li>\n<\/ul>\n<p><strong>Pronto para recuperar sua vitalidade? Entre em contato conosco hoje mesmo para saber mais sobre o Instrumento!<\/strong><\/p>\n<h2>Perguntas Mais Frequentes (FAQs)<\/h2>\n<p><strong>1\u3001O Instrumento de Reparo dos M\u00fasculos do Assoalho P\u00e9lvico \u00e9 seguro?<\/strong><\/p>\n<p>Sim! A tecnologia HIFEM \u00e9 n\u00e3o invasiva e indolor.<\/p>\n<p><strong>2\u3001Quanto tempo dura uma sess\u00e3o de tratamento?<\/strong><\/p>\n<p>Cada sess\u00e3o dura aproximadamente 30 minutos.<\/p>\n<p><strong>3\u3001Quantos tratamentos s\u00e3o recomendados?<\/strong><\/p>\n<p>Um curso t\u00edpico de tratamento envolve de 6 a 8 sess\u00f5es, geralmente programadas de 2 a 3 vezes por semana.<\/p>\n<p><strong>4\u3001Quando verei resultados?<\/strong><\/p>\n<p>Muitas pessoas experimentam melhorias percept\u00edveis ap\u00f3s apenas 1-2 tratamentos, com progresso cont\u00ednuo nas semanas seguintes.<\/p>\n<p><strong>5\u3001Existe algum tempo de inatividade ap\u00f3s o tratamento?<\/strong><\/p>\n<p>N\u00e3o! Voc\u00ea pode retomar suas atividades normais imediatamente ap\u00f3s cada sess\u00e3o.<\/p>\n<h2><strong>Personalizar O Logotipo<\/strong><\/h2>\n<p>Quer fazer sua marca se destacam? N\u00f3s oferecemos o logotipo personalizado servi\u00e7os para ajudar voc\u00ea a criar uma \u00fanica e personalizada logo que reflete a identidade de sua marca. Nossa equipe de especialistas ir\u00e1 trabalhar em estreita colabora\u00e7\u00e3o com voc\u00ea para criar um logotipo que est\u00e1 em conson\u00e2ncia com os valores da sua marca e de mensagens. Se voc\u00ea estiver olhando para renovar o seu logotipo existente ou criar um novo a partir do zero, n\u00f3s temos que cobertas.\u00a0<a href=\"https:\/\/skbty.com\/pt\/contato\/\">Contacte-nos<\/a>\u00a0hoje para saber mais sobre o nosso logotipo personalizado servi\u00e7os!<\/p>","protected":false},"excerpt":{"rendered":"<p>Fortale\u00e7a seu assoalho p\u00e9lvico sem esfor\u00e7o! O Instrumento de Reparo Muscular do Assoalho P\u00e9lvico utiliza a revolucion\u00e1ria tecnologia HIFEM para milhares de contra\u00e7\u00f5es musculares em apenas 30 minutos. Seguro, eficaz e n\u00e3o invasivo.<\/p>","protected":false},"featured_media":3312,"comment_status":"open","ping_status":"closed","template":"","meta":{"_kad_post_transparent":"default","_kad_post_title":"","_kad_post_layout":"default","_kad_post_sidebar_id":"","_kad_post_content_style":"default","_kad_post_vertical_padding":"default","_kad_post_feature":"","_kad_post_feature_position":"","_kad_post_header":false,"_kad_post_footer":false,"_kad_post_classname":"","rank_math_title":"","rank_math_description":"","rank_math_focus_keyword":""},"product_brand":[],"product_cat":[183],"product_tag":[],"class_list":{"0":"post-3306","1":"product","2":"type-product","3":"status-publish","4":"has-post-thumbnail","6":"product_cat-magic-chair","8":"first","9":"instock","10":"shipping-taxable","11":"product-type-simple","12":"entry","13":"content-bg","14":"loop-entry"},"_links":{"self":[{"href":"https:\/\/skbty.com\/pt\/wp-json\/wp\/v2\/product\/3306","targetHints":{"allow":["GET"]}}],"collection":[{"href":"https:\/\/skbty.com\/pt\/wp-json\/wp\/v2\/product"}],"about":[{"href":"https:\/\/skbty.com\/pt\/wp-json\/wp\/v2\/types\/product"}],"replies":[{"embeddable":true,"href":"https:\/\/skbty.com\/pt\/wp-json\/wp\/v2\/comments?post=3306"}],"wp:featuredmedia":[{"embeddable":true,"href":"https:\/\/skbty.com\/pt\/wp-json\/wp\/v2\/media\/3312"}],"wp:attachment":[{"href":"https:\/\/skbty.com\/pt\/wp-json\/wp\/v2\/media?parent=3306"}],"wp:term":[{"taxonomy":"product_brand","embeddable":true,"href":"https:\/\/skbty.com\/pt\/wp-json\/wp\/v2\/product_brand?post=3306"},{"taxonomy":"product_cat","embeddable":true,"href":"https:\/\/skbty.com\/pt\/wp-json\/wp\/v2\/product_cat?post=3306"},{"taxonomy":"product_tag","embeddable":true,"href":"https:\/\/skbty.com\/pt\/wp-json\/wp\/v2\/product_tag?post=3306"}],"curies":[{"name":"Wp","href":"https:\/\/api.w.org\/{rel}","templated":true}]}}