{"id":3449,"date":"2025-07-09T19:05:19","date_gmt":"2025-07-09T11:05:19","guid":{"rendered":"https:\/\/skbty.com\/?post_type=product&#038;p=3449"},"modified":"2025-12-05T18:49:23","modified_gmt":"2025-12-05T10:49:23","slug":"maquina-acessivel-da-remocao-do-cabelo-do-laser-do-diodo-808nm-da-cabeca-tres","status":"publish","type":"product","link":"https:\/\/skbty.com\/pt\/product\/maquina-acessivel-da-remocao-do-cabelo-do-laser-do-diodo-808nm-da-cabeca-tres\/","title":{"rendered":"M\u00e1quina de depila\u00e7\u00e3o a laser acess\u00edvel de diodo de 808 nm de tr\u00eas cabe\u00e7as - dispositivo de depila\u00e7\u00e3o multifuncional"},"content":{"rendered":"<h1><strong>Revolucionar Sua Cl\u00ednica: Introdu\u00e7\u00e3o a 156WF-2T Tr\u00eas-Chefe do Diodo 808nm Acess\u00edvel M\u00e1quina de depila\u00e7\u00e3o a Laser<\/strong><\/h1>\n<p>Na constante evolu\u00e7\u00e3o do mundo da est\u00e9tica, permanecer \u00e0 frente da curva n\u00e3o \u00e9 apenas uma vantagem, \u00e9 uma necessidade. Seus clientes demanda efetiva, segura e confort\u00e1vel tratamentos que entregar real, resultados duradouros. O ciclo intermin\u00e1vel de barbear, depila\u00e7\u00e3o, e arrancar \u00e9 um fardo cansativo desejam galp\u00e3o para sempre. Assim, a pergunta \u00e9, voc\u00ea est\u00e1 equipado para oferecer-lhes a melhor solu\u00e7\u00e3o? Voc\u00ea est\u00e1 pronto para elevar a sua pr\u00e1tica, aumentar sua receita, e construir uma reputa\u00e7\u00e3o de excel\u00eancia?<\/p>\n<p>Introduza o <strong>156WF-2T Tr\u00eas-Chefe do Diodo 808nm Acess\u00edvel M\u00e1quina de depila\u00e7\u00e3o a Laser<\/strong>. Este n\u00e3o \u00e9 apenas mais uma pe\u00e7a do equipamento; ele \u00e9 um abrangente parceiro de neg\u00f3cios projetado para oferecer um desempenho inigual\u00e1vel, a versatilidade, e a satisfa\u00e7\u00e3o do cliente. A combina\u00e7\u00e3o de tecnologia de ponta com user-centric design, o 156WF-2T est\u00e1 prestes a se tornar a pedra angular de seu servi\u00e7os de est\u00e9tica.<\/p>\n<h2><img loading=\"lazy\" decoding=\"async\" class=\"aligncenter wp-image-3451\" src=\"https:\/\/skbty.com\/wp-content\/uploads\/2025\/07\/affordable-laser-hair-removal-1024x1024.jpg\" alt=\"acess\u00edvel m\u00e1quina de depila\u00e7\u00e3o a laser Multi-funcional da remo\u00e7\u00e3o do cabelo do dispositivo\" width=\"650\" height=\"650\" srcset=\"https:\/\/skbty.com\/wp-content\/uploads\/2025\/07\/affordable-laser-hair-removal-1024x1024.jpg 1024w, https:\/\/skbty.com\/wp-content\/uploads\/2025\/07\/affordable-laser-hair-removal-300x300.jpg 300w, https:\/\/skbty.com\/wp-content\/uploads\/2025\/07\/affordable-laser-hair-removal-150x150.jpg 150w, https:\/\/skbty.com\/wp-content\/uploads\/2025\/07\/affordable-laser-hair-removal-768x768.jpg 768w, https:\/\/skbty.com\/wp-content\/uploads\/2025\/07\/affordable-laser-hair-removal-12x12.jpg 12w, https:\/\/skbty.com\/wp-content\/uploads\/2025\/07\/affordable-laser-hair-removal-600x600.jpg 600w, https:\/\/skbty.com\/wp-content\/uploads\/2025\/07\/affordable-laser-hair-removal-100x100.jpg 100w, https:\/\/skbty.com\/wp-content\/uploads\/2025\/07\/affordable-laser-hair-removal.jpg 1200w\" sizes=\"auto, (max-width: 650px) 100vw, 650px\" \/><\/h2>\n<h2><strong>O Futuro da Est\u00e9tica, a Tecnologia est\u00e1 Aqui<\/strong><\/h2>\n<p>Por anos, a ind\u00fastria da beleza tem perseguido o sonho de verdadeiramente permanente, indolor de depila\u00e7\u00e3o. Clientes s\u00e3o mais educados do que nunca, e eles est\u00e3o \u00e0 procura de solu\u00e7\u00f5es avan\u00e7adas que v\u00e3o al\u00e9m do tempor\u00e1rio e muitas vezes doloroso m\u00e9todos do passado. Eles querem um fim definitivo de p\u00ealos indesejados em seu rosto, pernas, costas, da linha do biquini, e afins.<\/p>\n<h3><strong>Al\u00e9m de Solu\u00e7\u00f5es Tempor\u00e1rias: A Busca Permanente da Remo\u00e7\u00e3o do Cabelo<\/strong><\/h3>\n<p>O <strong>Acess\u00edvel M\u00e1quina De Depila\u00e7\u00e3o A Laser<\/strong> respostas esta chamada diretamente. Ele aproveita o poder de uma das tecnologias mais eficazes no mercado para oferecer um servi\u00e7o que n\u00e3o \u00e9 s\u00f3 remover o cabelo\u2014ele sistematicamente reduz a sua capacidade de voltar a crescer. Ao fornecer esta alta demanda de servi\u00e7o, voc\u00ea n\u00e3o \u00e9 apenas vender uma \u00fanica sess\u00e3o; voc\u00ea est\u00e1 oferecendo um caminho de mudan\u00e7a de vida para lisa, sem preocupa\u00e7\u00f5es com a pele. Este \u00e9 o tipo de transformador resultado que cria clientes fi\u00e9is que se tornam seus mais ac\u00e9rrimos defensores.<\/p>\n<h2><strong>O desbloqueio da Ci\u00eancia: Como Laser do Diodo 808nm Tecnologia Funciona<\/strong><\/h2>\n<p>O que faz o <strong>Acess\u00edvel M\u00e1quina De Depila\u00e7\u00e3o A Laser<\/strong> t\u00e3o incrivelmente eficaz? A m\u00e1gica est\u00e1 em sua tecnologia de n\u00facleo: o laser do diodo 808nm. Para apreciar verdadeiramente o seu poder, precisamos entender o elegante ci\u00eancia por tr\u00e1s dele.<\/p>\n<h3><strong>O Princ\u00edpio da Seletiva Photothermodynamics Explicado<\/strong><\/h3>\n<p>No seu cora\u00e7\u00e3o, a m\u00e1quina funciona com o princ\u00edpio da seletiva photothermodynamics. Parece complexo, mas o conceito \u00e9 muito simples. A m\u00e1quina emite um altamente feixe concentrado de luz em um comprimento de onda espec\u00edfico (808nm). Esta luz passa sem perigo atrav\u00e9s da camada externa da pele (a epiderme) e \u00e9 seletivamente absorvida pela melanina (pigmento) concentraram-se no fol\u00edculo piloso e a sua raiz.<\/p>\n<p>Uma vez absorvida, a energia da luz \u00e9 convertida em energia t\u00e9rmica, ou calor. Este calor controlado com precis\u00e3o as metas e danifica o fol\u00edculo de cabelo do regenerativa estruturas, efetivamente, desativando sua capacidade de produzir novos cabelos. Pense nisso como um smart m\u00edssil que apenas procura o fol\u00edculo do p\u00ealo, deixando a pele ao redor do tecido fresco, confort\u00e1vel e completamente ileso.<\/p>\n<h3><strong>Por 808nm \u00e9 o Padr\u00e3o Ouro de comprimento de Onda<\/strong><\/h3>\n<p>Diferentes comprimentos de onda do laser de destino melanina em graus variados. O comprimento de onda 808nm representa o &#034;padr\u00e3o ouro&#034; para a remo\u00e7\u00e3o do cabelo, pois atinge o equil\u00edbrio perfeito. Ele penetra a uma profundidade suficiente para chegar at\u00e9 o mais teimoso dos fol\u00edculos pilosos, enquanto tendo uma moderada melanina taxa de absor\u00e7\u00e3o. Isto torna-se excepcionalmente eficaz para uma ampla gama de tipos de pele (muito justo para os tons mais escuros) e cores de cabelo, uma versatilidade que \u00e9 crucial para qualquer moderna cl\u00ednica com objetivo de servir uma clientela diversa.<\/p>\n<h2><strong>Uma Tripla Amea\u00e7a de P\u00ealos Indesej\u00e1veis: A Versatilidade de Tr\u00eas Cabe\u00e7as Intercambi\u00e1veis<\/strong><\/h2>\n<p>Uma das limita\u00e7\u00f5es mais importantes dos mais antigos sistemas de laser foi o seu one-size-fits-all abordagem. O corpo humano, no entanto, \u00e9 uma paisagem de curvas, \u00e2ngulos e diferentes \u00e1reas de superf\u00edcie. O <strong>Acess\u00edvel M\u00e1quina De Depila\u00e7\u00e3o A Laser<\/strong> \u2013 <strong>Multi-funcional da remo\u00e7\u00e3o do cabelo do dispositivo<\/strong> quebra essa limita\u00e7\u00e3o com o seu revolucion\u00e1rio tr\u00eas-chefe do sistema, dando-lhe a ferramenta perfeita para qualquer trabalho.<\/p>\n<h4><strong>A Precis\u00e3o De Elefante No Nariz&#034; Cabe\u00e7a: Para Intrincados &amp; \u00c1reas Delicadas<\/strong><\/h4>\n<p>Voc\u00ea j\u00e1 lutou para efetivamente tratar o l\u00e1bio superior, o espa\u00e7o entre as sobrancelhas, as juntas, ou os contornos das orelhas? Com design exclusivo &#034;Elefante no Nariz&#034; a cabe\u00e7a \u00e9 a sua solu\u00e7\u00e3o. Seu pequeno, alvo de ponta permite uma precis\u00e3o sem precedentes, garantindo que voc\u00ea pode, segura e eficaz para tratar os dif\u00edceis de alcan\u00e7ar \u00e1reas que outras m\u00e1quinas simplesmente n\u00e3o pode lidar.<\/p>\n<h4><strong>O Carro-chefe da Cabe\u00e7a (15x15mm): Perfeito para M\u00e9dias Zonas<\/strong><\/h4>\n<p>Este \u00e9 o seu go-to aplicador para o tratamento mais comum \u00e1reas. O 15x15mm tamanho de ponto \u00e9 perfeitamente equilibrada para a efici\u00eancia e controle, tornando-o ideal para as axilas, linha do biqu\u00edni, e bra\u00e7os. Ele proporciona uma excelente cobertura ao mesmo tempo, permitir meticuloso aplica\u00e7\u00e3o, garantindo que nenhum cabelo \u00e9 deixado para tr\u00e1s.<\/p>\n<h4><strong>O Alto-Efici\u00eancia de Cabe\u00e7a (21x19mm): Cobrir Grandes \u00c1reas em Tempo Recorde<\/strong><\/h4>\n<p>Para grandes \u00e1reas do corpo, como as costas, peito, e cheio de pernas, tempo \u00e9 dinheiro. O grande 21x19mm tamanho do ponto, a cabe\u00e7a \u00e9 de uma efici\u00eancia de pot\u00eancia. Ele permite que voc\u00ea para cobrir significativamente mais \u00e1rea de superf\u00edcie com cada pulso, reduzindo drasticamente os tempos de tratamento. Isso significa que voc\u00ea pode caber mais clientes em sua programa\u00e7\u00e3o e seus clientes podem desfrutar de mais r\u00e1pido, mais conveniente sess\u00f5es\u2014uma vit\u00f3ria para todos.<\/p>\n<h2><strong>A Redefini\u00e7\u00e3o Do Cliente O Conforto: O Avan\u00e7ado De Tripla Ac\u00e7\u00e3o Do Sistema De Arrefecimento<\/strong><\/h2>\n<p>Talvez a maior barreira para os clientes, considerando remo\u00e7\u00e3o do cabelo do laser \u00e9 o medo da dor. O 156WF-2T endere\u00e7os esta de frente com um l\u00edder da ind\u00fastria de tripla ac\u00e7\u00e3o do sistema de arrefecimento. Este n\u00e3o \u00e9 apenas um \u00fanico m\u00e9todo de resfriamento; \u00e9 uma combina\u00e7\u00e3o sin\u00e9rgica de <strong>Refrigera\u00e7\u00e3o do semicondutor + refrigerar de Ar + advanced TEC (Termoel\u00e9trico de Refrigera\u00e7\u00e3o refrigera\u00e7\u00e3o.<\/strong><\/p>\n<p>Este poderoso sistema funciona em tempo real para manter a ponta do aparelho, em um gelado 5\u00b0 Celsius. Como o laser proporciona energia t\u00e9rmica em profunda do fol\u00edculo, a superf\u00edcie da pele \u00e9 mantida tranq\u00fcilamente o fresco e confort\u00e1vel. Este &#034;ponto de congelamento r\u00e1pido&#034; tecnologia de anestesia a \u00e1rea, transformando o que era para ser uma dolorosa, tirando a sensa\u00e7\u00e3o em uma suave, praticamente indolor experi\u00eancia. Este \u00fanico recurso que ir\u00e1 transformar os seus clientes &#034; percep\u00e7\u00e3o da remo\u00e7\u00e3o do cabelo do laser e definir a sua cl\u00ednica para al\u00e9m da concorr\u00eancia.<\/p>\n<h2><strong>O poder, Precis\u00e3o e Desempenho: Um Mergulho Profundo no 156WF-2T multi-funcional da remo\u00e7\u00e3o do cabelo do dispositivo Especifica\u00e7\u00f5es T\u00e9cnicas<\/strong><\/h2>\n<p>Para os mais exigentes profissionais, os n\u00fameros s\u00e3o importantes. O 156WF-2T<strong>\u00a0<\/strong>\u00e9 constru\u00eddo com componentes que prometem energia, confiabilidade, e um incr\u00edvel retorno sobre o investimento.<\/p>\n<ul>\n<li><strong>Comprimento de onda:<\/strong>\u00a0Laser do Diodo 808nm<\/li>\n<li><strong>Lidar Com Chefes:<\/strong>\u00a015x15mm, 21x19mm, e o especializado &#034;Elefante no Nariz&#034; de Cabe\u00e7a<\/li>\n<li><strong>Tiro Contagem:<\/strong>\u00a0Um escalonamento\u00a0<strong>20.000.000 opera\u00e7\u00f5es<\/strong>, garantindo muitos anos de servi\u00e7o confi\u00e1vel e de baixo custo-por-tratamento.<\/li>\n<li><strong>Pot\u00eancia Total:<\/strong>\u00a0Um robusto\u00a0<strong>2000W<\/strong>\u00a0sistema coerente e eficaz de fornecimento de energia.<\/li>\n<li><strong>Energia Fluence:<\/strong>\u00a0Um altamente ajust\u00e1vel de intervalo de\u00a0<strong>1 a 120 J\/cm2<\/strong>, permitindo-lhe personalizar os tratamentos para diferentes tipos de pele, cabelo espessuras, e as \u00e1reas do corpo.<\/li>\n<li><strong>Largura De Pulso:<\/strong>\u00a0Uma vasta gama de\u00a0<strong>5ms-400ms<\/strong>\u00a0para o m\u00e1ximo controle sobre o efeito t\u00e9rmico.<\/li>\n<li><strong>Frequ\u00eancia:<\/strong>\u00a0<strong>1-10Hz<\/strong>, permitindo um r\u00e1pido delta &#034;em movimento&#034; t\u00e9cnicas para agilizar as sess\u00f5es.<\/li>\n<li><strong>Apresentar:<\/strong>\u00a0Um grande cristalina\u00a0<strong>De 15,6-polegadas touchscreen<\/strong>\u00a0para f\u00e1cil opera\u00e7\u00e3o.<\/li>\n<li><strong>Sistema De Refrigera\u00e7\u00e3o:<\/strong>\u00a0Semicondutor + Ar + TEC refrigera\u00e7\u00e3o superior ao cliente o conforto.<\/li>\n<li><strong>Prote\u00e7\u00f5es Da Seguran\u00e7a:<\/strong>\u00a0Sistemas integrados para a temperatura, voltagem e prote\u00e7\u00e3o do escassez de \u00e1gua.<\/li>\n<li><strong>Tens\u00e3o:<\/strong>\u00a0Compatibilidade Universal com\u00a0<strong>110V-220V<\/strong>.<\/li>\n<li><strong>Tanque De \u00c1gua:<\/strong>\u00a0Grande\u00a0<strong>5L de capacidade<\/strong>\u00a0para um funcionamento prolongado, sem superaquecimento.<\/li>\n<\/ul>\n<h2><strong>Uma Interface Projetada para Voc\u00ea: Intuitiva de Controle na ponta dos Seus Dedos<\/strong><\/h2>\n<p>A m\u00e1quina mais poderosa \u00e9 in\u00fatil se \u00e9 muito complicado de se operar. O 156WF-2T recursos de uma forma brilhante, simples e intuitiva interface de usu\u00e1rio exibido na sua enorme de 15,6-polegadas tela. O fluxo de trabalho \u00e9 l\u00f3gica e simplificada:<\/p>\n<ol>\n<li><strong>Selecione G\u00e9nero:<\/strong>\u00a0Escolha entre o masculino e o feminino presets.<\/li>\n<li><strong>Selecione O Tipo De Pele:<\/strong>\u00a0Escolha o apropriado tom de pele, garantindo a seguran\u00e7a e a efetiva par\u00e2metros s\u00e3o sugeridos.<\/li>\n<li><strong>Selecione A Parte Do Corpo:<\/strong>\u00a0Toque a \u00e1rea a ser tratada (Rosto, Bra\u00e7os, Pernas, Virilhas, etc.).<\/li>\n<\/ol>\n<p>Em seguida, o sistema apresenta uma clara tratamento tela onde voc\u00ea pode ajustar a energia (fluence), largura de pulso e frequ\u00eancia. Grandes, claras leituras de temperatura e n\u00edvel de \u00e1gua mant\u00ea-lo informado em todos os momentos. Com o &#034;Pronto&#034; e &#034;em Espera&#034; bot\u00f5es, voc\u00ea est\u00e1 sempre no controle. Este user-friendly design minimiza a curva de aprendizagem, capacitando seus t\u00e9cnicos para realizar confiante, tratamentos eficazes, desde o primeiro dia.<\/p>\n<h2><strong>A seguran\u00e7a como uma pedra Angular: Built-in de Prote\u00e7\u00e3o e atendimento Protocolos<\/strong><\/h2>\n<p>Cliente a seguran\u00e7a n\u00e3o \u00e9 negoci\u00e1vel. O 156WF-2T <strong>multi-funcional da remo\u00e7\u00e3o do cabelo do dispositivo <\/strong>\u00e9 projetado com v\u00e1rias camadas de prote\u00e7\u00e3o, e que fornecem diretrizes claras para a sua utiliza\u00e7\u00e3o profissional para garantir os melhores resultados.<\/p>\n<h3><strong>Pr\u00e9-Tratamento e Contra-indica\u00e7\u00f5es<\/strong><\/h3>\n<p>Este \u00e9 um profissional da classe m\u00e9dica, est\u00e9tica e de dispositivo n\u00e3o deve ser utilizado em pessoas que estejam gr\u00e1vidas ou que t\u00eam press\u00e3o arterial alta, doen\u00e7a card\u00edaca, diabetes, ou uma alergia conhecida \u00e0 luz. Tratamento em \u00e1reas com feridas abertas tamb\u00e9m \u00e9 proibido. Um completo cliente de consulta \u00e9 essencial antes de iniciar qualquer curso de tratamento.<\/p>\n<h3><strong>Essencial Cuidados P\u00f3s-Tratamento<\/strong><\/h3>\n<p>Adequado acompanhamento \u00e9 fundamental para alcan\u00e7ar resultados perfeitos e prevenir a irrita\u00e7\u00e3o. Aconselhar seus clientes:<\/p>\n<ul>\n<li>Evitar sabonetes, gel de banho, e a maquiagem na \u00e1rea tratada durante pelo menos 6 horas.<\/li>\n<li>Limpar cuidadosamente com \u00e1gua apenas no dia do tratamento.<\/li>\n<li>Aplicar somente suave, calmante f\u00f3rmulas de cuidados da pele para os primeiros dias.<\/li>\n<li>Use roupa folgada para evitar o atrito.<\/li>\n<li>Evite a exposi\u00e7\u00e3o ao sol, saunas e piscina durante v\u00e1rios dias p\u00f3s-tratamento para proteger a pele sensibilizada.<\/li>\n<\/ul>\n<h2><strong>Conclus\u00e3o: O Investimento Inteligente para uma Pr\u00f3spera Est\u00e9tica de Neg\u00f3cios<\/strong><\/h2>\n<p>Escolher o 156WF-2T Tr\u00eas-Cabe\u00e7a do Laser do Diodo 808nm \u00e9 mais do que um equipamento de compra; \u00e9 um investimento estrat\u00e9gico para o futuro do seu neg\u00f3cio. Voc\u00ea est\u00e1 investindo em <strong>versatilidade<\/strong> com tr\u00eas especializada cabe\u00e7as para tratar de qualquer zona do corpo. Voc\u00ea est\u00e1 investindo em <strong>satisfa\u00e7\u00e3o do cliente<\/strong> com praticamente indolor e muito eficaz de tratamento. Voc\u00ea est\u00e1 investindo em <strong>efici\u00eancia<\/strong> com um sistema poderoso e grandes tamanhos de ponto que reduzem os tempos de tratamento. E voc\u00ea est\u00e1 investindo em uma incr\u00edvel <strong>retorno do investimento<\/strong> gra\u00e7as aos seus mais de 20 milh\u00f5es de tiro-de vida e de constru\u00e7\u00e3o robusta.<\/p>\n<p>Parar de oferecer corre\u00e7\u00f5es tempor\u00e1rias e come\u00e7ar a fornecer solu\u00e7\u00f5es permanentes. Elevar os seus servi\u00e7os, de encantar os seus clientes e ver o seu neg\u00f3cio crescer com a 156WF-2T.<\/p>\n<h2><strong>Perguntas Mais Frequentes (FAQs)<\/strong><\/h2>\n<p><strong>1. Quem \u00e9 o cliente ideal para o laser do diodo 808nm o tratamento?<\/strong> O laser do diodo 808nm, \u00e9 conhecido por sua versatilidade. Ele \u00e9 seguro e eficaz para uma ampla gama de tipos de pele, a partir de tipos da pele de Fitzpatrick I (muito justo) para o VI (muito escuro), apesar de uma consulta e de teste de corre\u00e7\u00e3o s\u00e3o sempre recomendados. Ele funciona melhor em clientes com cabelo mais escuro (castanho, preto) como alvos de laser, a melanina no fol\u00edculo de cabelo.<\/p>\n<p><strong>2. Como \u00e9 que essa m\u00e1quina \u00e9 tecnologia diferem de Luz Pulsada Intensa (IPL)?<\/strong> Enquanto ambos utilizam a luz para a remo\u00e7\u00e3o do cabelo, um laser de diodo \u00e9 muito mais avan\u00e7ada. Um laser utiliza um \u00fanico e concentrado, e preciso de comprimento de onda (808nm) segmentar especificamente o fol\u00edculo de cabelo. IPL utiliza um amplo espectro de espalhamento de luz, que \u00e9 menos espec\u00edfica, menos eficaz no fol\u00edculo piloso, e pode levar a um maior risco de afetar a pele circundante, especialmente em tons de pele mais escura. O 156WF-2T oferece um mais potente, preciso e seguro o tratamento.<\/p>\n<p><strong>3. Qual a expectativa de vida \u00fatil e manuten\u00e7\u00e3o da m\u00e1quina?<\/strong> O aparelho est\u00e1 classificado para uma incr\u00edvel 20 milh\u00f5es de tiros, oferecendo longevidade excepcional para uma cl\u00ednica. A manuten\u00e7\u00e3o de rotina \u00e9 simples e envolve principalmente a verificar regularmente e mudando a \u00e1gua destilada no 5L tanque de resfriamento e manuten\u00e7\u00e3o da m\u00e1quina de ventila\u00e7\u00e3o limpa para garantir o melhor fluxo de ar para o sistema de arrefecimento.<\/p>\n<p><strong>4. Quantas sess\u00f5es de tratamento vai um cliente normalmente precisa?<\/strong> O cabelo cresce em ciclos diferentes (an\u00e1gena, cat\u00e1gena, tel\u00f3gena), e remo\u00e7\u00e3o do cabelo do laser s\u00f3 \u00e9 eficaz em p\u00ealos na fase ativa de crescimento (an\u00e1gena). Portanto, v\u00e1rias sess\u00f5es s\u00e3o necess\u00e1rias para capturar todos os cabelos nesta fase. Normalmente, os clientes alcan\u00e7ar os melhores resultados com um curso de 6 a 8 sess\u00f5es, espa\u00e7adas de 4 a 8 semanas, dependendo da \u00e1rea de tratamento.<\/p>\n<p><strong>5. O qu\u00e3o importante \u00e9 o triplo do sistema de refrigera\u00e7\u00e3o para a experi\u00eancia do cliente?<\/strong> \u00c9 extremamente importante e o principal ponto de venda. O avan\u00e7ado sistema de refrigera\u00e7\u00e3o que mant\u00e9m a ponta do aplicador a 5\u00b0C \u00e9 a chave para o fornecimento de um praticamente indolor do tratamento. Este alto n\u00edvel de conforto incentiva clientes para concluir seu completo curso de tratamento e fale sobre a sua experi\u00eancia positiva para os amigos e a fam\u00edlia, tornando-o um dos mais valiosos recursos para a reten\u00e7\u00e3o dos clientes e refer\u00eancias.<\/p>\n<h2><strong>Personalizar O Logotipo<\/strong><\/h2>\n<p>Quer fazer sua marca se destacam? N\u00f3s oferecemos o logotipo personalizado servi\u00e7os para ajudar voc\u00ea a criar uma \u00fanica e personalizada logo que reflete a identidade de sua marca. Nossa equipe de especialistas ir\u00e1 trabalhar em estreita colabora\u00e7\u00e3o com voc\u00ea para criar um logotipo que est\u00e1 em conson\u00e2ncia com os valores da sua marca e de mensagens. Se voc\u00ea estiver olhando para renovar o seu logotipo existente ou criar um novo a partir do zero, n\u00f3s temos que cobertas.\u00a0<a href=\"https:\/\/skbty.com\/pt\/contato\/\">Contacte-nos<\/a>\u00a0hoje para saber mais sobre o nosso logotipo personalizado servi\u00e7os!<\/p>","protected":false},"excerpt":{"rendered":"<p>Capacitar a sua pr\u00e1tica com os <strong>156WF-2T Tr\u00eas-Cabe\u00e7a do Laser do Diodo 808nm<\/strong>o tudo-em-uma solu\u00e7\u00e3o para profissionais de remo\u00e7\u00e3o de p\u00ealos. Esta pot\u00eancia da m\u00e1quina combina um robusto 2000W sistema com o padr\u00e3o-ouro comprimento de onda 808nm para resultados comprovados clinicamente. Alcan\u00e7ar a versatilidade incompar\u00e1vel, com tr\u00eas tratamentos especializados cabe\u00e7as desenhado para tudo, desde grandes \u00e1reas do corpo para a intrincada contornos faciais. Sua revolucion\u00e1ria triple-action do sistema de refrigera\u00e7\u00e3o garante que cada sess\u00e3o \u00e9 praticamente indolor, garantindo superior ao cliente conforto e satisfa\u00e7\u00e3o. Com uma interface intuitiva de 15,6-polegadas touchscreen e uma de 20 milh\u00f5es de tiro de dura\u00e7\u00e3o, o 156WF-2T \u00e9 o investimento inteligente para elevar seus servi\u00e7os, reduzir os tempos de tratamento, e impulsionar o crescimento dos neg\u00f3cios.<\/p>","protected":false},"featured_media":3450,"comment_status":"open","ping_status":"closed","template":"","meta":{"_kad_post_transparent":"default","_kad_post_title":"","_kad_post_layout":"default","_kad_post_sidebar_id":"","_kad_post_content_style":"default","_kad_post_vertical_padding":"default","_kad_post_feature":"","_kad_post_feature_position":"","_kad_post_header":false,"_kad_post_footer":false,"_kad_post_classname":"","rank_math_title":"","rank_math_description":"","rank_math_focus_keyword":""},"product_brand":[],"product_cat":[28],"product_tag":[],"class_list":{"0":"post-3449","1":"product","2":"type-product","3":"status-publish","4":"has-post-thumbnail","6":"product_cat-hair-removal","8":"first","9":"instock","10":"sale","11":"shipping-taxable","12":"purchasable","13":"product-type-simple","14":"entry","15":"content-bg","16":"loop-entry"},"_links":{"self":[{"href":"https:\/\/skbty.com\/pt\/wp-json\/wp\/v2\/product\/3449","targetHints":{"allow":["GET"]}}],"collection":[{"href":"https:\/\/skbty.com\/pt\/wp-json\/wp\/v2\/product"}],"about":[{"href":"https:\/\/skbty.com\/pt\/wp-json\/wp\/v2\/types\/product"}],"replies":[{"embeddable":true,"href":"https:\/\/skbty.com\/pt\/wp-json\/wp\/v2\/comments?post=3449"}],"wp:featuredmedia":[{"embeddable":true,"href":"https:\/\/skbty.com\/pt\/wp-json\/wp\/v2\/media\/3450"}],"wp:attachment":[{"href":"https:\/\/skbty.com\/pt\/wp-json\/wp\/v2\/media?parent=3449"}],"wp:term":[{"taxonomy":"product_brand","embeddable":true,"href":"https:\/\/skbty.com\/pt\/wp-json\/wp\/v2\/product_brand?post=3449"},{"taxonomy":"product_cat","embeddable":true,"href":"https:\/\/skbty.com\/pt\/wp-json\/wp\/v2\/product_cat?post=3449"},{"taxonomy":"product_tag","embeddable":true,"href":"https:\/\/skbty.com\/pt\/wp-json\/wp\/v2\/product_tag?post=3449"}],"curies":[{"name":"Wp","href":"https:\/\/api.w.org\/{rel}","templated":true}]}}